{"id":1207,"date":"2019-01-04T15:09:26","date_gmt":"2019-01-04T14:09:26","guid":{"rendered":"http:\/\/unfallanalyse.hamburg\/?page_id=1207"},"modified":"2024-05-28T16:17:36","modified_gmt":"2024-05-28T14:17:36","slug":"gruender","status":"publish","type":"page","link":"https:\/\/unfallanalyse.hamburg\/?page_id=1207","title":{"rendered":"Gr\u00fcnder"},"content":{"rendered":"<div class=\"wp-block-image is-style-default\">\n<figure class=\"alignleft is-resized\"><a href=\"https:\/\/unfallanalyse.hamburg\/wp-content\/uploads\/2024\/05\/MW-scaled.jpg\"><img loading=\"lazy\" decoding=\"async\" src=\"https:\/\/unfallanalyse.hamburg\/wp-content\/uploads\/2024\/05\/MW-edited-scaled.jpg\" alt=\"\" class=\"wp-image-1562\" width=\"200\" height=\"319\" srcset=\"https:\/\/unfallanalyse.hamburg\/wp-content\/uploads\/2024\/05\/MW-edited-scaled.jpg 1600w, https:\/\/unfallanalyse.hamburg\/wp-content\/uploads\/2024\/05\/MW-edited-640x1024.jpg 640w, https:\/\/unfallanalyse.hamburg\/wp-content\/uploads\/2024\/05\/MW-edited-768x1229.jpg 768w, https:\/\/unfallanalyse.hamburg\/wp-content\/uploads\/2024\/05\/MW-edited-960x1536.jpg 960w, https:\/\/unfallanalyse.hamburg\/wp-content\/uploads\/2024\/05\/MW-edited-1280x2048.jpg 1280w\" sizes=\"auto, (max-width: 200px) 100vw, 200px\" \/><\/a><\/figure><\/div>\n\n\n<p class=\"has-text-align-left\"><b>Dipl.-Ing. Michael Weber<\/b><br><b>von der Handelskammer Hamburg \u00f6ffentlich bestellter u. vereidigter Sachverst\u00e4ndiger f\u00fcr Stra\u00dfenverkehrsunf\u00e4lle<\/b><\/p>\n\n\n\n<p>Michael Weber ist Diplomingenieur des Fachbereichs Maschinenbau. Seit 1984 arbeitet er in dem Bereich der forensischen Unfallrekonstruktion und -forschung und hat seitdem mehr als 13.000 Gutachten erstellt. Er ist schon seit 1989 f\u00fcr das Fachgebiet der Unfallanalytik \u00f6ffentlich bestellt und vereidigt. Im Jahr 2000 gr\u00fcndete er als Einzelunternehmer das private Institut f\u00fcr Unfallanalysen in Hamburg. Davor hat er zwei Jahre in Aachen und 14 Jahre im Ingenieurb\u00fcro Schimmelpfennig + Becke in M\u00fcnster gearbeitet.<\/p>\n","protected":false},"excerpt":{"rendered":"<p>Dipl.-Ing. Michael Webervon der Handelskammer Hamburg \u00f6ffentlich bestellter u. vereidigter Sachverst\u00e4ndiger f\u00fcr Stra\u00dfenverkehrsunf\u00e4lle Michael Weber ist Diplomingenieur des Fachbereichs Maschinenbau. Seit 1984 arbeitet er in dem Bereich der forensischen Unfallrekonstruktion und -forschung und hat seitdem mehr als 13.000 Gutachten erstellt. Er ist schon seit 1989 f\u00fcr das Fachgebiet der Unfallanalytik \u00f6ffentlich bestellt und vereidigt. Im &hellip; <\/p>\n<p><a class=\"more-link block-button\" href=\"https:\/\/unfallanalyse.hamburg\/?page_id=1207\">Weiter lesen &raquo;<\/a><\/p>\n","protected":false},"author":2,"featured_media":0,"parent":26,"menu_order":0,"comment_status":"closed","ping_status":"closed","template":"","meta":{"footnotes":""},"class_list":["post-1207","page","type-page","status-publish","hentry","nodate"],"_links":{"self":[{"href":"https:\/\/unfallanalyse.hamburg\/index.php?rest_route=\/wp\/v2\/pages\/1207","targetHints":{"allow":["GET"]}}],"collection":[{"href":"https:\/\/unfallanalyse.hamburg\/index.php?rest_route=\/wp\/v2\/pages"}],"about":[{"href":"https:\/\/unfallanalyse.hamburg\/index.php?rest_route=\/wp\/v2\/types\/page"}],"author":[{"embeddable":true,"href":"https:\/\/unfallanalyse.hamburg\/index.php?rest_route=\/wp\/v2\/users\/2"}],"replies":[{"embeddable":true,"href":"https:\/\/unfallanalyse.hamburg\/index.php?rest_route=%2Fwp%2Fv2%2Fcomments&post=1207"}],"version-history":[{"count":3,"href":"https:\/\/unfallanalyse.hamburg\/index.php?rest_route=\/wp\/v2\/pages\/1207\/revisions"}],"predecessor-version":[{"id":1563,"href":"https:\/\/unfallanalyse.hamburg\/index.php?rest_route=\/wp\/v2\/pages\/1207\/revisions\/1563"}],"up":[{"embeddable":true,"href":"https:\/\/unfallanalyse.hamburg\/index.php?rest_route=\/wp\/v2\/pages\/26"}],"wp:attachment":[{"href":"https:\/\/unfallanalyse.hamburg\/index.php?rest_route=%2Fwp%2Fv2%2Fmedia&parent=1207"}],"curies":[{"name":"wp","href":"https:\/\/api.w.org\/{rel}","templated":true}]}}