{"id":191,"date":"2016-06-18T10:27:16","date_gmt":"2016-06-18T08:27:16","guid":{"rendered":"http:\/\/uf.fsar.de\/?page_id=191"},"modified":"2016-06-19T23:42:46","modified_gmt":"2016-06-19T21:42:46","slug":"anhaltswerte","status":"publish","type":"page","link":"https:\/\/unfallanalyse.hamburg\/?page_id=191","title":{"rendered":"Anhaltswerte"},"content":{"rendered":"<h2>Anhaltswerte f\u00fcr Verz\u00f6gerung<\/h2>\n<table id=\"Tabelle5\" border=\"1\" width=\"100%\" cellspacing=\"1\" cellpadding=\"1\">\n<tbody>\n<tr>\n<td colspan=\"2\" align=\"LEFT\" valign=\"TOP\" height=\"53\">\n<p align=\"CENTER\">Fahrbahnoberfl\u00e4che<\/p>\n<p align=\"CENTER\">\n<\/td>\n<td align=\"LEFT\" valign=\"TOP\" width=\"202\">\n<p align=\"CENTER\">Bereich der Bremsverz\u00f6gerung<\/p>\n<\/td>\n<td align=\"LEFT\" valign=\"TOP\" width=\"196\">\n<p align=\"CENTER\">Bemerkung<\/p>\n<\/td>\n<\/tr>\n<tr>\n<td align=\"LEFT\" valign=\"TOP\" width=\"159\">Art<\/td>\n<td align=\"LEFT\" valign=\"TOP\" width=\"127\">\n<p align=\"CENTER\">Zustand<\/p>\n<\/td>\n<td align=\"LEFT\" valign=\"TOP\" width=\"202\">\n<p align=\"CENTER\">In m\/s\u00b2<\/p>\n<\/td>\n<td><\/td>\n<\/tr>\n<tr>\n<td rowspan=\"4\" align=\"LEFT\" valign=\"TOP\" width=\"159\">\n<p align=\"LEFT\">Asphalt, Beton, Betonsteine<\/p>\n<\/td>\n<td rowspan=\"2\" align=\"LEFT\" valign=\"TOP\" width=\"127\">\n<p align=\"CENTER\">trocken<\/p>\n<\/td>\n<td align=\"LEFT\" valign=\"TOP\" width=\"202\">\n<p align=\"CENTER\">7,0 (6,5)* -0,9 (&gt;10)*<\/p>\n<\/td>\n<td align=\"LEFT\" valign=\"TOP\" width=\"196\">\n<p align=\"LEFT\">Sommerreifen<\/p>\n<\/td>\n<\/tr>\n<tr>\n<td align=\"LEFT\" valign=\"TOP\" width=\"202\">\n<p align=\"CENTER\">6,5 (6,0)* -0,8 (8,5)*<\/p>\n<\/td>\n<td align=\"LEFT\" valign=\"TOP\" width=\"196\">\n<p align=\"LEFT\">Winterreifen (M + S)<\/p>\n<\/td>\n<\/tr>\n<tr>\n<td align=\"LEFT\" valign=\"TOP\" width=\"127\">\n<p align=\"CENTER\">feucht<\/p>\n<\/td>\n<td align=\"LEFT\" valign=\"TOP\" width=\"202\">\n<p align=\"CENTER\">5,5 \u2013 7,5<\/p>\n<\/td>\n<td><\/td>\n<\/tr>\n<tr>\n<td align=\"LEFT\" valign=\"TOP\" width=\"127\">\n<p align=\"CENTER\">nass<\/p>\n<\/td>\n<td align=\"LEFT\" valign=\"TOP\" width=\"202\">\n<p align=\"CENTER\">4,0 \u2013 7,0<\/p>\n<\/td>\n<td align=\"LEFT\" valign=\"TOP\" width=\"196\">\n<p align=\"LEFT\">&lt; 60 km\/h<\/p>\n<\/td>\n<\/tr>\n<tr>\n<td rowspan=\"3\" align=\"LEFT\" valign=\"TOP\" width=\"159\">\n<p align=\"LEFT\">Kopfsteinpflaster<\/p>\n<p>&nbsp;<\/p>\n<p>&nbsp;<\/td>\n<td align=\"LEFT\" valign=\"TOP\" width=\"127\">\n<p align=\"CENTER\">trocken<\/p>\n<\/td>\n<td align=\"LEFT\" valign=\"TOP\" width=\"202\">\n<p align=\"CENTER\">4,5 \u2013 7,0<\/p>\n<\/td>\n<td><\/td>\n<\/tr>\n<tr>\n<td rowspan=\"2\" align=\"LEFT\" valign=\"TOP\" width=\"127\">\n<p align=\"CENTER\">nass<\/p>\n<\/td>\n<td align=\"LEFT\" valign=\"TOP\" width=\"202\">\n<p align=\"CENTER\">2,0 \u2013 3,0<\/p>\n<\/td>\n<td><\/td>\n<\/tr>\n<tr>\n<td align=\"LEFT\" valign=\"TOP\" width=\"202\">\n<p align=\"CENTER\">3,0 \u2013 5,0<\/p>\n<\/td>\n<td align=\"LEFT\" valign=\"TOP\" width=\"196\">\n<p align=\"LEFT\">&lt; 60 km\/h<\/p>\n<\/td>\n<\/tr>\n<tr>\n<td rowspan=\"2\" align=\"LEFT\" valign=\"TOP\" width=\"159\">\n<p align=\"LEFT\">Unbefestigte Wege, Wiesen<\/p>\n<\/td>\n<td align=\"LEFT\" valign=\"TOP\" width=\"127\">\n<p align=\"CENTER\">trocken<\/p>\n<\/td>\n<td align=\"LEFT\" valign=\"TOP\" width=\"202\">\n<p align=\"CENTER\">4,0 \u2013 6,0<\/p>\n<\/td>\n<td><\/td>\n<\/tr>\n<tr>\n<td align=\"LEFT\" valign=\"TOP\" width=\"127\">\n<p align=\"CENTER\">nass<\/p>\n<\/td>\n<td align=\"LEFT\" valign=\"TOP\" width=\"202\">\n<p align=\"CENTER\">2,5 \u2013 5,0<\/p>\n<\/td>\n<td align=\"LEFT\" valign=\"TOP\" width=\"196\"><\/td>\n<\/tr>\n<tr>\n<td rowspan=\"2\" align=\"LEFT\" valign=\"TOP\" width=\"159\">\n<p align=\"LEFT\">Schnee<\/p>\n<p>&nbsp;<\/td>\n<td rowspan=\"2\"><\/td>\n<td align=\"LEFT\" valign=\"TOP\" width=\"202\">\n<p align=\"CENTER\">1,0 \u2013 4,0<\/p>\n<\/td>\n<td align=\"LEFT\" valign=\"TOP\" width=\"196\">\n<p align=\"LEFT\">abh\u00e4ngig von der Reifenart<\/p>\n<\/td>\n<\/tr>\n<tr>\n<td align=\"LEFT\" valign=\"TOP\" width=\"202\" height=\"23\">\n<p align=\"CENTER\">4,0 \u2013 6,0<\/p>\n<\/td>\n<td align=\"LEFT\" valign=\"TOP\" width=\"196\">\n<p align=\"LEFT\">Reifen mit Schneeketten<\/p>\n<\/td>\n<\/tr>\n<tr>\n<td rowspan=\"2\" align=\"LEFT\" valign=\"TOP\" width=\"159\">\n<p align=\"LEFT\">Eis<\/p>\n<\/td>\n<td rowspan=\"2\"><\/td>\n<td align=\"LEFT\" valign=\"TOP\" width=\"202\">\n<p align=\"CENTER\">0,5 \u2013 3,0<\/p>\n<\/td>\n<td align=\"LEFT\" valign=\"TOP\" width=\"196\">\n<p align=\"LEFT\">abh. Von Reifenart und Temperatur<\/p>\n<\/td>\n<\/tr>\n<tr>\n<td align=\"LEFT\" valign=\"TOP\" width=\"202\">\n<p align=\"CENTER\">3,0 \u2013 4,0<\/p>\n<\/td>\n<td align=\"LEFT\" valign=\"TOP\" width=\"196\">\n<p align=\"LEFT\">Reifen mit Schneekette<\/p>\n<p align=\"LEFT\"><span style=\"color: #000066;\">\u00a0<\/span><\/p>\n<\/td>\n<\/tr>\n<\/tbody>\n<\/table>\n","protected":false},"excerpt":{"rendered":"<p>Anhaltswerte f\u00fcr Verz\u00f6gerung Fahrbahnoberfl\u00e4che Bereich der Bremsverz\u00f6gerung Bemerkung Art Zustand In m\/s\u00b2 Asphalt, Beton, Betonsteine trocken 7,0 (6,5)* -0,9 (&gt;10)* Sommerreifen 6,5 (6,0)* -0,8 (8,5)* Winterreifen (M + S) feucht 5,5 \u2013 7,5 nass 4,0 \u2013 7,0 &lt; 60 km\/h Kopfsteinpflaster &nbsp; &nbsp; trocken 4,5 \u2013 7,0 nass 2,0 \u2013 3,0 3,0 \u2013 5,0 &lt; &hellip; <\/p>\n<p><a class=\"more-link block-button\" href=\"https:\/\/unfallanalyse.hamburg\/?page_id=191\">Weiter lesen &raquo;<\/a><\/p>\n","protected":false},"author":2,"featured_media":0,"parent":184,"menu_order":0,"comment_status":"closed","ping_status":"closed","template":"template-twocolumnsright.php","meta":{"footnotes":""},"class_list":["post-191","page","type-page","status-publish","hentry","nodate"],"_links":{"self":[{"href":"https:\/\/unfallanalyse.hamburg\/index.php?rest_route=\/wp\/v2\/pages\/191","targetHints":{"allow":["GET"]}}],"collection":[{"href":"https:\/\/unfallanalyse.hamburg\/index.php?rest_route=\/wp\/v2\/pages"}],"about":[{"href":"https:\/\/unfallanalyse.hamburg\/index.php?rest_route=\/wp\/v2\/types\/page"}],"author":[{"embeddable":true,"href":"https:\/\/unfallanalyse.hamburg\/index.php?rest_route=\/wp\/v2\/users\/2"}],"replies":[{"embeddable":true,"href":"https:\/\/unfallanalyse.hamburg\/index.php?rest_route=%2Fwp%2Fv2%2Fcomments&post=191"}],"version-history":[{"count":1,"href":"https:\/\/unfallanalyse.hamburg\/index.php?rest_route=\/wp\/v2\/pages\/191\/revisions"}],"predecessor-version":[{"id":192,"href":"https:\/\/unfallanalyse.hamburg\/index.php?rest_route=\/wp\/v2\/pages\/191\/revisions\/192"}],"up":[{"embeddable":true,"href":"https:\/\/unfallanalyse.hamburg\/index.php?rest_route=\/wp\/v2\/pages\/184"}],"wp:attachment":[{"href":"https:\/\/unfallanalyse.hamburg\/index.php?rest_route=%2Fwp%2Fv2%2Fmedia&parent=191"}],"curies":[{"name":"wp","href":"https:\/\/api.w.org\/{rel}","templated":true}]}}