{"id":195,"date":"2016-06-18T10:28:31","date_gmt":"2016-06-18T08:28:31","guid":{"rendered":"http:\/\/uf.fsar.de\/?page_id=195"},"modified":"2016-06-19T23:42:46","modified_gmt":"2016-06-19T21:42:46","slug":"ansprechverhalten","status":"publish","type":"page","link":"https:\/\/unfallanalyse.hamburg\/?page_id=195","title":{"rendered":"Ansprechverhalten"},"content":{"rendered":"<p>Zeitliche Reaktion einer Anlage auf eine Bewegung der Bet\u00e4tigungseinrichtung, oft verwendet f\u00fcr die Beschreibung einer Bremsanlage. Wird das Bremspedal bet\u00e4tigt, vergeht eine gewisse Zeitspanne, bis die Abbremswirkung einsetzt. Die Ansprechdauer oder auch Ansprechzeit sowie der Anstieg der Bremswirkung wird durch das Ansprechverhalten der Bremsanlage beschrieben. Auch andere Fahrzeugsysteme wie Lenkung, D\u00e4mpfung und die Federung k\u00f6nnen durch ihr Ansprechverhalten beschrieben werden.<\/p>\n","protected":false},"excerpt":{"rendered":"<p>Zeitliche Reaktion einer Anlage auf eine Bewegung der Bet\u00e4tigungseinrichtung, oft verwendet f\u00fcr die Beschreibung einer Bremsanlage. Wird das Bremspedal bet\u00e4tigt, vergeht eine gewisse Zeitspanne, bis die Abbremswirkung einsetzt. Die Ansprechdauer oder auch Ansprechzeit sowie der Anstieg der Bremswirkung wird durch das Ansprechverhalten der Bremsanlage beschrieben. Auch andere Fahrzeugsysteme wie Lenkung, D\u00e4mpfung und die Federung k\u00f6nnen &hellip; <\/p>\n<p><a class=\"more-link block-button\" href=\"https:\/\/unfallanalyse.hamburg\/?page_id=195\">Weiter lesen &raquo;<\/a><\/p>\n","protected":false},"author":2,"featured_media":0,"parent":184,"menu_order":0,"comment_status":"closed","ping_status":"closed","template":"template-twocolumnsright.php","meta":{"footnotes":""},"class_list":["post-195","page","type-page","status-publish","hentry","nodate"],"_links":{"self":[{"href":"https:\/\/unfallanalyse.hamburg\/index.php?rest_route=\/wp\/v2\/pages\/195","targetHints":{"allow":["GET"]}}],"collection":[{"href":"https:\/\/unfallanalyse.hamburg\/index.php?rest_route=\/wp\/v2\/pages"}],"about":[{"href":"https:\/\/unfallanalyse.hamburg\/index.php?rest_route=\/wp\/v2\/types\/page"}],"author":[{"embeddable":true,"href":"https:\/\/unfallanalyse.hamburg\/index.php?rest_route=\/wp\/v2\/users\/2"}],"replies":[{"embeddable":true,"href":"https:\/\/unfallanalyse.hamburg\/index.php?rest_route=%2Fwp%2Fv2%2Fcomments&post=195"}],"version-history":[{"count":1,"href":"https:\/\/unfallanalyse.hamburg\/index.php?rest_route=\/wp\/v2\/pages\/195\/revisions"}],"predecessor-version":[{"id":196,"href":"https:\/\/unfallanalyse.hamburg\/index.php?rest_route=\/wp\/v2\/pages\/195\/revisions\/196"}],"up":[{"embeddable":true,"href":"https:\/\/unfallanalyse.hamburg\/index.php?rest_route=\/wp\/v2\/pages\/184"}],"wp:attachment":[{"href":"https:\/\/unfallanalyse.hamburg\/index.php?rest_route=%2Fwp%2Fv2%2Fmedia&parent=195"}],"curies":[{"name":"wp","href":"https:\/\/api.w.org\/{rel}","templated":true}]}}