{"id":197,"date":"2016-06-18T10:28:53","date_gmt":"2016-06-18T08:28:53","guid":{"rendered":"http:\/\/uf.fsar.de\/?page_id=197"},"modified":"2016-06-19T23:42:46","modified_gmt":"2016-06-19T21:42:46","slug":"bremsarten","status":"publish","type":"page","link":"https:\/\/unfallanalyse.hamburg\/?page_id=197","title":{"rendered":"Bremsarten"},"content":{"rendered":"<p><b>ABV<\/b><\/p>\n<p>Grunds\u00e4tzlich handelt es sich bei einem ABV um eine technische Erg\u00e4nzung der hydraulischen oder auch pneumatischen Bremsanlage. Sie verhindert, dass die R\u00e4der blockieren k\u00f6nnen, indem w\u00e4hrend des Bremsvorgangs die Radgeschwindigkeiten \u00fcber Sensoren st\u00e4ndig gemessen werden.<\/p>\n<p>Droht ein Rad zu blockieren, wird die Bremskraft an diesem Rad automatisch zur\u00fcckgenommen. Sinn dieser Einrichtung ist es in erster Linie, die Richtungsstabilit\u00e4t und die Lenkf\u00e4higkeit eines Fahrzeugs auch bei einer unkontrolliert eingeleiteten Gefahrenbremsung zu erhalten.<\/p>\n<p>Unter g\u00fcnstigen Voraussetzungen kann sich auch eine Verringerung des Bremsweges ergeben. Die landl\u00e4ufige Meinung, dass allgemein eine deutliche Bremswegverk\u00fcrzung durch den ABV eintritt, ist allerdings falsch. Unter normalen Bedingungen liegen die Verz\u00f6gerungswerte auf trockenen oder nassen Fahrbahnoberfl\u00e4che im gleichen Bereich oder nur wenig h\u00f6her, wie bei einer konventionellen Blockierbremsung.<\/p>\n<p><b>ABS<\/b><\/p>\n<p>Abk\u00fcrzung f\u00fcr Antiblockiersystem, siehe auch ABV &#8211; Die Bremswirkung mit ABS ist i.d.R. besser als die einer Blockierbremsung, ausgenommen auf Schneematsch und Sand, deren Zusammenschieben vor den blockierenden R\u00e4dern die Verz\u00f6gerungswirkung steigert<\/p>\n","protected":false},"excerpt":{"rendered":"<p>ABV Grunds\u00e4tzlich handelt es sich bei einem ABV um eine technische Erg\u00e4nzung der hydraulischen oder auch pneumatischen Bremsanlage. Sie verhindert, dass die R\u00e4der blockieren k\u00f6nnen, indem w\u00e4hrend des Bremsvorgangs die Radgeschwindigkeiten \u00fcber Sensoren st\u00e4ndig gemessen werden. Droht ein Rad zu blockieren, wird die Bremskraft an diesem Rad automatisch zur\u00fcckgenommen. Sinn dieser Einrichtung ist es in &hellip; <\/p>\n<p><a class=\"more-link block-button\" href=\"https:\/\/unfallanalyse.hamburg\/?page_id=197\">Weiter lesen &raquo;<\/a><\/p>\n","protected":false},"author":2,"featured_media":0,"parent":184,"menu_order":0,"comment_status":"closed","ping_status":"closed","template":"template-twocolumnsright.php","meta":{"footnotes":""},"class_list":["post-197","page","type-page","status-publish","hentry","nodate"],"_links":{"self":[{"href":"https:\/\/unfallanalyse.hamburg\/index.php?rest_route=\/wp\/v2\/pages\/197","targetHints":{"allow":["GET"]}}],"collection":[{"href":"https:\/\/unfallanalyse.hamburg\/index.php?rest_route=\/wp\/v2\/pages"}],"about":[{"href":"https:\/\/unfallanalyse.hamburg\/index.php?rest_route=\/wp\/v2\/types\/page"}],"author":[{"embeddable":true,"href":"https:\/\/unfallanalyse.hamburg\/index.php?rest_route=\/wp\/v2\/users\/2"}],"replies":[{"embeddable":true,"href":"https:\/\/unfallanalyse.hamburg\/index.php?rest_route=%2Fwp%2Fv2%2Fcomments&post=197"}],"version-history":[{"count":1,"href":"https:\/\/unfallanalyse.hamburg\/index.php?rest_route=\/wp\/v2\/pages\/197\/revisions"}],"predecessor-version":[{"id":198,"href":"https:\/\/unfallanalyse.hamburg\/index.php?rest_route=\/wp\/v2\/pages\/197\/revisions\/198"}],"up":[{"embeddable":true,"href":"https:\/\/unfallanalyse.hamburg\/index.php?rest_route=\/wp\/v2\/pages\/184"}],"wp:attachment":[{"href":"https:\/\/unfallanalyse.hamburg\/index.php?rest_route=%2Fwp%2Fv2%2Fmedia&parent=197"}],"curies":[{"name":"wp","href":"https:\/\/api.w.org\/{rel}","templated":true}]}}