{"id":199,"date":"2016-06-18T10:29:16","date_gmt":"2016-06-18T08:29:16","guid":{"rendered":"http:\/\/uf.fsar.de\/?page_id=199"},"modified":"2016-06-19T23:42:46","modified_gmt":"2016-06-19T21:42:46","slug":"beladung","status":"publish","type":"page","link":"https:\/\/unfallanalyse.hamburg\/?page_id=199","title":{"rendered":"Beladung"},"content":{"rendered":"<h2>Bremsverz\u00f6gerung und Beladung<\/h2>\n<p>Liegt eine Blockierbremsung eines Fahrzeuges vor, spielt die Beladung keine Rolle. Dies ergibt sich unmittelbar aus dem Reibungsgesetz. Zwar wird bei einem h\u00f6heren Fahrzeuggewicht eine gr\u00f6\u00dfere Bremskraft zur Verz\u00f6gerung ben\u00f6tigt, die jedoch aufgrund der h\u00f6heren Anpresskr\u00e4fte des Reifens bei dem h\u00f6heren Gewicht auf der Fahrbahn zur Verf\u00fcgung gestellt wird.<\/p>\n<p>Deshalb kann gesagt werden, dass die Beladung zumindest dann keine Auswirkung auf die Verz\u00f6gerung hat, wenn an allen R\u00e4dern ausreichend Bremskr\u00e4fte zur Verf\u00fcgung gestellt werden, um die R\u00e4der zu blockieren. Bei Lkw ist es im beladenen Zustand h\u00e4ufig nicht mehr m\u00f6glich, die R\u00e4der zum blockieren zu bringen. Dabei sind durchaus geringere Verz\u00f6gerungen als die bei einer Blockierverz\u00f6gerung m\u00f6gliche vorstellbar.<\/p>\n","protected":false},"excerpt":{"rendered":"<p>Bremsverz\u00f6gerung und Beladung Liegt eine Blockierbremsung eines Fahrzeuges vor, spielt die Beladung keine Rolle. Dies ergibt sich unmittelbar aus dem Reibungsgesetz. Zwar wird bei einem h\u00f6heren Fahrzeuggewicht eine gr\u00f6\u00dfere Bremskraft zur Verz\u00f6gerung ben\u00f6tigt, die jedoch aufgrund der h\u00f6heren Anpresskr\u00e4fte des Reifens bei dem h\u00f6heren Gewicht auf der Fahrbahn zur Verf\u00fcgung gestellt wird. Deshalb kann gesagt &hellip; <\/p>\n<p><a class=\"more-link block-button\" href=\"https:\/\/unfallanalyse.hamburg\/?page_id=199\">Weiter lesen &raquo;<\/a><\/p>\n","protected":false},"author":2,"featured_media":0,"parent":184,"menu_order":0,"comment_status":"closed","ping_status":"closed","template":"template-twocolumnsright.php","meta":{"footnotes":""},"class_list":["post-199","page","type-page","status-publish","hentry","nodate"],"_links":{"self":[{"href":"https:\/\/unfallanalyse.hamburg\/index.php?rest_route=\/wp\/v2\/pages\/199","targetHints":{"allow":["GET"]}}],"collection":[{"href":"https:\/\/unfallanalyse.hamburg\/index.php?rest_route=\/wp\/v2\/pages"}],"about":[{"href":"https:\/\/unfallanalyse.hamburg\/index.php?rest_route=\/wp\/v2\/types\/page"}],"author":[{"embeddable":true,"href":"https:\/\/unfallanalyse.hamburg\/index.php?rest_route=\/wp\/v2\/users\/2"}],"replies":[{"embeddable":true,"href":"https:\/\/unfallanalyse.hamburg\/index.php?rest_route=%2Fwp%2Fv2%2Fcomments&post=199"}],"version-history":[{"count":1,"href":"https:\/\/unfallanalyse.hamburg\/index.php?rest_route=\/wp\/v2\/pages\/199\/revisions"}],"predecessor-version":[{"id":200,"href":"https:\/\/unfallanalyse.hamburg\/index.php?rest_route=\/wp\/v2\/pages\/199\/revisions\/200"}],"up":[{"embeddable":true,"href":"https:\/\/unfallanalyse.hamburg\/index.php?rest_route=\/wp\/v2\/pages\/184"}],"wp:attachment":[{"href":"https:\/\/unfallanalyse.hamburg\/index.php?rest_route=%2Fwp%2Fv2%2Fmedia&parent=199"}],"curies":[{"name":"wp","href":"https:\/\/api.w.org\/{rel}","templated":true}]}}