{"id":201,"date":"2016-06-18T10:30:03","date_gmt":"2016-06-18T08:30:03","guid":{"rendered":"http:\/\/uf.fsar.de\/?page_id=201"},"modified":"2016-06-19T23:42:46","modified_gmt":"2016-06-19T21:42:46","slug":"bremsbereitschaft","status":"publish","type":"page","link":"https:\/\/unfallanalyse.hamburg\/?page_id=201","title":{"rendered":"Bremsbereitschaft"},"content":{"rendered":"<p>H\u00e4ufig wird verlangt, der Fahrzeuglenker m\u00fcsse sich einem potentiellen Hindernisbereich \u201ebremsbereit\u201c n\u00e4hern, ohne dass dieser Begriff definiert worden w\u00e4re. Er ist zu definieren und zu ersetzen durch den Begriff \u201evorgebremste Ann\u00e4hrung\u201c. \u201eGespannte Aufmerksamkeit\u201c allein kann die Vorbremszeit nicht wesentlich verk\u00fcrzen. Es kann aber die gesamte Umsetzzeit und mindestens ein Teil der technischen Verlustzeit erspart werden, wenn z.B. beim Heranfahren an eine Kreuzung der Fu\u00df auf dem Bremspedal ruht. Die Verst\u00e4rkung einer Betriebsbremsung zur Notbremsung erfordert nur eine Vorbremszeit von 0,2 bis 0,5 s, je nach der Intensit\u00e4t der Vorbremsung und der Reibwertverh\u00e4ltnisse.<\/p>\n","protected":false},"excerpt":{"rendered":"<p>H\u00e4ufig wird verlangt, der Fahrzeuglenker m\u00fcsse sich einem potentiellen Hindernisbereich \u201ebremsbereit\u201c n\u00e4hern, ohne dass dieser Begriff definiert worden w\u00e4re. Er ist zu definieren und zu ersetzen durch den Begriff \u201evorgebremste Ann\u00e4hrung\u201c. \u201eGespannte Aufmerksamkeit\u201c allein kann die Vorbremszeit nicht wesentlich verk\u00fcrzen. Es kann aber die gesamte Umsetzzeit und mindestens ein Teil der technischen Verlustzeit erspart werden, &hellip; <\/p>\n<p><a class=\"more-link block-button\" href=\"https:\/\/unfallanalyse.hamburg\/?page_id=201\">Weiter lesen &raquo;<\/a><\/p>\n","protected":false},"author":2,"featured_media":0,"parent":184,"menu_order":0,"comment_status":"closed","ping_status":"closed","template":"template-twocolumnsright.php","meta":{"footnotes":""},"class_list":["post-201","page","type-page","status-publish","hentry","nodate"],"_links":{"self":[{"href":"https:\/\/unfallanalyse.hamburg\/index.php?rest_route=\/wp\/v2\/pages\/201","targetHints":{"allow":["GET"]}}],"collection":[{"href":"https:\/\/unfallanalyse.hamburg\/index.php?rest_route=\/wp\/v2\/pages"}],"about":[{"href":"https:\/\/unfallanalyse.hamburg\/index.php?rest_route=\/wp\/v2\/types\/page"}],"author":[{"embeddable":true,"href":"https:\/\/unfallanalyse.hamburg\/index.php?rest_route=\/wp\/v2\/users\/2"}],"replies":[{"embeddable":true,"href":"https:\/\/unfallanalyse.hamburg\/index.php?rest_route=%2Fwp%2Fv2%2Fcomments&post=201"}],"version-history":[{"count":1,"href":"https:\/\/unfallanalyse.hamburg\/index.php?rest_route=\/wp\/v2\/pages\/201\/revisions"}],"predecessor-version":[{"id":202,"href":"https:\/\/unfallanalyse.hamburg\/index.php?rest_route=\/wp\/v2\/pages\/201\/revisions\/202"}],"up":[{"embeddable":true,"href":"https:\/\/unfallanalyse.hamburg\/index.php?rest_route=\/wp\/v2\/pages\/184"}],"wp:attachment":[{"href":"https:\/\/unfallanalyse.hamburg\/index.php?rest_route=%2Fwp%2Fv2%2Fmedia&parent=201"}],"curies":[{"name":"wp","href":"https:\/\/api.w.org\/{rel}","templated":true}]}}