{"id":203,"date":"2016-06-18T10:30:28","date_gmt":"2016-06-18T08:30:28","guid":{"rendered":"http:\/\/uf.fsar.de\/?page_id=203"},"modified":"2016-06-19T23:42:46","modified_gmt":"2016-06-19T21:42:46","slug":"bremsdauer","status":"publish","type":"page","link":"https:\/\/unfallanalyse.hamburg\/?page_id=203","title":{"rendered":"Bremsdauer"},"content":{"rendered":"<p>Die Zeitspanne, die zwischen der ersten Ber\u00fchrung des Bremspedals und dem Erreichen der vollen Bremswirkung vergeht. Bei Pkw-Bremsanlagen wird hier \u00fcblicherweise eine Zeitspanne von 0,2 s f\u00fcr moderne Pkw-Bremsanlagen zugrunde gelegt und bei der Festlegung der Reaktionszeit ber\u00fccksichtigt. Eine erhebliche Verl\u00e4ngerung der Reaktionszeiten ist aber bei luftdruckunterst\u00fctzten Bremsanlagen von Lkw anzusetzen. Hier kann die Schwelldauer durchaus im Bereich von 0,6 Sekunden liegen, was grunds\u00e4tzlich zu einer erheblichen Verl\u00e4ngerung der tats\u00e4chlichen Reaktions- einschl. Bremsenansprechzeit f\u00fchrt. Auch bei Motorradbremsungen kann nicht ohne weiteres von einer sehr kurzen Bremsenansprechzeit ausgegangen werden. In vielen Situationen wird bei Motorradbremsungen ohnehin ein Blockieren der R\u00e4der, insbesondere in der ersten Phase der Bremsung vermieden. Bevor einem Motorradfahrer eine versp\u00e4tete Reaktion vorgeworfen wird, ist deshalb zun\u00e4chst zu pr\u00fcfen, ob nicht eine spurenlose Abbremsung des Motorrades am Beginn der Bremsung vorlag und hierdurch die \u201eversp\u00e4tete Reaktion\u201c erkl\u00e4rt werden kann.<\/p>\n","protected":false},"excerpt":{"rendered":"<p>Die Zeitspanne, die zwischen der ersten Ber\u00fchrung des Bremspedals und dem Erreichen der vollen Bremswirkung vergeht. Bei Pkw-Bremsanlagen wird hier \u00fcblicherweise eine Zeitspanne von 0,2 s f\u00fcr moderne Pkw-Bremsanlagen zugrunde gelegt und bei der Festlegung der Reaktionszeit ber\u00fccksichtigt. Eine erhebliche Verl\u00e4ngerung der Reaktionszeiten ist aber bei luftdruckunterst\u00fctzten Bremsanlagen von Lkw anzusetzen. Hier kann die Schwelldauer &hellip; <\/p>\n<p><a class=\"more-link block-button\" href=\"https:\/\/unfallanalyse.hamburg\/?page_id=203\">Weiter lesen &raquo;<\/a><\/p>\n","protected":false},"author":2,"featured_media":0,"parent":184,"menu_order":0,"comment_status":"closed","ping_status":"closed","template":"template-twocolumnsright.php","meta":{"footnotes":""},"class_list":["post-203","page","type-page","status-publish","hentry","nodate"],"_links":{"self":[{"href":"https:\/\/unfallanalyse.hamburg\/index.php?rest_route=\/wp\/v2\/pages\/203","targetHints":{"allow":["GET"]}}],"collection":[{"href":"https:\/\/unfallanalyse.hamburg\/index.php?rest_route=\/wp\/v2\/pages"}],"about":[{"href":"https:\/\/unfallanalyse.hamburg\/index.php?rest_route=\/wp\/v2\/types\/page"}],"author":[{"embeddable":true,"href":"https:\/\/unfallanalyse.hamburg\/index.php?rest_route=\/wp\/v2\/users\/2"}],"replies":[{"embeddable":true,"href":"https:\/\/unfallanalyse.hamburg\/index.php?rest_route=%2Fwp%2Fv2%2Fcomments&post=203"}],"version-history":[{"count":1,"href":"https:\/\/unfallanalyse.hamburg\/index.php?rest_route=\/wp\/v2\/pages\/203\/revisions"}],"predecessor-version":[{"id":204,"href":"https:\/\/unfallanalyse.hamburg\/index.php?rest_route=\/wp\/v2\/pages\/203\/revisions\/204"}],"up":[{"embeddable":true,"href":"https:\/\/unfallanalyse.hamburg\/index.php?rest_route=\/wp\/v2\/pages\/184"}],"wp:attachment":[{"href":"https:\/\/unfallanalyse.hamburg\/index.php?rest_route=%2Fwp%2Fv2%2Fmedia&parent=203"}],"curies":[{"name":"wp","href":"https:\/\/api.w.org\/{rel}","templated":true}]}}