{"id":211,"date":"2016-06-18T10:32:34","date_gmt":"2016-06-18T08:32:34","guid":{"rendered":"http:\/\/uf.fsar.de\/?page_id=211"},"modified":"2016-06-19T23:42:46","modified_gmt":"2016-06-19T21:42:46","slug":"lkw-bremsung","status":"publish","type":"page","link":"https:\/\/unfallanalyse.hamburg\/?page_id=211","title":{"rendered":"LKW-Bremsung"},"content":{"rendered":"<p>Bei Bremsvorg\u00e4ngen von Lkw sind gr\u00f6\u00dfere Schwankungsbreiten in der Verz\u00f6gerung m\u00f6glich. Dies liegt daran, dass insbesondere bei beladenen Lkw oftmals nicht mehr alle R\u00e4der zum Blockieren gebracht werden k\u00f6nnen, die die Bremsanlage des Lkw ist hierf\u00fcr nicht immer ausreichend stark dimensioniert.<\/p>\n<p>In jedem Fall kann aber bei einem intakten Lkw davon ausgegangen werden, dass die Mindestverz\u00f6gerung von 4 m\/s\u00b2, die gesetzlich vorgeschrieben ist, auch im vollbeladenen Zustand auf Fahrbahnen mit normaler Griffigkeit erreicht werden muss. Liegt Blockierspurzeichnung oder auch Bremsspurzeichnung von allen R\u00e4dern eines Lkw vor, ist von Verz\u00f6gerungswerten an der Obergrenze des genannten Wertebereichs, also von 6 bis 7 m\/s\u00b2 auszugehen.<\/p>\n","protected":false},"excerpt":{"rendered":"<p>Bei Bremsvorg\u00e4ngen von Lkw sind gr\u00f6\u00dfere Schwankungsbreiten in der Verz\u00f6gerung m\u00f6glich. Dies liegt daran, dass insbesondere bei beladenen Lkw oftmals nicht mehr alle R\u00e4der zum Blockieren gebracht werden k\u00f6nnen, die die Bremsanlage des Lkw ist hierf\u00fcr nicht immer ausreichend stark dimensioniert. In jedem Fall kann aber bei einem intakten Lkw davon ausgegangen werden, dass die &hellip; <\/p>\n<p><a class=\"more-link block-button\" href=\"https:\/\/unfallanalyse.hamburg\/?page_id=211\">Weiter lesen &raquo;<\/a><\/p>\n","protected":false},"author":2,"featured_media":0,"parent":184,"menu_order":0,"comment_status":"closed","ping_status":"closed","template":"template-twocolumnsright.php","meta":{"footnotes":""},"class_list":["post-211","page","type-page","status-publish","hentry","nodate"],"_links":{"self":[{"href":"https:\/\/unfallanalyse.hamburg\/index.php?rest_route=\/wp\/v2\/pages\/211","targetHints":{"allow":["GET"]}}],"collection":[{"href":"https:\/\/unfallanalyse.hamburg\/index.php?rest_route=\/wp\/v2\/pages"}],"about":[{"href":"https:\/\/unfallanalyse.hamburg\/index.php?rest_route=\/wp\/v2\/types\/page"}],"author":[{"embeddable":true,"href":"https:\/\/unfallanalyse.hamburg\/index.php?rest_route=\/wp\/v2\/users\/2"}],"replies":[{"embeddable":true,"href":"https:\/\/unfallanalyse.hamburg\/index.php?rest_route=%2Fwp%2Fv2%2Fcomments&post=211"}],"version-history":[{"count":1,"href":"https:\/\/unfallanalyse.hamburg\/index.php?rest_route=\/wp\/v2\/pages\/211\/revisions"}],"predecessor-version":[{"id":212,"href":"https:\/\/unfallanalyse.hamburg\/index.php?rest_route=\/wp\/v2\/pages\/211\/revisions\/212"}],"up":[{"embeddable":true,"href":"https:\/\/unfallanalyse.hamburg\/index.php?rest_route=\/wp\/v2\/pages\/184"}],"wp:attachment":[{"href":"https:\/\/unfallanalyse.hamburg\/index.php?rest_route=%2Fwp%2Fv2%2Fmedia&parent=211"}],"curies":[{"name":"wp","href":"https:\/\/api.w.org\/{rel}","templated":true}]}}