{"id":213,"date":"2016-06-18T10:32:57","date_gmt":"2016-06-18T08:32:57","guid":{"rendered":"http:\/\/uf.fsar.de\/?page_id=213"},"modified":"2016-06-19T23:42:46","modified_gmt":"2016-06-19T21:42:46","slug":"notbremsung","status":"publish","type":"page","link":"https:\/\/unfallanalyse.hamburg\/?page_id=213","title":{"rendered":"Notbremsung"},"content":{"rendered":"<p>Bremsung mit der individuell maximalen m\u00f6gliche Bet\u00e4tigungskraft bei Verlust der Kontrolle \u00fcber das Fahrzeug und ohne R\u00fccksicht auf Fahrzeug und m\u00f6glich Folgen.<\/p>\n","protected":false},"excerpt":{"rendered":"<p>Bremsung mit der individuell maximalen m\u00f6gliche Bet\u00e4tigungskraft bei Verlust der Kontrolle \u00fcber das Fahrzeug und ohne R\u00fccksicht auf Fahrzeug und m\u00f6glich Folgen.<\/p>\n","protected":false},"author":2,"featured_media":0,"parent":184,"menu_order":0,"comment_status":"closed","ping_status":"closed","template":"template-twocolumnsright.php","meta":{"footnotes":""},"class_list":["post-213","page","type-page","status-publish","hentry","nodate"],"_links":{"self":[{"href":"https:\/\/unfallanalyse.hamburg\/index.php?rest_route=\/wp\/v2\/pages\/213","targetHints":{"allow":["GET"]}}],"collection":[{"href":"https:\/\/unfallanalyse.hamburg\/index.php?rest_route=\/wp\/v2\/pages"}],"about":[{"href":"https:\/\/unfallanalyse.hamburg\/index.php?rest_route=\/wp\/v2\/types\/page"}],"author":[{"embeddable":true,"href":"https:\/\/unfallanalyse.hamburg\/index.php?rest_route=\/wp\/v2\/users\/2"}],"replies":[{"embeddable":true,"href":"https:\/\/unfallanalyse.hamburg\/index.php?rest_route=%2Fwp%2Fv2%2Fcomments&post=213"}],"version-history":[{"count":1,"href":"https:\/\/unfallanalyse.hamburg\/index.php?rest_route=\/wp\/v2\/pages\/213\/revisions"}],"predecessor-version":[{"id":214,"href":"https:\/\/unfallanalyse.hamburg\/index.php?rest_route=\/wp\/v2\/pages\/213\/revisions\/214"}],"up":[{"embeddable":true,"href":"https:\/\/unfallanalyse.hamburg\/index.php?rest_route=\/wp\/v2\/pages\/184"}],"wp:attachment":[{"href":"https:\/\/unfallanalyse.hamburg\/index.php?rest_route=%2Fwp%2Fv2%2Fmedia&parent=213"}],"curies":[{"name":"wp","href":"https:\/\/api.w.org\/{rel}","templated":true}]}}