{"id":215,"date":"2016-06-18T10:33:15","date_gmt":"2016-06-18T08:33:15","guid":{"rendered":"http:\/\/uf.fsar.de\/?page_id=215"},"modified":"2016-06-19T23:42:46","modified_gmt":"2016-06-19T21:42:46","slug":"reifenschlupf","status":"publish","type":"page","link":"https:\/\/unfallanalyse.hamburg\/?page_id=215","title":{"rendered":"Reifenschlupf"},"content":{"rendered":"<p>Die Intensit\u00e4t des Durchrutschens zwischen Reifen und Fahrbahn wird technisch durch den sogenannten Reifenschlupf angegeben. Dreht sich die Lauffl\u00e4che des Reifens um eine Achse genau schnell, wie das Fahrzeug f\u00e4hrt, steht der Reifen am unteren Ende, am Kontaktpunkt mit der Fahrbahn (den sogenannten Latsch) gerade still. Es liegt keine Bewegung zwischen dem Latsch und der ruhenden Fahrbahn vor. Dreht sich der Reifen hingegen langsamer, als es f\u00fcr das freie Rollen erforderlich w\u00e4re, ruht der Latsch nicht vollst\u00e4ndig, rollt also nicht voll ab, sondern bewegt sich relativ zur Fahrbahn. Diese Relativbewegung ist langsamer als die Fahrgeschwindigkeit; erst bei vollst\u00e4ndig blockierten R\u00e4dern ist die Bewegungsgeschwindigkeit des Latsches mit der Fahrzeuggeschwindigkeit identisch. Das Verh\u00e4ltnis von der Relativgeschwindigkeit Latsch\/Fahrbahn und der Bewegungsgeschwindigkeit des Fahrzeuges wird als Schlupf bezeichnet und \u00fcblicherweise in Prozent angegeben. Ein frei rollendes Rad hat als Schlupf, weil die Relativgeschwindigkeit zwischen Latsch und Fahrbahn null ist. Ein blockiertes Rad weist analog dazu 100 % Schlupf auf. Bei einer Teilbremsung des Fahrzeuges liegt ein Schlupf von weniger als 100 % vor.<\/p>\n","protected":false},"excerpt":{"rendered":"<p>Die Intensit\u00e4t des Durchrutschens zwischen Reifen und Fahrbahn wird technisch durch den sogenannten Reifenschlupf angegeben. Dreht sich die Lauffl\u00e4che des Reifens um eine Achse genau schnell, wie das Fahrzeug f\u00e4hrt, steht der Reifen am unteren Ende, am Kontaktpunkt mit der Fahrbahn (den sogenannten Latsch) gerade still. Es liegt keine Bewegung zwischen dem Latsch und der &hellip; <\/p>\n<p><a class=\"more-link block-button\" href=\"https:\/\/unfallanalyse.hamburg\/?page_id=215\">Weiter lesen &raquo;<\/a><\/p>\n","protected":false},"author":2,"featured_media":0,"parent":184,"menu_order":0,"comment_status":"closed","ping_status":"closed","template":"template-twocolumnsright.php","meta":{"footnotes":""},"class_list":["post-215","page","type-page","status-publish","hentry","nodate"],"_links":{"self":[{"href":"https:\/\/unfallanalyse.hamburg\/index.php?rest_route=\/wp\/v2\/pages\/215","targetHints":{"allow":["GET"]}}],"collection":[{"href":"https:\/\/unfallanalyse.hamburg\/index.php?rest_route=\/wp\/v2\/pages"}],"about":[{"href":"https:\/\/unfallanalyse.hamburg\/index.php?rest_route=\/wp\/v2\/types\/page"}],"author":[{"embeddable":true,"href":"https:\/\/unfallanalyse.hamburg\/index.php?rest_route=\/wp\/v2\/users\/2"}],"replies":[{"embeddable":true,"href":"https:\/\/unfallanalyse.hamburg\/index.php?rest_route=%2Fwp%2Fv2%2Fcomments&post=215"}],"version-history":[{"count":1,"href":"https:\/\/unfallanalyse.hamburg\/index.php?rest_route=\/wp\/v2\/pages\/215\/revisions"}],"predecessor-version":[{"id":216,"href":"https:\/\/unfallanalyse.hamburg\/index.php?rest_route=\/wp\/v2\/pages\/215\/revisions\/216"}],"up":[{"embeddable":true,"href":"https:\/\/unfallanalyse.hamburg\/index.php?rest_route=\/wp\/v2\/pages\/184"}],"wp:attachment":[{"href":"https:\/\/unfallanalyse.hamburg\/index.php?rest_route=%2Fwp%2Fv2%2Fmedia&parent=215"}],"curies":[{"name":"wp","href":"https:\/\/api.w.org\/{rel}","templated":true}]}}