{"id":219,"date":"2016-06-18T10:34:19","date_gmt":"2016-06-18T08:34:19","guid":{"rendered":"http:\/\/uf.fsar.de\/?page_id=219"},"modified":"2016-06-19T23:42:46","modified_gmt":"2016-06-19T21:42:46","slug":"schwellphase","status":"publish","type":"page","link":"https:\/\/unfallanalyse.hamburg\/?page_id=219","title":{"rendered":"Schwellphase"},"content":{"rendered":"<p>Bei der Geschwindigkeitsr\u00fcckrechnung aus Bremsspuren wird h\u00e4ufig auch ein Geschwindigkeitsverlust innerhalb der sogenannten Schwellphase der Bremsung mit einbezogen. In anderen Berechnungen wird diese Schwellphase vernachl\u00e4ssigt und \u00fcber die Bremsspurl\u00e4nge nur eine konstante Verz\u00f6gerung angesetzt. Grunds\u00e4tzlich sind beide Berechnungsmethoden vertretbar. Dies veranschaulicht die beiliegende Skizze. Im oberen Bildteil ist der tats\u00e4chliche Verlauf einer Abbremsung dargestellt. In der Berechnung versucht man sich diesem tats\u00e4chlichen Verlauf anzun\u00e4hern, in dem entweder ein linearer Anstieg der Bremsverz\u00f6gerung bis zu einem mittleren Verz\u00f6gerungswert zugrundegelegt wird oder aber es wird diese Schwellphase vernachl\u00e4ssigt und das mittlere Verz\u00f6gerungsniveau muss konsequenterweise etwas angehoben werden.<\/p>\n<p>Liegen sehr knappe Aussagen zur Vermeidbarkeitsm\u00f6glichkeit vor, kann \u00fcber den Geschwindigkeitsabbau innerhalb der Schwellphase und \u00fcber die Vollverz\u00f6gerung diskutiert werden. Bei eindeutigen Aussagen zur Vermeidbarkeit \u00e4ndert eine Ber\u00fccksichtigung oder eine Vernachl\u00e4ssigung der Schwellphase nichts an den Ergebnissen, da innerhalb dieser Schwellphase eines Pkw, die etwa 0,2 s dauert, nur eine Geschwindigkeit von etwa 3 km\/h abgebaut wird.<\/p>\n","protected":false},"excerpt":{"rendered":"<p>Bei der Geschwindigkeitsr\u00fcckrechnung aus Bremsspuren wird h\u00e4ufig auch ein Geschwindigkeitsverlust innerhalb der sogenannten Schwellphase der Bremsung mit einbezogen. In anderen Berechnungen wird diese Schwellphase vernachl\u00e4ssigt und \u00fcber die Bremsspurl\u00e4nge nur eine konstante Verz\u00f6gerung angesetzt. Grunds\u00e4tzlich sind beide Berechnungsmethoden vertretbar. Dies veranschaulicht die beiliegende Skizze. Im oberen Bildteil ist der tats\u00e4chliche Verlauf einer Abbremsung dargestellt. In &hellip; <\/p>\n<p><a class=\"more-link block-button\" href=\"https:\/\/unfallanalyse.hamburg\/?page_id=219\">Weiter lesen &raquo;<\/a><\/p>\n","protected":false},"author":2,"featured_media":0,"parent":184,"menu_order":0,"comment_status":"closed","ping_status":"closed","template":"template-twocolumnsright.php","meta":{"footnotes":""},"class_list":["post-219","page","type-page","status-publish","hentry","nodate"],"_links":{"self":[{"href":"https:\/\/unfallanalyse.hamburg\/index.php?rest_route=\/wp\/v2\/pages\/219","targetHints":{"allow":["GET"]}}],"collection":[{"href":"https:\/\/unfallanalyse.hamburg\/index.php?rest_route=\/wp\/v2\/pages"}],"about":[{"href":"https:\/\/unfallanalyse.hamburg\/index.php?rest_route=\/wp\/v2\/types\/page"}],"author":[{"embeddable":true,"href":"https:\/\/unfallanalyse.hamburg\/index.php?rest_route=\/wp\/v2\/users\/2"}],"replies":[{"embeddable":true,"href":"https:\/\/unfallanalyse.hamburg\/index.php?rest_route=%2Fwp%2Fv2%2Fcomments&post=219"}],"version-history":[{"count":1,"href":"https:\/\/unfallanalyse.hamburg\/index.php?rest_route=\/wp\/v2\/pages\/219\/revisions"}],"predecessor-version":[{"id":220,"href":"https:\/\/unfallanalyse.hamburg\/index.php?rest_route=\/wp\/v2\/pages\/219\/revisions\/220"}],"up":[{"embeddable":true,"href":"https:\/\/unfallanalyse.hamburg\/index.php?rest_route=\/wp\/v2\/pages\/184"}],"wp:attachment":[{"href":"https:\/\/unfallanalyse.hamburg\/index.php?rest_route=%2Fwp%2Fv2%2Fmedia&parent=219"}],"curies":[{"name":"wp","href":"https:\/\/api.w.org\/{rel}","templated":true}]}}