{"id":221,"date":"2016-06-18T10:34:45","date_gmt":"2016-06-18T08:34:45","guid":{"rendered":"http:\/\/uf.fsar.de\/?page_id=221"},"modified":"2016-06-19T23:42:46","modified_gmt":"2016-06-19T21:42:46","slug":"bremsspur","status":"publish","type":"page","link":"https:\/\/unfallanalyse.hamburg\/?page_id=221","title":{"rendered":"Bremsspur"},"content":{"rendered":"<p>Die dunkle F\u00e4rbung einer Bremsspuren entsteht einerseits durch den mechanischen Abrieb des Reifens, zum gr\u00f6\u00dften Teil jedoch meistens durch das \u201eAusschwitzen\u201c von Bindemitteln aus dem Asphalt. In jedem Fall muss der Reifen zu einem gewissen Grade auf dem Asphalt \u201edurchrutschen\u201c, bis es zum mechanischen Abrieb aufgrund der dadurch verursachten W\u00e4rmeentwicklung kommt.<\/p>\n<p>Rollt das Fahrzeug hingegen mit gleichbleibender Geschwindigkeit, drehen sich die R\u00e4der genauso schnell, dass kein Durchrutschen zwischen Reifen und Fahrbahn auftritt. Erst das teilweise Durchrutschen der R\u00e4der beim Bremsvorgang erm\u00f6glicht die Kraft\u00fcbertragung zwischen Reifen und Fahrbahn und somit das Abbremsen des Fahrzeuges gegen die Massentr\u00e4gheit.<\/p>\n<p>Werden die R\u00e4der durch eine Blockierbremsung zum Stillstand gebracht, drehen sich also nicht mehr, kommt es zu einem reinen Rutschvorgang. Die Spurzeichnung ist in diesen F\u00e4llen besonders intensiv; der Unfallanalytiker spricht von einer Blockierspur. Drehen sich die R\u00e4der w\u00e4hrend der Bremsung jedoch weiter, allerdings mit geringerer Geschwindigkeit, als sie zum richtigen Rollen erforderlich w\u00e4re , kommt es zu einer schw\u00e4cheren Spurzeichnung. In diesem Fall spricht man von einer Bremsspur. Die Blockierspur ist also der Spezialfall einer Bremsspur, die bei 100 % blockierten R\u00e4dern entsteht.<\/p>\n","protected":false},"excerpt":{"rendered":"<p>Die dunkle F\u00e4rbung einer Bremsspuren entsteht einerseits durch den mechanischen Abrieb des Reifens, zum gr\u00f6\u00dften Teil jedoch meistens durch das \u201eAusschwitzen\u201c von Bindemitteln aus dem Asphalt. In jedem Fall muss der Reifen zu einem gewissen Grade auf dem Asphalt \u201edurchrutschen\u201c, bis es zum mechanischen Abrieb aufgrund der dadurch verursachten W\u00e4rmeentwicklung kommt. Rollt das Fahrzeug hingegen &hellip; <\/p>\n<p><a class=\"more-link block-button\" href=\"https:\/\/unfallanalyse.hamburg\/?page_id=221\">Weiter lesen &raquo;<\/a><\/p>\n","protected":false},"author":2,"featured_media":0,"parent":184,"menu_order":0,"comment_status":"closed","ping_status":"closed","template":"template-twocolumnsright.php","meta":{"footnotes":""},"class_list":["post-221","page","type-page","status-publish","hentry","nodate"],"_links":{"self":[{"href":"https:\/\/unfallanalyse.hamburg\/index.php?rest_route=\/wp\/v2\/pages\/221","targetHints":{"allow":["GET"]}}],"collection":[{"href":"https:\/\/unfallanalyse.hamburg\/index.php?rest_route=\/wp\/v2\/pages"}],"about":[{"href":"https:\/\/unfallanalyse.hamburg\/index.php?rest_route=\/wp\/v2\/types\/page"}],"author":[{"embeddable":true,"href":"https:\/\/unfallanalyse.hamburg\/index.php?rest_route=\/wp\/v2\/users\/2"}],"replies":[{"embeddable":true,"href":"https:\/\/unfallanalyse.hamburg\/index.php?rest_route=%2Fwp%2Fv2%2Fcomments&post=221"}],"version-history":[{"count":1,"href":"https:\/\/unfallanalyse.hamburg\/index.php?rest_route=\/wp\/v2\/pages\/221\/revisions"}],"predecessor-version":[{"id":222,"href":"https:\/\/unfallanalyse.hamburg\/index.php?rest_route=\/wp\/v2\/pages\/221\/revisions\/222"}],"up":[{"embeddable":true,"href":"https:\/\/unfallanalyse.hamburg\/index.php?rest_route=\/wp\/v2\/pages\/184"}],"wp:attachment":[{"href":"https:\/\/unfallanalyse.hamburg\/index.php?rest_route=%2Fwp%2Fv2%2Fmedia&parent=221"}],"curies":[{"name":"wp","href":"https:\/\/api.w.org\/{rel}","templated":true}]}}