{"id":229,"date":"2016-06-18T10:39:09","date_gmt":"2016-06-18T08:39:09","guid":{"rendered":"http:\/\/uf.fsar.de\/?page_id=229"},"modified":"2016-06-19T23:42:46","modified_gmt":"2016-06-19T21:42:46","slug":"fahrmanoever","status":"publish","type":"page","link":"https:\/\/unfallanalyse.hamburg\/?page_id=229","title":{"rendered":"Fahrman\u00f6ver"},"content":{"rendered":"<p><b>\u00dcbersicht der Themen in dieser Sektion<\/b><\/p>\n<p>Eine besondere Gewichtung in dieser Sektion liegt auf der Beschleunigung von Fahrzeugen aus dem Stand. Hier ist der zeitliche Ablauf f\u00fcr Abbiegeunf\u00e4lle und f\u00fcr Unfallvorg\u00e4nge beim Einbiegen bedeutsam. Weiterhin finden sie Ausf\u00fchrungen zu dem Fahrverhalten von Kraftfahrzeugen bei Kurvenfahrt und grunds\u00e4tzliche Ausf\u00fchrungen dazu, wie ein \u00dcberholvorgang abl\u00e4uft und wie die Dauer berechnet werden kann.<\/p>\n<p>Die Seite befindet sich noch im Aufbau.<\/p>\n","protected":false},"excerpt":{"rendered":"<p>\u00dcbersicht der Themen in dieser Sektion Eine besondere Gewichtung in dieser Sektion liegt auf der Beschleunigung von Fahrzeugen aus dem Stand. Hier ist der zeitliche Ablauf f\u00fcr Abbiegeunf\u00e4lle und f\u00fcr Unfallvorg\u00e4nge beim Einbiegen bedeutsam. Weiterhin finden sie Ausf\u00fchrungen zu dem Fahrverhalten von Kraftfahrzeugen bei Kurvenfahrt und grunds\u00e4tzliche Ausf\u00fchrungen dazu, wie ein \u00dcberholvorgang abl\u00e4uft und wie &hellip; <\/p>\n<p><a class=\"more-link block-button\" href=\"https:\/\/unfallanalyse.hamburg\/?page_id=229\">Weiter lesen &raquo;<\/a><\/p>\n","protected":false},"author":2,"featured_media":0,"parent":39,"menu_order":0,"comment_status":"closed","ping_status":"closed","template":"template-twocolumnsright.php","meta":{"footnotes":""},"class_list":["post-229","page","type-page","status-publish","hentry","nodate"],"_links":{"self":[{"href":"https:\/\/unfallanalyse.hamburg\/index.php?rest_route=\/wp\/v2\/pages\/229","targetHints":{"allow":["GET"]}}],"collection":[{"href":"https:\/\/unfallanalyse.hamburg\/index.php?rest_route=\/wp\/v2\/pages"}],"about":[{"href":"https:\/\/unfallanalyse.hamburg\/index.php?rest_route=\/wp\/v2\/types\/page"}],"author":[{"embeddable":true,"href":"https:\/\/unfallanalyse.hamburg\/index.php?rest_route=\/wp\/v2\/users\/2"}],"replies":[{"embeddable":true,"href":"https:\/\/unfallanalyse.hamburg\/index.php?rest_route=%2Fwp%2Fv2%2Fcomments&post=229"}],"version-history":[{"count":1,"href":"https:\/\/unfallanalyse.hamburg\/index.php?rest_route=\/wp\/v2\/pages\/229\/revisions"}],"predecessor-version":[{"id":230,"href":"https:\/\/unfallanalyse.hamburg\/index.php?rest_route=\/wp\/v2\/pages\/229\/revisions\/230"}],"up":[{"embeddable":true,"href":"https:\/\/unfallanalyse.hamburg\/index.php?rest_route=\/wp\/v2\/pages\/39"}],"wp:attachment":[{"href":"https:\/\/unfallanalyse.hamburg\/index.php?rest_route=%2Fwp%2Fv2%2Fmedia&parent=229"}],"curies":[{"name":"wp","href":"https:\/\/api.w.org\/{rel}","templated":true}]}}