{"id":235,"date":"2016-06-18T10:42:33","date_gmt":"2016-06-18T08:42:33","guid":{"rendered":"http:\/\/uf.fsar.de\/?page_id=235"},"modified":"2016-06-19T23:42:46","modified_gmt":"2016-06-19T21:42:46","slug":"beschleunigung","status":"publish","type":"page","link":"https:\/\/unfallanalyse.hamburg\/?page_id=235","title":{"rendered":"Beschleunigung"},"content":{"rendered":"<p>Per Definition ist die Beschleunigung der Zuwachs der Geschwindigkeit pro Zeiteinheit. Man unterscheidet:<\/p>\n<p>Gleichf\u00f6rmige Beschleunigungen, bei denen pro Zeiteinheit die Geschwindigkeit um den gleichen Betrag zunimmt und ungleichf\u00f6rmige Beschleunigungen. In der Unfallrekonstruktion wird in den meisten F\u00e4llen mit immer gleichf\u00f6rmigen Beschleunigungen gerechnet. So bedeutet beispielsweise eine Motorradbeschleunigung von 5 m\/s\u00b2, dass in jeder Sekunde die das Motorrad beschleunigt wird, die Geschwindigkeit um 5 m\/s zunimmt. Dieser eher abstrakte Wert l\u00e4sst sich auch anders ausdr\u00fccken:<\/p>\n<p>Wie sich aus der Umrechnungstabelle ergibt, entsprechen 5 m\/s genau 18 km\/h. In dieser Sekunde, in der das Motorrad beschleunigt wird, w\u00e4chst die Geschwindigkeit also um 18 km\/h. Bei einer konstanten Beschleunigung \u00fcber einen Zeitraum von 5 s besitzt das Motorrad eine Geschwindigkeit von 5 x 18 = 90 km\/h zur\u00fcck. Es gelten folgende Anhaltswerte f\u00fcr die Beschleunigungen im Stra\u00dfenverkehr:<\/p>\n<ul>\n<li>Anfahrbeschleunigung Pkw: 1,5 m\/s\u00b2<\/li>\n<li>Maximale Anfahrbeschleunigung normaler Pkw: ca. 3,0 m\/s\u00b2<\/li>\n<li>Anfahrbeschleunigung Zweirad: 2 bis 5 m\/s\u00b2<\/li>\n<li>Anfahrbeschleunigung Lkw: 1,0 m\/s\u00b2<\/li>\n<li>Anfahrbeschleunigung ?: 1,2 m\/s\u00b2<\/li>\n<li>Anfahrbeschleunigung Fahrrad ? m\/s\u00b2<\/li>\n<\/ul>\n","protected":false},"excerpt":{"rendered":"<p>Per Definition ist die Beschleunigung der Zuwachs der Geschwindigkeit pro Zeiteinheit. Man unterscheidet: Gleichf\u00f6rmige Beschleunigungen, bei denen pro Zeiteinheit die Geschwindigkeit um den gleichen Betrag zunimmt und ungleichf\u00f6rmige Beschleunigungen. In der Unfallrekonstruktion wird in den meisten F\u00e4llen mit immer gleichf\u00f6rmigen Beschleunigungen gerechnet. So bedeutet beispielsweise eine Motorradbeschleunigung von 5 m\/s\u00b2, dass in jeder Sekunde die &hellip; <\/p>\n<p><a class=\"more-link block-button\" href=\"https:\/\/unfallanalyse.hamburg\/?page_id=235\">Weiter lesen &raquo;<\/a><\/p>\n","protected":false},"author":2,"featured_media":0,"parent":229,"menu_order":0,"comment_status":"closed","ping_status":"closed","template":"template-twocolumnsright.php","meta":{"footnotes":""},"class_list":["post-235","page","type-page","status-publish","hentry","nodate"],"_links":{"self":[{"href":"https:\/\/unfallanalyse.hamburg\/index.php?rest_route=\/wp\/v2\/pages\/235","targetHints":{"allow":["GET"]}}],"collection":[{"href":"https:\/\/unfallanalyse.hamburg\/index.php?rest_route=\/wp\/v2\/pages"}],"about":[{"href":"https:\/\/unfallanalyse.hamburg\/index.php?rest_route=\/wp\/v2\/types\/page"}],"author":[{"embeddable":true,"href":"https:\/\/unfallanalyse.hamburg\/index.php?rest_route=\/wp\/v2\/users\/2"}],"replies":[{"embeddable":true,"href":"https:\/\/unfallanalyse.hamburg\/index.php?rest_route=%2Fwp%2Fv2%2Fcomments&post=235"}],"version-history":[{"count":1,"href":"https:\/\/unfallanalyse.hamburg\/index.php?rest_route=\/wp\/v2\/pages\/235\/revisions"}],"predecessor-version":[{"id":236,"href":"https:\/\/unfallanalyse.hamburg\/index.php?rest_route=\/wp\/v2\/pages\/235\/revisions\/236"}],"up":[{"embeddable":true,"href":"https:\/\/unfallanalyse.hamburg\/index.php?rest_route=\/wp\/v2\/pages\/229"}],"wp:attachment":[{"href":"https:\/\/unfallanalyse.hamburg\/index.php?rest_route=%2Fwp%2Fv2%2Fmedia&parent=235"}],"curies":[{"name":"wp","href":"https:\/\/api.w.org\/{rel}","templated":true}]}}