{"id":237,"date":"2016-06-18T10:43:02","date_gmt":"2016-06-18T08:43:02","guid":{"rendered":"http:\/\/uf.fsar.de\/?page_id=237"},"modified":"2016-06-19T23:42:46","modified_gmt":"2016-06-19T21:42:46","slug":"fahrverhalten","status":"publish","type":"page","link":"https:\/\/unfallanalyse.hamburg\/?page_id=237","title":{"rendered":"Fahrverhalten"},"content":{"rendered":"<ul>\n<li>Neutral: Richtungsstabil, ohne Tendenz.<\/li>\n<li>\u00dcbersteuernd: Konstruktiv bedingte Tendenz des Fahrzeuges, mit dem Heck in Richtung Kurvenau\u00dfenseite auszubrechen<\/li>\n<li>Untersteuernd: Konstruktiv bedingte Tendenz des Fahrzeuges, mit der Front in Richtung Kurvenau\u00dfenseite auszuschieben.<\/li>\n<\/ul>\n","protected":false},"excerpt":{"rendered":"<p>Neutral: Richtungsstabil, ohne Tendenz. \u00dcbersteuernd: Konstruktiv bedingte Tendenz des Fahrzeuges, mit dem Heck in Richtung Kurvenau\u00dfenseite auszubrechen Untersteuernd: Konstruktiv bedingte Tendenz des Fahrzeuges, mit der Front in Richtung Kurvenau\u00dfenseite auszuschieben.<\/p>\n","protected":false},"author":2,"featured_media":0,"parent":229,"menu_order":0,"comment_status":"closed","ping_status":"closed","template":"template-twocolumnsright.php","meta":{"footnotes":""},"class_list":["post-237","page","type-page","status-publish","hentry","nodate"],"_links":{"self":[{"href":"https:\/\/unfallanalyse.hamburg\/index.php?rest_route=\/wp\/v2\/pages\/237","targetHints":{"allow":["GET"]}}],"collection":[{"href":"https:\/\/unfallanalyse.hamburg\/index.php?rest_route=\/wp\/v2\/pages"}],"about":[{"href":"https:\/\/unfallanalyse.hamburg\/index.php?rest_route=\/wp\/v2\/types\/page"}],"author":[{"embeddable":true,"href":"https:\/\/unfallanalyse.hamburg\/index.php?rest_route=\/wp\/v2\/users\/2"}],"replies":[{"embeddable":true,"href":"https:\/\/unfallanalyse.hamburg\/index.php?rest_route=%2Fwp%2Fv2%2Fcomments&post=237"}],"version-history":[{"count":1,"href":"https:\/\/unfallanalyse.hamburg\/index.php?rest_route=\/wp\/v2\/pages\/237\/revisions"}],"predecessor-version":[{"id":238,"href":"https:\/\/unfallanalyse.hamburg\/index.php?rest_route=\/wp\/v2\/pages\/237\/revisions\/238"}],"up":[{"embeddable":true,"href":"https:\/\/unfallanalyse.hamburg\/index.php?rest_route=\/wp\/v2\/pages\/229"}],"wp:attachment":[{"href":"https:\/\/unfallanalyse.hamburg\/index.php?rest_route=%2Fwp%2Fv2%2Fmedia&parent=237"}],"curies":[{"name":"wp","href":"https:\/\/api.w.org\/{rel}","templated":true}]}}