{"id":263,"date":"2016-06-18T10:53:52","date_gmt":"2016-06-18T08:53:52","guid":{"rendered":"http:\/\/uf.fsar.de\/?page_id=263"},"modified":"2016-06-19T23:42:46","modified_gmt":"2016-06-19T21:42:46","slug":"kratzspur","status":"publish","type":"page","link":"https:\/\/unfallanalyse.hamburg\/?page_id=263","title":{"rendered":"Kratzspur"},"content":{"rendered":"<h2>Kratzspuren von Zweir\u00e4dern<\/h2>\n<p>Umgest\u00fcrzte Zweir\u00e4der hinterlassen bei einem Rutschvorgang auf einer Stra\u00dfenoberfl\u00e4che Kratzspuren, die den Auslaufweg markieren. Die Auswertung der Kratzspurl\u00e4ngen f\u00fchrt \u2013 \u00e4hnlich wie bei Bremsspuren \u2013 zu Aussagen, die die Rutschgeschwindigkeit betreffen. Je l\u00e4nger diese Kratzspuren sind, umso h\u00f6her ist auch die Geschwindigkeit bei Beginn des Rutschvorganges. Allerdings sind die sich ergebenden Streuungen bei dieser Betrachtung wesentlich gr\u00f6\u00dfer, als bei Auswertungen von Blockierspuren. Als Faustregel gilt, dass schwere Motorr\u00e4der deutlich geringere Streubreiten der m\u00f6glichen Verz\u00f6gerung w\u00e4hrend eines Rutschvorganges aufweisen, als leichtere Zweir\u00e4der, insbesondere Mofa und Fahrr\u00e4der. Die unten stehende Grafik zeigt den Zusammenhang zwischen der Rutschstrecke und der Geschwindigkeit zu Beginn des Rutschvorgangs f\u00fcr die genannten Zweiradarten.<\/p>\n<p>Wie die von verschiedenen Institutionen durchgef\u00fchrten Versuche ergeben haben, rutschen schwerere Motorr\u00e4der, insbesondere bei h\u00f6heren Geschwindigkeiten mit relativ konstanten Verz\u00f6gerungswerten \u00fcber die Fahrbahn. Bei leichteren Zweir\u00e4dern, wie Mofa oder Fahrr\u00e4dern treten gr\u00f6\u00dfere Streubreiten auf.<\/p>\n<p>Z.B. deutet eine Rutschweite eines Motorrades von 60 m auf Geschwindigkeiten zwischen 75 bis rund 80 km\/h hin. Dieses Diagramm kann zum einen benutzt werden, um Auslaufgeschwindigkeiten schwererer Motorr\u00e4der nach Sturzvorg\u00e4ngen oder auch Kollisionsvorg\u00e4ngen einzugrenzen. Au\u00dferdem k\u00f6nnen hieraus bei Ansto\u00dfvorg\u00e4ngen von Pkw gegen leichte Zweir\u00e4der Geschwindigkeitseingrenzungen f\u00fcr den Pkw vorgenommen werden. Geht man beispielsweise davon aus, dass ein Fahrrad nach einer rechtwinkligen Kollision mit einer Pkw-Front noch 70 m \u00fcber die Fahrbahn gerutscht ist, weist dies auf Ansto\u00dfgeschwindigkeiten des Pkw zwischen rund 95 bis 115 km\/h hin. Streng genommen handelt es sich dabei um die Geschwindigkeit des Pkw unmittelbar nach der Kollision und der kollisionsbedingte Geschwindigkeitsverlust muss noch ber\u00fccksichtigt werden.<\/p>\n","protected":false},"excerpt":{"rendered":"<p>Kratzspuren von Zweir\u00e4dern Umgest\u00fcrzte Zweir\u00e4der hinterlassen bei einem Rutschvorgang auf einer Stra\u00dfenoberfl\u00e4che Kratzspuren, die den Auslaufweg markieren. Die Auswertung der Kratzspurl\u00e4ngen f\u00fchrt \u2013 \u00e4hnlich wie bei Bremsspuren \u2013 zu Aussagen, die die Rutschgeschwindigkeit betreffen. Je l\u00e4nger diese Kratzspuren sind, umso h\u00f6her ist auch die Geschwindigkeit bei Beginn des Rutschvorganges. Allerdings sind die sich ergebenden Streuungen &hellip; <\/p>\n<p><a class=\"more-link block-button\" href=\"https:\/\/unfallanalyse.hamburg\/?page_id=263\">Weiter lesen &raquo;<\/a><\/p>\n","protected":false},"author":2,"featured_media":0,"parent":245,"menu_order":0,"comment_status":"closed","ping_status":"closed","template":"template-twocolumnsright.php","meta":{"footnotes":""},"class_list":["post-263","page","type-page","status-publish","hentry","nodate"],"_links":{"self":[{"href":"https:\/\/unfallanalyse.hamburg\/index.php?rest_route=\/wp\/v2\/pages\/263","targetHints":{"allow":["GET"]}}],"collection":[{"href":"https:\/\/unfallanalyse.hamburg\/index.php?rest_route=\/wp\/v2\/pages"}],"about":[{"href":"https:\/\/unfallanalyse.hamburg\/index.php?rest_route=\/wp\/v2\/types\/page"}],"author":[{"embeddable":true,"href":"https:\/\/unfallanalyse.hamburg\/index.php?rest_route=\/wp\/v2\/users\/2"}],"replies":[{"embeddable":true,"href":"https:\/\/unfallanalyse.hamburg\/index.php?rest_route=%2Fwp%2Fv2%2Fcomments&post=263"}],"version-history":[{"count":1,"href":"https:\/\/unfallanalyse.hamburg\/index.php?rest_route=\/wp\/v2\/pages\/263\/revisions"}],"predecessor-version":[{"id":264,"href":"https:\/\/unfallanalyse.hamburg\/index.php?rest_route=\/wp\/v2\/pages\/263\/revisions\/264"}],"up":[{"embeddable":true,"href":"https:\/\/unfallanalyse.hamburg\/index.php?rest_route=\/wp\/v2\/pages\/245"}],"wp:attachment":[{"href":"https:\/\/unfallanalyse.hamburg\/index.php?rest_route=%2Fwp%2Fv2%2Fmedia&parent=263"}],"curies":[{"name":"wp","href":"https:\/\/api.w.org\/{rel}","templated":true}]}}