{"id":339,"date":"2016-06-18T11:41:19","date_gmt":"2016-06-18T09:41:19","guid":{"rendered":"http:\/\/uf.fsar.de\/?page_id=339"},"modified":"2016-06-19T23:42:47","modified_gmt":"2016-06-19T21:42:47","slug":"gurtbenutzung","status":"publish","type":"page","link":"https:\/\/unfallanalyse.hamburg\/?page_id=339","title":{"rendered":"Gurtbenutzung"},"content":{"rendered":"<p style=\"text-align: justify;\">Nach Verkehrsunf\u00e4llen stellt sich h\u00e4ufig die Frage, ob der Sicherheitsgurt von den Insassen benutzt wurde oder nicht. Bei angeschnallten Insassen entstehen bei hohen Belastungen sogenannte Gurtprellmarken im Brustbereich, die leider nur selten in den Krankenakten dokumentiert sind.<\/p>\n<p>Bei nicht angeschnallten Personen fehlen diese Prellmarken. Bereits bei geringeren Ansto\u00dfgeschwindigkeiten nicht angegurteter Personen treten typischerweise Gesichtsverletzungen durch den Anprall gegen die Windschutzscheibe auf. Es handelt sich dabei um Glassplitterverletzungen \u00fcberwiegend im Stirn- und Nasenbereich, ferner auch oft an den Handr\u00fccken und den Unterarmen. Diese Verletzungen lassen sich fast ausschlie\u00dflich bei nicht angegurteten Frontinsassen nachweisen, sofern nicht extrem hohe Kollisionsgeschwindigkeiten vorlagen.<\/p>\n","protected":false},"excerpt":{"rendered":"<p>Nach Verkehrsunf\u00e4llen stellt sich h\u00e4ufig die Frage, ob der Sicherheitsgurt von den Insassen benutzt wurde oder nicht. Bei angeschnallten Insassen entstehen bei hohen Belastungen sogenannte Gurtprellmarken im Brustbereich, die leider nur selten in den Krankenakten dokumentiert sind. Bei nicht angeschnallten Personen fehlen diese Prellmarken. Bereits bei geringeren Ansto\u00dfgeschwindigkeiten nicht angegurteter Personen treten typischerweise Gesichtsverletzungen durch &hellip; <\/p>\n<p><a class=\"more-link block-button\" href=\"https:\/\/unfallanalyse.hamburg\/?page_id=339\">Weiter lesen &raquo;<\/a><\/p>\n","protected":false},"author":2,"featured_media":0,"parent":332,"menu_order":0,"comment_status":"closed","ping_status":"closed","template":"template-twocolumnsright.php","meta":{"footnotes":""},"class_list":["post-339","page","type-page","status-publish","hentry","nodate"],"_links":{"self":[{"href":"https:\/\/unfallanalyse.hamburg\/index.php?rest_route=\/wp\/v2\/pages\/339","targetHints":{"allow":["GET"]}}],"collection":[{"href":"https:\/\/unfallanalyse.hamburg\/index.php?rest_route=\/wp\/v2\/pages"}],"about":[{"href":"https:\/\/unfallanalyse.hamburg\/index.php?rest_route=\/wp\/v2\/types\/page"}],"author":[{"embeddable":true,"href":"https:\/\/unfallanalyse.hamburg\/index.php?rest_route=\/wp\/v2\/users\/2"}],"replies":[{"embeddable":true,"href":"https:\/\/unfallanalyse.hamburg\/index.php?rest_route=%2Fwp%2Fv2%2Fcomments&post=339"}],"version-history":[{"count":1,"href":"https:\/\/unfallanalyse.hamburg\/index.php?rest_route=\/wp\/v2\/pages\/339\/revisions"}],"predecessor-version":[{"id":340,"href":"https:\/\/unfallanalyse.hamburg\/index.php?rest_route=\/wp\/v2\/pages\/339\/revisions\/340"}],"up":[{"embeddable":true,"href":"https:\/\/unfallanalyse.hamburg\/index.php?rest_route=\/wp\/v2\/pages\/332"}],"wp:attachment":[{"href":"https:\/\/unfallanalyse.hamburg\/index.php?rest_route=%2Fwp%2Fv2%2Fmedia&parent=339"}],"curies":[{"name":"wp","href":"https:\/\/api.w.org\/{rel}","templated":true}]}}