{"id":341,"date":"2016-06-18T11:41:41","date_gmt":"2016-06-18T09:41:41","guid":{"rendered":"http:\/\/uf.fsar.de\/?page_id=341"},"modified":"2016-06-19T23:42:47","modified_gmt":"2016-06-19T21:42:47","slug":"kollisionsfolgen","status":"publish","type":"page","link":"https:\/\/unfallanalyse.hamburg\/?page_id=341","title":{"rendered":"Kollisionsfolgen"},"content":{"rendered":"<p style=\"text-align: justify;\">Die Folgen einer Kollision mit einem stehenden, gleichschweren und mit einem entgegenkommenden, gleichschnellen und gleichschweren Fahrzeug sind geringer als jene mit einer Wand. Die Annahme, die Summe der Geschwindigkeiten zweier kollidierender Fahrzeuge h\u00e4tten irgend einen Einfluss auf die Verletzungen oder Besch\u00e4digungen ist falsch. Vielmehr baut jedes der Fahrzeuge die ihm innewohnende Geschwindigkeit in dem vom Impulssatz gegebenen Rahmen ab. Es kann zu keinem R\u00fcckprall eines Fahrzeuges kommen, au\u00dfer beim Kontakt mit einem vollelastischen Gegenstand (z.B. Reifen), wohl aber zu einem Zur\u00fccksto\u00dfen entgegen der Ankommrichtung bei erheblichem Geschwindigkeits- oder Gewichts\u00fcbergang des Sto\u00dfpartners.<\/p>\n","protected":false},"excerpt":{"rendered":"<p>Die Folgen einer Kollision mit einem stehenden, gleichschweren und mit einem entgegenkommenden, gleichschnellen und gleichschweren Fahrzeug sind geringer als jene mit einer Wand. Die Annahme, die Summe der Geschwindigkeiten zweier kollidierender Fahrzeuge h\u00e4tten irgend einen Einfluss auf die Verletzungen oder Besch\u00e4digungen ist falsch. Vielmehr baut jedes der Fahrzeuge die ihm innewohnende Geschwindigkeit in dem vom &hellip; <\/p>\n<p><a class=\"more-link block-button\" href=\"https:\/\/unfallanalyse.hamburg\/?page_id=341\">Weiter lesen &raquo;<\/a><\/p>\n","protected":false},"author":2,"featured_media":0,"parent":332,"menu_order":0,"comment_status":"closed","ping_status":"closed","template":"template-twocolumnsright.php","meta":{"footnotes":""},"class_list":["post-341","page","type-page","status-publish","hentry","nodate"],"_links":{"self":[{"href":"https:\/\/unfallanalyse.hamburg\/index.php?rest_route=\/wp\/v2\/pages\/341","targetHints":{"allow":["GET"]}}],"collection":[{"href":"https:\/\/unfallanalyse.hamburg\/index.php?rest_route=\/wp\/v2\/pages"}],"about":[{"href":"https:\/\/unfallanalyse.hamburg\/index.php?rest_route=\/wp\/v2\/types\/page"}],"author":[{"embeddable":true,"href":"https:\/\/unfallanalyse.hamburg\/index.php?rest_route=\/wp\/v2\/users\/2"}],"replies":[{"embeddable":true,"href":"https:\/\/unfallanalyse.hamburg\/index.php?rest_route=%2Fwp%2Fv2%2Fcomments&post=341"}],"version-history":[{"count":1,"href":"https:\/\/unfallanalyse.hamburg\/index.php?rest_route=\/wp\/v2\/pages\/341\/revisions"}],"predecessor-version":[{"id":342,"href":"https:\/\/unfallanalyse.hamburg\/index.php?rest_route=\/wp\/v2\/pages\/341\/revisions\/342"}],"up":[{"embeddable":true,"href":"https:\/\/unfallanalyse.hamburg\/index.php?rest_route=\/wp\/v2\/pages\/332"}],"wp:attachment":[{"href":"https:\/\/unfallanalyse.hamburg\/index.php?rest_route=%2Fwp%2Fv2%2Fmedia&parent=341"}],"curies":[{"name":"wp","href":"https:\/\/api.w.org\/{rel}","templated":true}]}}