{"id":373,"date":"2016-06-18T11:58:30","date_gmt":"2016-06-18T09:58:30","guid":{"rendered":"http:\/\/uf.fsar.de\/?page_id=373"},"modified":"2016-06-19T23:42:47","modified_gmt":"2016-06-19T21:42:47","slug":"impulssatz","status":"publish","type":"page","link":"https:\/\/unfallanalyse.hamburg\/?page_id=373","title":{"rendered":"Impulssatz"},"content":{"rendered":"<p style=\"text-align: justify;\">Die Erkenntnis, dass aufgrund von Naturgesetzen die Summe der Bewegungsgr\u00f6\u00dfen vor dem Zusammensto\u00df gleich der Bewegungsgr\u00f6\u00dfe der Gesamtmasse beider Fahrzeuge nach dem Zusammensto\u00df ist, erm\u00f6glicht es, unter gewissen Voraussetzungen den Geschwindigkeitsverlust durch die Kollision zu berechnen.<\/p>\n","protected":false},"excerpt":{"rendered":"<p>Die Erkenntnis, dass aufgrund von Naturgesetzen die Summe der Bewegungsgr\u00f6\u00dfen vor dem Zusammensto\u00df gleich der Bewegungsgr\u00f6\u00dfe der Gesamtmasse beider Fahrzeuge nach dem Zusammensto\u00df ist, erm\u00f6glicht es, unter gewissen Voraussetzungen den Geschwindigkeitsverlust durch die Kollision zu berechnen.<\/p>\n","protected":false},"author":2,"featured_media":0,"parent":343,"menu_order":0,"comment_status":"closed","ping_status":"closed","template":"template-twocolumnsright.php","meta":{"footnotes":""},"class_list":["post-373","page","type-page","status-publish","hentry","nodate"],"_links":{"self":[{"href":"https:\/\/unfallanalyse.hamburg\/index.php?rest_route=\/wp\/v2\/pages\/373","targetHints":{"allow":["GET"]}}],"collection":[{"href":"https:\/\/unfallanalyse.hamburg\/index.php?rest_route=\/wp\/v2\/pages"}],"about":[{"href":"https:\/\/unfallanalyse.hamburg\/index.php?rest_route=\/wp\/v2\/types\/page"}],"author":[{"embeddable":true,"href":"https:\/\/unfallanalyse.hamburg\/index.php?rest_route=\/wp\/v2\/users\/2"}],"replies":[{"embeddable":true,"href":"https:\/\/unfallanalyse.hamburg\/index.php?rest_route=%2Fwp%2Fv2%2Fcomments&post=373"}],"version-history":[{"count":1,"href":"https:\/\/unfallanalyse.hamburg\/index.php?rest_route=\/wp\/v2\/pages\/373\/revisions"}],"predecessor-version":[{"id":374,"href":"https:\/\/unfallanalyse.hamburg\/index.php?rest_route=\/wp\/v2\/pages\/373\/revisions\/374"}],"up":[{"embeddable":true,"href":"https:\/\/unfallanalyse.hamburg\/index.php?rest_route=\/wp\/v2\/pages\/343"}],"wp:attachment":[{"href":"https:\/\/unfallanalyse.hamburg\/index.php?rest_route=%2Fwp%2Fv2%2Fmedia&parent=373"}],"curies":[{"name":"wp","href":"https:\/\/api.w.org\/{rel}","templated":true}]}}