{"id":394,"date":"2016-06-18T12:12:24","date_gmt":"2016-06-18T10:12:24","guid":{"rendered":"http:\/\/uf.fsar.de\/?page_id=394"},"modified":"2016-06-19T23:42:47","modified_gmt":"2016-06-19T21:42:47","slug":"ueberblick","status":"publish","type":"page","link":"https:\/\/unfallanalyse.hamburg\/?page_id=394","title":{"rendered":"\u00dcberblick"},"content":{"rendered":"<h2><b>\u00dcbersicht der Themen in dieser Sektion<\/b><\/h2>\n<p>Die Seite ist noch im Aufbau. Die Links in dem \u00dcbersichtsblock k\u00f6nnen schon besucht werden.<\/p>\n","protected":false},"excerpt":{"rendered":"<p>\u00dcbersicht der Themen in dieser Sektion Die Seite ist noch im Aufbau. Die Links in dem \u00dcbersichtsblock k\u00f6nnen schon besucht werden.<\/p>\n","protected":false},"author":2,"featured_media":0,"parent":392,"menu_order":0,"comment_status":"closed","ping_status":"closed","template":"template-twocolumnsright.php","meta":{"footnotes":""},"class_list":["post-394","page","type-page","status-publish","hentry","nodate"],"_links":{"self":[{"href":"https:\/\/unfallanalyse.hamburg\/index.php?rest_route=\/wp\/v2\/pages\/394","targetHints":{"allow":["GET"]}}],"collection":[{"href":"https:\/\/unfallanalyse.hamburg\/index.php?rest_route=\/wp\/v2\/pages"}],"about":[{"href":"https:\/\/unfallanalyse.hamburg\/index.php?rest_route=\/wp\/v2\/types\/page"}],"author":[{"embeddable":true,"href":"https:\/\/unfallanalyse.hamburg\/index.php?rest_route=\/wp\/v2\/users\/2"}],"replies":[{"embeddable":true,"href":"https:\/\/unfallanalyse.hamburg\/index.php?rest_route=%2Fwp%2Fv2%2Fcomments&post=394"}],"version-history":[{"count":1,"href":"https:\/\/unfallanalyse.hamburg\/index.php?rest_route=\/wp\/v2\/pages\/394\/revisions"}],"predecessor-version":[{"id":395,"href":"https:\/\/unfallanalyse.hamburg\/index.php?rest_route=\/wp\/v2\/pages\/394\/revisions\/395"}],"up":[{"embeddable":true,"href":"https:\/\/unfallanalyse.hamburg\/index.php?rest_route=\/wp\/v2\/pages\/392"}],"wp:attachment":[{"href":"https:\/\/unfallanalyse.hamburg\/index.php?rest_route=%2Fwp%2Fv2%2Fmedia&parent=394"}],"curies":[{"name":"wp","href":"https:\/\/api.w.org\/{rel}","templated":true}]}}