{"id":398,"date":"2016-06-18T12:13:53","date_gmt":"2016-06-18T10:13:53","guid":{"rendered":"http:\/\/uf.fsar.de\/?page_id=398"},"modified":"2016-06-19T23:42:47","modified_gmt":"2016-06-19T21:42:47","slug":"ais","status":"publish","type":"page","link":"https:\/\/unfallanalyse.hamburg\/?page_id=398","title":{"rendered":"AIS"},"content":{"rendered":"<h2>AIS = Abr. Injury Scale<\/h2>\n<p><b>Abbreviated Injury Scale<\/b><\/p>\n<p>Zum internationalen Vergleich der Verletzungsschwere wurden die folgenden Richtlinien geschaffen:<\/p>\n<ul>\n<li>AIS 0: keine Verletzung<\/li>\n<li>AIS 1: leichte Verletzungen, wie oberfl\u00e4chliche Wunden, Muskelschmerzen u.\u00e4.<\/li>\n<li>AIS 2: m\u00e4\u00dfige Verletzungen, wie tiefe Fleischwunden, Gehirnersch\u00fctterung mit Bewusstlosigkeit bis 15 Min., unkomplizierte R\u00f6hrenknochenfrakturen, ein unkomplizierte Rippenfraktur u.\u00e4.<\/li>\n<li>AIS 3: ernsthafte, nicht lebensgef\u00e4hrliche Verletzungen, wie Sch\u00e4delbr\u00fcche ohne Gehirnverletzungen, Wirbels\u00e4ulenluxationen unterhalb des vierten Halswirbels ohne R\u00fcckenmarkbeteiligung, mehrfache Rippenfrakturen ohne paradoxe Atmung u.\u00e4.<\/li>\n<li>AIS 4: ernsthafte Verletzungen (lebensgef\u00e4hrlich, \u00dcberleben wahrscheinlich), wie Gehirnersch\u00fctterung mit oder ohne Sch\u00e4delbruch mit Bewusstlosigkeit bis 12 Stunden, paradoxe Atmung<\/li>\n<li>AIS 5: Kritische Verletzungen (lebensgef\u00e4hrlich, \u00dcberleben ungewiss), wie Wirbels\u00e4ulenfrakturen unterhalb des vierten Halswirbels mit R\u00fcckenmarkbeteiligung, Darmrisse, Herzrisse, Bewusstlosigkeit von mehr als 12 Stunden einschlie\u00dflich Blutung ins Sch\u00e4delinnere<\/li>\n<li>AIS 6: Schwerste oder t\u00f6dliche Verletzungen, wie Halswirbels\u00e4ulenfraktur oberhalb des dritten Halswirbels mit R\u00fcckenmarkbeteiligung, schwerste offene Zweih\u00f6hlenverletzungen (Brust- und Bauchh\u00f6hle) u.\u00e4.<\/li>\n<li>AIS 9: unbekannte Verletzungen.<\/li>\n<\/ul>\n","protected":false},"excerpt":{"rendered":"<p>AIS = Abr. Injury Scale Abbreviated Injury Scale Zum internationalen Vergleich der Verletzungsschwere wurden die folgenden Richtlinien geschaffen: AIS 0: keine Verletzung AIS 1: leichte Verletzungen, wie oberfl\u00e4chliche Wunden, Muskelschmerzen u.\u00e4. AIS 2: m\u00e4\u00dfige Verletzungen, wie tiefe Fleischwunden, Gehirnersch\u00fctterung mit Bewusstlosigkeit bis 15 Min., unkomplizierte R\u00f6hrenknochenfrakturen, ein unkomplizierte Rippenfraktur u.\u00e4. AIS 3: ernsthafte, nicht lebensgef\u00e4hrliche &hellip; <\/p>\n<p><a class=\"more-link block-button\" href=\"https:\/\/unfallanalyse.hamburg\/?page_id=398\">Weiter lesen &raquo;<\/a><\/p>\n","protected":false},"author":2,"featured_media":0,"parent":392,"menu_order":0,"comment_status":"closed","ping_status":"closed","template":"template-twocolumnsright.php","meta":{"footnotes":""},"class_list":["post-398","page","type-page","status-publish","hentry","nodate"],"_links":{"self":[{"href":"https:\/\/unfallanalyse.hamburg\/index.php?rest_route=\/wp\/v2\/pages\/398","targetHints":{"allow":["GET"]}}],"collection":[{"href":"https:\/\/unfallanalyse.hamburg\/index.php?rest_route=\/wp\/v2\/pages"}],"about":[{"href":"https:\/\/unfallanalyse.hamburg\/index.php?rest_route=\/wp\/v2\/types\/page"}],"author":[{"embeddable":true,"href":"https:\/\/unfallanalyse.hamburg\/index.php?rest_route=\/wp\/v2\/users\/2"}],"replies":[{"embeddable":true,"href":"https:\/\/unfallanalyse.hamburg\/index.php?rest_route=%2Fwp%2Fv2%2Fcomments&post=398"}],"version-history":[{"count":1,"href":"https:\/\/unfallanalyse.hamburg\/index.php?rest_route=\/wp\/v2\/pages\/398\/revisions"}],"predecessor-version":[{"id":399,"href":"https:\/\/unfallanalyse.hamburg\/index.php?rest_route=\/wp\/v2\/pages\/398\/revisions\/399"}],"up":[{"embeddable":true,"href":"https:\/\/unfallanalyse.hamburg\/index.php?rest_route=\/wp\/v2\/pages\/392"}],"wp:attachment":[{"href":"https:\/\/unfallanalyse.hamburg\/index.php?rest_route=%2Fwp%2Fv2%2Fmedia&parent=398"}],"curies":[{"name":"wp","href":"https:\/\/api.w.org\/{rel}","templated":true}]}}