{"id":402,"date":"2016-06-18T12:14:36","date_gmt":"2016-06-18T10:14:36","guid":{"rendered":"http:\/\/uf.fsar.de\/?page_id=402"},"modified":"2016-06-19T23:42:47","modified_gmt":"2016-06-19T21:42:47","slug":"hic","status":"publish","type":"page","link":"https:\/\/unfallanalyse.hamburg\/?page_id=402","title":{"rendered":"HIC"},"content":{"rendered":"<h2>HIC-head injury criterion<\/h2>\n<p>Kopfverletzungsindex. Bewertungsma\u00dfstab aus der Kollisionsverz\u00f6gerung und deren zeitlichem Verlauf (Sto\u00df).<\/p>\n<p>Die Gehirnverletzungen h\u00e4ngen von der Intensit\u00e4t und von der Dauer der Verz\u00f6gerungseinwirkung ab. Das menschliche Gehirn kann, wenn diese k\u00fcrzer als 3 ms sind, sehr hohe Verz\u00f6gerungen aushalten.<\/p>\n","protected":false},"excerpt":{"rendered":"<p>HIC-head injury criterion Kopfverletzungsindex. Bewertungsma\u00dfstab aus der Kollisionsverz\u00f6gerung und deren zeitlichem Verlauf (Sto\u00df). Die Gehirnverletzungen h\u00e4ngen von der Intensit\u00e4t und von der Dauer der Verz\u00f6gerungseinwirkung ab. Das menschliche Gehirn kann, wenn diese k\u00fcrzer als 3 ms sind, sehr hohe Verz\u00f6gerungen aushalten.<\/p>\n","protected":false},"author":2,"featured_media":0,"parent":392,"menu_order":0,"comment_status":"closed","ping_status":"closed","template":"template-twocolumnsright.php","meta":{"footnotes":""},"class_list":["post-402","page","type-page","status-publish","hentry","nodate"],"_links":{"self":[{"href":"https:\/\/unfallanalyse.hamburg\/index.php?rest_route=\/wp\/v2\/pages\/402","targetHints":{"allow":["GET"]}}],"collection":[{"href":"https:\/\/unfallanalyse.hamburg\/index.php?rest_route=\/wp\/v2\/pages"}],"about":[{"href":"https:\/\/unfallanalyse.hamburg\/index.php?rest_route=\/wp\/v2\/types\/page"}],"author":[{"embeddable":true,"href":"https:\/\/unfallanalyse.hamburg\/index.php?rest_route=\/wp\/v2\/users\/2"}],"replies":[{"embeddable":true,"href":"https:\/\/unfallanalyse.hamburg\/index.php?rest_route=%2Fwp%2Fv2%2Fcomments&post=402"}],"version-history":[{"count":1,"href":"https:\/\/unfallanalyse.hamburg\/index.php?rest_route=\/wp\/v2\/pages\/402\/revisions"}],"predecessor-version":[{"id":403,"href":"https:\/\/unfallanalyse.hamburg\/index.php?rest_route=\/wp\/v2\/pages\/402\/revisions\/403"}],"up":[{"embeddable":true,"href":"https:\/\/unfallanalyse.hamburg\/index.php?rest_route=\/wp\/v2\/pages\/392"}],"wp:attachment":[{"href":"https:\/\/unfallanalyse.hamburg\/index.php?rest_route=%2Fwp%2Fv2%2Fmedia&parent=402"}],"curies":[{"name":"wp","href":"https:\/\/api.w.org\/{rel}","templated":true}]}}