{"id":406,"date":"2016-06-18T12:16:29","date_gmt":"2016-06-18T10:16:29","guid":{"rendered":"http:\/\/uf.fsar.de\/?page_id=406"},"modified":"2016-06-19T23:42:47","modified_gmt":"2016-06-19T21:42:47","slug":"nomotors","status":"publish","type":"page","link":"https:\/\/unfallanalyse.hamburg\/?page_id=406","title":{"rendered":"Nomotors"},"content":{"rendered":"<h2 style=\"text-align: justify;\">Nichtmotorisierte Verkehrsteilnehmer<\/h2>\n<p style=\"text-align: justify;\"><b>\u00dcbersicht der Themen in dieser Sektion<\/b><\/p>\n<p>Im Strassenverkehr stellen Fu\u00dfg\u00e4nger und Radfahrerdie schw\u00e4chsten Verkehrsteilnehmer dar. Werden sie in Unf\u00e4lle verwickelt, geht es meist um hohe K\u00f6rpersch\u00e4den.<\/p>\n<p>Kennt man die L\u00e4nge der Bremsphase des mit dem Fu\u00dfg\u00e4nger oder Radfahrer zusammensto\u00dfenden Kraftfahrzeug nicht, stellt sich regelm\u00e4\u00dfig die Frage der Kollionsgeschwindigkeit und der rechtzeitigen Reaktion des Kraftfahrers.<\/p>\n<p>In den meisten F\u00e4llen ereignen sich Unf\u00e4lle mit Fu\u00dfg\u00e4ngern oder Radfahrern bei \u00dcberquerungsvorg\u00e4ngen dieser Gruppe. Dabei stellt sich regelm\u00e4\u00dfig die Frage, mit welcher Geschwindigkeit diese Vorg\u00e4nge abgelaufen sind. Hierzu ist es erforderlich, Bewegungsgeschwindigkeiten bei verschiedenen Bewegungsarten (wie z.B. gehen, laufen und rennen) zu kennen. Bei Fahrradunf\u00e4llen ist h\u00e4ufig von Interesse, den Anfahrvorgang eines Fahrradfahrers auszuwerten. Anhaltspunkte zu diesen Vorg\u00e4ngen finden Sie in den Einzelthemen dieser Sektion.<\/p>\n<p>In der Unfallforensik wurden in den letzten Jahrzehnten einige Untersuchungen zu verschiedenen<\/p>\n<p>Problemstellungen bei Unf\u00e4llen aus dieser Gruppe durchgef\u00fchrt.<\/p>\n","protected":false},"excerpt":{"rendered":"<p>Nichtmotorisierte Verkehrsteilnehmer \u00dcbersicht der Themen in dieser Sektion Im Strassenverkehr stellen Fu\u00dfg\u00e4nger und Radfahrerdie schw\u00e4chsten Verkehrsteilnehmer dar. Werden sie in Unf\u00e4lle verwickelt, geht es meist um hohe K\u00f6rpersch\u00e4den. Kennt man die L\u00e4nge der Bremsphase des mit dem Fu\u00dfg\u00e4nger oder Radfahrer zusammensto\u00dfenden Kraftfahrzeug nicht, stellt sich regelm\u00e4\u00dfig die Frage der Kollionsgeschwindigkeit und der rechtzeitigen Reaktion des &hellip; <\/p>\n<p><a class=\"more-link block-button\" href=\"https:\/\/unfallanalyse.hamburg\/?page_id=406\">Weiter lesen &raquo;<\/a><\/p>\n","protected":false},"author":2,"featured_media":0,"parent":39,"menu_order":0,"comment_status":"closed","ping_status":"closed","template":"template-twocolumnsright.php","meta":{"footnotes":""},"class_list":["post-406","page","type-page","status-publish","hentry","nodate"],"_links":{"self":[{"href":"https:\/\/unfallanalyse.hamburg\/index.php?rest_route=\/wp\/v2\/pages\/406","targetHints":{"allow":["GET"]}}],"collection":[{"href":"https:\/\/unfallanalyse.hamburg\/index.php?rest_route=\/wp\/v2\/pages"}],"about":[{"href":"https:\/\/unfallanalyse.hamburg\/index.php?rest_route=\/wp\/v2\/types\/page"}],"author":[{"embeddable":true,"href":"https:\/\/unfallanalyse.hamburg\/index.php?rest_route=\/wp\/v2\/users\/2"}],"replies":[{"embeddable":true,"href":"https:\/\/unfallanalyse.hamburg\/index.php?rest_route=%2Fwp%2Fv2%2Fcomments&post=406"}],"version-history":[{"count":1,"href":"https:\/\/unfallanalyse.hamburg\/index.php?rest_route=\/wp\/v2\/pages\/406\/revisions"}],"predecessor-version":[{"id":407,"href":"https:\/\/unfallanalyse.hamburg\/index.php?rest_route=\/wp\/v2\/pages\/406\/revisions\/407"}],"up":[{"embeddable":true,"href":"https:\/\/unfallanalyse.hamburg\/index.php?rest_route=\/wp\/v2\/pages\/39"}],"wp:attachment":[{"href":"https:\/\/unfallanalyse.hamburg\/index.php?rest_route=%2Fwp%2Fv2%2Fmedia&parent=406"}],"curies":[{"name":"wp","href":"https:\/\/api.w.org\/{rel}","templated":true}]}}