{"id":435,"date":"2016-06-18T12:45:34","date_gmt":"2016-06-18T10:45:34","guid":{"rendered":"http:\/\/uf.fsar.de\/?page_id=435"},"modified":"2016-06-19T23:42:47","modified_gmt":"2016-06-19T21:42:47","slug":"lasermessungen","status":"publish","type":"page","link":"https:\/\/unfallanalyse.hamburg\/?page_id=435","title":{"rendered":"Lasermessungen"},"content":{"rendered":"<div id=\"attachment_437\" style=\"width: 355px\" class=\"wp-caption alignright\"><a href=\"https:\/\/unfallanalyse.hamburg\/wp-content\/uploads\/2016\/06\/Polizeimessungen_4.jpg\"><img loading=\"lazy\" decoding=\"async\" aria-describedby=\"caption-attachment-437\" class=\"wp-image-437 size-full\" src=\"https:\/\/unfallanalyse.hamburg\/wp-content\/uploads\/2016\/06\/Polizeimessungen_4.jpg\" alt=\"Polizeimessungen_4\" width=\"345\" height=\"135\" srcset=\"https:\/\/unfallanalyse.hamburg\/wp-content\/uploads\/2016\/06\/Polizeimessungen_4.jpg 345w, https:\/\/unfallanalyse.hamburg\/wp-content\/uploads\/2016\/06\/Polizeimessungen_4-300x117.jpg 300w\" sizes=\"auto, (max-width: 345px) 100vw, 345px\" \/><\/a><p id=\"caption-attachment-437\" class=\"wp-caption-text\">Messprinzip einer Laserpistole<\/p><\/div>\n<p style=\"text-align: justify;\">Ein Laserpuls, der im infraroten Bereich liegt, und deshalb nicht zu sehen ist, wird von einer Laserpistole in Richtung des Zielobjekts ausgesendet, von dort reflektiert und wieder aufgefangen. Der Laserpuls breitet sich mit Lichtgeschwindigkeit aus. Durch den Zeitversatz zwischen Senden und Empfangen kann der Abstand des Zielobjektes berechnet werden. Bei einer Lasermessung werden bei einem festen Zeitraster mehrere Einzelpulse ausgesendet und daraus die jeweiligen Abst\u00e4nde des Zielobjekts ermittelt. Die Abbildung rechts verdeutlicht an einem fiktiven Beispiel das Messprinzip.<\/p>\n<p style=\"text-align: justify;\">Die 15 Punkte in dem Diagramm stellen die einzelnen Messwerte dar. In dieser Zeit hat das Fahrzeug rd. 2,8 m zur\u00fcckgelegt. Aus den Messpunkten l\u00e4sst sich die in Abb. 63 eingetragene Regressionsgerade berechnen. Sie f\u00fchrt auf eine Geschwindigkeit von 84 km\/h. Aufgrund der zahlreichen Messpunkte, die von der Auswertelogik strikt auf Plausibilit\u00e4t gepr\u00fcft werden, messen derartige Laserpistolen h\u00f6chst zuverl\u00e4ssig.<\/p>\n<p style=\"text-align: justify;\">Die meisten heute gebr\u00e4uchlichen Ger\u00e4te sind aber nicht mit einer M\u00f6glichkeit ausgestattet, den Messvorgang bildtechnisch zu dokumentieren. Damit ist es im Nachhinein nicht m\u00f6glich zu pr\u00fcfen, ob \u00fcberhaupt das richtige Fahrzeug von dem Bediener gemessen wurde und ob die Messung ordnungsgem\u00e4\u00df durchgef\u00fchrt wurde.<\/p>\n<p style=\"text-align: justify;\">Wesentlich ist, dass alle herstellerseitigen Verwendungsvorschriften, die auch Bestandteil der PTB-Zulassung sind, eingehalten werden. Dazu geh\u00f6ren vor jeder Messserie ein Selbsttest und ein Displaytest, insbesondere aber der Ausrichtungstest der Visiereinrichtung und der Nulltest. Die Visiereinrichtung muss vom Bediener unbedingt dahingehend gepr\u00fcft werden, ob die Lage des Messstrahls mit dem Zielpunkt in der optischen Visiereinrichtung \u00fcbereinstimmt. Liegen hier Abweichungen vor, dann w\u00e4re es m\u00f6glich, dass nicht das anvisierte, sondern ein anderes Fahrzeug gemessen wird. Abweichungen k\u00f6nnen sich beispielsweise ergeben, wenn das Ger\u00e4t einer starken Ersch\u00fctterung ausgesetzt wurde, weil es z.B. vom Tisch auf den Boden gefallen sein k\u00f6nnte.<\/p>\n<p style=\"text-align: justify;\">Mit Hilfe eines Laserstrahls ist es m\u00f6glich, auch mehrere hundert Meter entfernte Objekte noch genau zu erfassen. Dies hat zwei Vorteile:<\/p>\n<p style=\"text-align: justify;\">1. Der Kraftfahrer erkennt den Messvorgang aufgrund der gro\u00dfen Entfernung nicht rechtzeitig.<br \/>\n2. Der Messwinkel ist sehr flach (vgl. Abb. 65). Bei Messungen in leichten Kurven kann genau in Fahrtrichtung gemessen werden.<\/p>\n<div id=\"attachment_436\" style=\"width: 445px\" class=\"wp-caption aligncenter\"><a href=\"https:\/\/unfallanalyse.hamburg\/wp-content\/uploads\/2016\/06\/Polizeimessungen_5.jpg\"><img loading=\"lazy\" decoding=\"async\" aria-describedby=\"caption-attachment-436\" class=\"wp-image-436 size-full\" src=\"https:\/\/unfallanalyse.hamburg\/wp-content\/uploads\/2016\/06\/Polizeimessungen_5.jpg\" alt=\"Polizeimessungen_5\" width=\"435\" height=\"100\" srcset=\"https:\/\/unfallanalyse.hamburg\/wp-content\/uploads\/2016\/06\/Polizeimessungen_5.jpg 435w, https:\/\/unfallanalyse.hamburg\/wp-content\/uploads\/2016\/06\/Polizeimessungen_5-300x69.jpg 300w\" sizes=\"auto, (max-width: 435px) 100vw, 435px\" \/><\/a><p id=\"caption-attachment-436\" class=\"wp-caption-text\">Messaufbau (Bsp. rund 40 m Entfernung) und Strahlaufweitung (5mrad) einer Laserpistole<\/p><\/div>\n<p style=\"text-align: justify;\">Eine wesentliche Kenngr\u00f6\u00dfe von Laserpistolen ist die Aufweitung des Laserstrahls. Ein Laserstrahl weitet sich deutlich weniger schnell auf als ein Radarstrahl. Erst dadurch werden Messungen in gr\u00f6\u00dferer Entfernung m\u00f6glich. Die Laserstrahlen der meisten Messger\u00e4te besitzen einen \u00d6ffnungswinkel von maximal 5mrad (Millirad) = 0,287\u00b0. Mit zunehmender Entfernung von der Messstelle vergr\u00f6\u00dfert sich durch die Aufweitung des Strahls der von der Messung erfasste Bereich. Innerhalb dieses Bereiches d\u00fcrfen sich bei der Messung keine anderen als das zu \u00fcberwachende Fahrzeug befinden. Neben der Strahlaufweitung m\u00fcssen auch noch Justiertoleranzen und Zielungenauigkeiten ber\u00fccksichtigt werden. Um eine praxisnahe Gr\u00f6\u00dfe angeben zu k\u00f6nnen, hat die PTB den Begriff des \u201eZielerfassungsbereichs\u201c (ZEB) gepr\u00e4gt. Dieser ist in der Regel 7mrad gro\u00df. Wenn sich innerhalb dieses Winkelbereiches kein anderes Fahrzeug befindet, ist sichergestellt, dass der Messstrahl von maximal 5mrad nur das zu messende Fahrzeug erfasst. Abb. 66 verdeutlicht den Einfluss des Aufweitungswinkels in Abh\u00e4ngigkeit von der Entfernung f\u00fcr die wesentlichen Winkelgr\u00f6\u00dfen 3mrad, 5mrad und 7mrad.<\/p>\n<div id=\"attachment_438\" style=\"width: 456px\" class=\"wp-caption aligncenter\"><a href=\"https:\/\/unfallanalyse.hamburg\/wp-content\/uploads\/2016\/06\/Polizeimessungen_6.jpg\"><img loading=\"lazy\" decoding=\"async\" aria-describedby=\"caption-attachment-438\" class=\"wp-image-438\" src=\"https:\/\/unfallanalyse.hamburg\/wp-content\/uploads\/2016\/06\/Polizeimessungen_6.jpg\" alt=\"Polizeimessungen_6\" width=\"446\" height=\"342\" srcset=\"https:\/\/unfallanalyse.hamburg\/wp-content\/uploads\/2016\/06\/Polizeimessungen_6.jpg 339w, https:\/\/unfallanalyse.hamburg\/wp-content\/uploads\/2016\/06\/Polizeimessungen_6-300x230.jpg 300w\" sizes=\"auto, (max-width: 446px) 100vw, 446px\" \/><\/a><p id=\"caption-attachment-438\" class=\"wp-caption-text\">nominelle Strahlaufweitung (3mrad), Eichgrenze (5mrad) und Zielerfassungsbereich ZEB (7mrad)<\/p><\/div>\n","protected":false},"excerpt":{"rendered":"<p>Ein Laserpuls, der im infraroten Bereich liegt, und deshalb nicht zu sehen ist, wird von einer Laserpistole in Richtung des Zielobjekts ausgesendet, von dort reflektiert und wieder aufgefangen. Der Laserpuls breitet sich mit Lichtgeschwindigkeit aus. Durch den Zeitversatz zwischen Senden und Empfangen kann der Abstand des Zielobjektes berechnet werden. Bei einer Lasermessung werden bei einem &hellip; <\/p>\n<p><a class=\"more-link block-button\" href=\"https:\/\/unfallanalyse.hamburg\/?page_id=435\">Weiter lesen &raquo;<\/a><\/p>\n","protected":false},"author":2,"featured_media":0,"parent":422,"menu_order":0,"comment_status":"closed","ping_status":"closed","template":"template-twocolumnsright.php","meta":{"footnotes":""},"class_list":["post-435","page","type-page","status-publish","hentry","nodate"],"_links":{"self":[{"href":"https:\/\/unfallanalyse.hamburg\/index.php?rest_route=\/wp\/v2\/pages\/435","targetHints":{"allow":["GET"]}}],"collection":[{"href":"https:\/\/unfallanalyse.hamburg\/index.php?rest_route=\/wp\/v2\/pages"}],"about":[{"href":"https:\/\/unfallanalyse.hamburg\/index.php?rest_route=\/wp\/v2\/types\/page"}],"author":[{"embeddable":true,"href":"https:\/\/unfallanalyse.hamburg\/index.php?rest_route=\/wp\/v2\/users\/2"}],"replies":[{"embeddable":true,"href":"https:\/\/unfallanalyse.hamburg\/index.php?rest_route=%2Fwp%2Fv2%2Fcomments&post=435"}],"version-history":[{"count":3,"href":"https:\/\/unfallanalyse.hamburg\/index.php?rest_route=\/wp\/v2\/pages\/435\/revisions"}],"predecessor-version":[{"id":441,"href":"https:\/\/unfallanalyse.hamburg\/index.php?rest_route=\/wp\/v2\/pages\/435\/revisions\/441"}],"up":[{"embeddable":true,"href":"https:\/\/unfallanalyse.hamburg\/index.php?rest_route=\/wp\/v2\/pages\/422"}],"wp:attachment":[{"href":"https:\/\/unfallanalyse.hamburg\/index.php?rest_route=%2Fwp%2Fv2%2Fmedia&parent=435"}],"curies":[{"name":"wp","href":"https:\/\/api.w.org\/{rel}","templated":true}]}}