{"id":45,"date":"2016-06-15T14:24:27","date_gmt":"2016-06-15T12:24:27","guid":{"rendered":"http:\/\/uf.fsar.de\/?page_id=45"},"modified":"2018-05-16T16:01:06","modified_gmt":"2018-05-16T14:01:06","slug":"beweissicherung","status":"publish","type":"page","link":"https:\/\/unfallanalyse.hamburg\/?page_id=45","title":{"rendered":"Beweissicherung"},"content":{"rendered":"<p><b>Fr\u00fchzeitige Beweissicherung<\/b><\/p>\n<p>Bei verd\u00e4chtigen Schadenf\u00e4llen muss eine m\u00f6glichst rasche Reaktion durch die Versicherung erfolgen. Die an dem verd\u00e4chtigen Schadenfall beteiligten Fahrzeuge sind unbedingt \u2013auch repariert- zu besichtigen. Die Recherchen nach dem Verbleib werden meist von den Beteiligten mit der lapidaren Auskunft: \u201eins Ausland verkauft\u201c oder \u201eschon verschrottet\u201c beantwortet. In diesen F\u00e4llen lohnt sich immer eine Nachpr\u00fcfung beim SVA und anderen Stellen, da diese Angaben h\u00e4ufig falsch sind.<\/p>\n<p>Weiterhin ist eine zeitnahe Besichtigung der Unfallstelle sehr aufschlussreich. Bei sogenannten Papierunf\u00e4llen sind dort \u00fcberhaupt keine unfalltypischen Spuren wie Glassplitter, Brems- und Schleuderspuren vorhanden. In der Regel fehlt bei einem behaupteten Hindernisanprall ein f\u00fcr die Verursachung der Sch\u00e4den in Frage kommenden Kontaktpartner, wie z.B. eine passende Leitplanke oder Stra\u00dfengraben.<\/p>\n<p>Eine fr\u00fchzeitige, m\u00f6glichst getrennte Befragung der Beteiligten nach dem genauen Unfallablauf, die in allen Einzelheiten nachvollziehbar protokolliert sein muss, verhindert eine nachtr\u00e4gliche Anpassung der Unfallschilderungen.<\/p>\n<p>F\u00fcr diese fr\u00fche Beweissicherung kann mittlerweile auch auf hierauf spezialisierte Schadenermittler zur\u00fcckgegriffen werden, wenn im eigenen Haus keine freie Kapazit\u00e4ten mehr vorhanden sind.<\/p>\n","protected":false},"excerpt":{"rendered":"<p>Fr\u00fchzeitige Beweissicherung Bei verd\u00e4chtigen Schadenf\u00e4llen muss eine m\u00f6glichst rasche Reaktion durch die Versicherung erfolgen. Die an dem verd\u00e4chtigen Schadenfall beteiligten Fahrzeuge sind unbedingt \u2013auch repariert- zu besichtigen. Die Recherchen nach dem Verbleib werden meist von den Beteiligten mit der lapidaren Auskunft: \u201eins Ausland verkauft\u201c oder \u201eschon verschrottet\u201c beantwortet. In diesen F\u00e4llen lohnt sich immer eine &hellip; <\/p>\n<p><a class=\"more-link block-button\" href=\"https:\/\/unfallanalyse.hamburg\/?page_id=45\">Weiter lesen &raquo;<\/a><\/p>\n","protected":false},"author":1,"featured_media":0,"parent":39,"menu_order":0,"comment_status":"closed","ping_status":"closed","template":"template-twocolumnsright.php","meta":{"footnotes":""},"class_list":["post-45","page","type-page","status-publish","hentry","nodate"],"_links":{"self":[{"href":"https:\/\/unfallanalyse.hamburg\/index.php?rest_route=\/wp\/v2\/pages\/45","targetHints":{"allow":["GET"]}}],"collection":[{"href":"https:\/\/unfallanalyse.hamburg\/index.php?rest_route=\/wp\/v2\/pages"}],"about":[{"href":"https:\/\/unfallanalyse.hamburg\/index.php?rest_route=\/wp\/v2\/types\/page"}],"author":[{"embeddable":true,"href":"https:\/\/unfallanalyse.hamburg\/index.php?rest_route=\/wp\/v2\/users\/1"}],"replies":[{"embeddable":true,"href":"https:\/\/unfallanalyse.hamburg\/index.php?rest_route=%2Fwp%2Fv2%2Fcomments&post=45"}],"version-history":[{"count":1,"href":"https:\/\/unfallanalyse.hamburg\/index.php?rest_route=\/wp\/v2\/pages\/45\/revisions"}],"predecessor-version":[{"id":46,"href":"https:\/\/unfallanalyse.hamburg\/index.php?rest_route=\/wp\/v2\/pages\/45\/revisions\/46"}],"up":[{"embeddable":true,"href":"https:\/\/unfallanalyse.hamburg\/index.php?rest_route=\/wp\/v2\/pages\/39"}],"wp:attachment":[{"href":"https:\/\/unfallanalyse.hamburg\/index.php?rest_route=%2Fwp%2Fv2%2Fmedia&parent=45"}],"curies":[{"name":"wp","href":"https:\/\/api.w.org\/{rel}","templated":true}]}}