{"id":474,"date":"2016-06-18T12:58:44","date_gmt":"2016-06-18T10:58:44","guid":{"rendered":"http:\/\/uf.fsar.de\/?page_id=474"},"modified":"2016-06-19T23:42:48","modified_gmt":"2016-06-19T21:42:48","slug":"wahrnehmung","status":"publish","type":"page","link":"https:\/\/unfallanalyse.hamburg\/?page_id=474","title":{"rendered":"Wahrnehmung"},"content":{"rendered":"<p style=\"text-align: justify;\">Bei der Nachstellung einer Unfallsituation liegt bei den Beteiligten in der Regel eine Erwartungshaltung vor. Deshalb ist es h\u00e4ufig so, dass beispielsweise bei einr Nachtuntersuchung alle Beteiligten den \u00fcber die Strasse gehenden Fu\u00dfg\u00e4nger sofort sehen. Nicht beachtet wird aber dabei, dass ein f\u00fcr den Kraftfahrer unerwartet auftauchender Fu\u00dfg\u00e4nger erst einmal einen Reiz ausl\u00f6sen muss.<\/p>\n<p>Die Bewegung eines Objekts kann der im Stillstand befindliche Beobachter nur wahrnehmen:<\/p>\n<ul style=\"text-align: justify;\">\n<li>wenn dessen Orts\u00e4nderung mit 1 bis 3 m\/s erfolgt.<\/li>\n<li>wenn ein Fixpunkt (stillstehendes Referenzobjekt) vorhanden ist.<\/li>\n<\/ul>\n<p style=\"text-align: justify;\">\nDie Empfindlichkeit des Auges f\u00fcr Bewegungssehen ist im peripheren Gesichtsfeld besser als im zentralen. Wird aufgrund dieser Tatsache ein bewegtes Objekt im peripheren Gesichtsfeld auff\u00e4llig, dann erfolgt ein Blicksprung. Danach wird es mit dem Scharfsehbereich im Netzhautzentrum fixiert.<\/p>\n","protected":false},"excerpt":{"rendered":"<p>Bei der Nachstellung einer Unfallsituation liegt bei den Beteiligten in der Regel eine Erwartungshaltung vor. Deshalb ist es h\u00e4ufig so, dass beispielsweise bei einr Nachtuntersuchung alle Beteiligten den \u00fcber die Strasse gehenden Fu\u00dfg\u00e4nger sofort sehen. Nicht beachtet wird aber dabei, dass ein f\u00fcr den Kraftfahrer unerwartet auftauchender Fu\u00dfg\u00e4nger erst einmal einen Reiz ausl\u00f6sen muss. Die &hellip; <\/p>\n<p><a class=\"more-link block-button\" href=\"https:\/\/unfallanalyse.hamburg\/?page_id=474\">Weiter lesen &raquo;<\/a><\/p>\n","protected":false},"author":2,"featured_media":0,"parent":459,"menu_order":0,"comment_status":"closed","ping_status":"closed","template":"template-twocolumnsright.php","meta":{"footnotes":""},"class_list":["post-474","page","type-page","status-publish","hentry","nodate"],"_links":{"self":[{"href":"https:\/\/unfallanalyse.hamburg\/index.php?rest_route=\/wp\/v2\/pages\/474","targetHints":{"allow":["GET"]}}],"collection":[{"href":"https:\/\/unfallanalyse.hamburg\/index.php?rest_route=\/wp\/v2\/pages"}],"about":[{"href":"https:\/\/unfallanalyse.hamburg\/index.php?rest_route=\/wp\/v2\/types\/page"}],"author":[{"embeddable":true,"href":"https:\/\/unfallanalyse.hamburg\/index.php?rest_route=\/wp\/v2\/users\/2"}],"replies":[{"embeddable":true,"href":"https:\/\/unfallanalyse.hamburg\/index.php?rest_route=%2Fwp%2Fv2%2Fcomments&post=474"}],"version-history":[{"count":1,"href":"https:\/\/unfallanalyse.hamburg\/index.php?rest_route=\/wp\/v2\/pages\/474\/revisions"}],"predecessor-version":[{"id":475,"href":"https:\/\/unfallanalyse.hamburg\/index.php?rest_route=\/wp\/v2\/pages\/474\/revisions\/475"}],"up":[{"embeddable":true,"href":"https:\/\/unfallanalyse.hamburg\/index.php?rest_route=\/wp\/v2\/pages\/459"}],"wp:attachment":[{"href":"https:\/\/unfallanalyse.hamburg\/index.php?rest_route=%2Fwp%2Fv2%2Fmedia&parent=474"}],"curies":[{"name":"wp","href":"https:\/\/api.w.org\/{rel}","templated":true}]}}