{"id":497,"date":"2016-06-18T13:09:54","date_gmt":"2016-06-18T11:09:54","guid":{"rendered":"http:\/\/uf.fsar.de\/?page_id=497"},"modified":"2016-06-19T23:42:48","modified_gmt":"2016-06-19T21:42:48","slug":"kausalitaet","status":"publish","type":"page","link":"https:\/\/unfallanalyse.hamburg\/?page_id=497","title":{"rendered":"Kausalit\u00e4t"},"content":{"rendered":"<h2 style=\"text-align: justify;\">Kausalit\u00e4t<\/h2>\n<p style=\"text-align: justify;\">Eine sich aus einer oder mehreren Ursachen ergebende Wirkung.<br \/>\nzivilrechtlich:<\/p>\n<ul style=\"text-align: justify;\">\n<li>Ad\u00e4quanztheorie: Kausal sind alle jene Folgen des schuldhaften Verhaltens, mit deren Eintritt abstrakt und objektiv gerechnet werden muss, die also nach dem gew\u00f6hnlichen Ablauf der Dinge auch zuf\u00e4llig als Folge eintreten k\u00f6nnen. Die Bedingungen m\u00fcssen dem Erfolg angemessen (ad\u00e4quat) sein.<\/li>\n<\/ul>\n<p style=\"text-align: justify;\">strafrechtlich:<\/p>\n<ul>\n<li style=\"text-align: justify;\">\u00c4quivalenztheorie: Ein Tun ist kausal f\u00fcr eine Erfolg, wenn es nicht weggedacht werden kann, ohne dass der Erfolg in seiner konkreten Gestalt entfiele. Im Rahmen der Kausalit\u00e4t sind alle Ursachen gleichwertig (\u00e4quivalent).<\/li>\n<li style=\"text-align: justify;\">\u00dcberholende Kausalit\u00e4t: Die Haftung f\u00fcr einen durch widerrechtliches Verhalten herbeigef\u00fchrten Schaden wird dadurch nicht aufgehoben, dass nachher ein weiteres Ereignis eintritt, das den Schaden gleichfalls herbeigef\u00fchrt h\u00e4tte.<\/li>\n<\/ul>\n","protected":false},"excerpt":{"rendered":"<p>Kausalit\u00e4t Eine sich aus einer oder mehreren Ursachen ergebende Wirkung. zivilrechtlich: Ad\u00e4quanztheorie: Kausal sind alle jene Folgen des schuldhaften Verhaltens, mit deren Eintritt abstrakt und objektiv gerechnet werden muss, die also nach dem gew\u00f6hnlichen Ablauf der Dinge auch zuf\u00e4llig als Folge eintreten k\u00f6nnen. Die Bedingungen m\u00fcssen dem Erfolg angemessen (ad\u00e4quat) sein. strafrechtlich: \u00c4quivalenztheorie: Ein Tun &hellip; <\/p>\n<p><a class=\"more-link block-button\" href=\"https:\/\/unfallanalyse.hamburg\/?page_id=497\">Weiter lesen &raquo;<\/a><\/p>\n","protected":false},"author":2,"featured_media":0,"parent":488,"menu_order":0,"comment_status":"closed","ping_status":"closed","template":"template-twocolumnsright.php","meta":{"footnotes":""},"class_list":["post-497","page","type-page","status-publish","hentry","nodate"],"_links":{"self":[{"href":"https:\/\/unfallanalyse.hamburg\/index.php?rest_route=\/wp\/v2\/pages\/497","targetHints":{"allow":["GET"]}}],"collection":[{"href":"https:\/\/unfallanalyse.hamburg\/index.php?rest_route=\/wp\/v2\/pages"}],"about":[{"href":"https:\/\/unfallanalyse.hamburg\/index.php?rest_route=\/wp\/v2\/types\/page"}],"author":[{"embeddable":true,"href":"https:\/\/unfallanalyse.hamburg\/index.php?rest_route=\/wp\/v2\/users\/2"}],"replies":[{"embeddable":true,"href":"https:\/\/unfallanalyse.hamburg\/index.php?rest_route=%2Fwp%2Fv2%2Fcomments&post=497"}],"version-history":[{"count":2,"href":"https:\/\/unfallanalyse.hamburg\/index.php?rest_route=\/wp\/v2\/pages\/497\/revisions"}],"predecessor-version":[{"id":499,"href":"https:\/\/unfallanalyse.hamburg\/index.php?rest_route=\/wp\/v2\/pages\/497\/revisions\/499"}],"up":[{"embeddable":true,"href":"https:\/\/unfallanalyse.hamburg\/index.php?rest_route=\/wp\/v2\/pages\/488"}],"wp:attachment":[{"href":"https:\/\/unfallanalyse.hamburg\/index.php?rest_route=%2Fwp%2Fv2%2Fmedia&parent=497"}],"curies":[{"name":"wp","href":"https:\/\/api.w.org\/{rel}","templated":true}]}}