{"id":504,"date":"2016-06-18T13:12:26","date_gmt":"2016-06-18T11:12:26","guid":{"rendered":"http:\/\/uf.fsar.de\/?page_id=504"},"modified":"2016-06-19T23:42:48","modified_gmt":"2016-06-19T21:42:48","slug":"fahrzeugidentifikation","status":"publish","type":"page","link":"https:\/\/unfallanalyse.hamburg\/?page_id=504","title":{"rendered":"Fahrzeugidentifikation"},"content":{"rendered":"<p style=\"text-align: justify;\">Ein Fahrzeug ist \u00fcber die Fahrzeug-Identifikations-Nummer (engl. Vehicle-Identification-Number = VIN) eindeutig bestimmt. Die international genormte Nummer hat genau 17 Stellen. Sie besteht aus der Herstellerkennung (WMI \u2013 World Manufacturer Identifier), zum Beispiel WDB f\u00fcr die Daimler AG, WVW f\u00fcr Volkswagen, WF0 f\u00fcr Ford (Deutschland) oder VF7 f\u00fcr Citro\u00ebn, einem herstellerspezifischen Schl\u00fcssel (meist Baureihe und Motortyp) und einer fortlaufenden Nummer. Es gibt zwei verschiedene Normen f\u00fcr die FIN. Hersteller in den L\u00e4ndern der Europ\u00e4ischen Union verwenden die ISO-Norm 3779, w\u00e4hrend nordamerikanische Hersteller ein strengeres, aber mit der ISO-Norm konformes System nutzen. Anhand der FIN kann der Fahrzeugtyp immer eindeutig ermittelt werden. Die werksseitige Ausstattung vieler neuer Modelle wie z.B. Mercedes, VW, Audi sind in Datenbanken erfasst, die uns zur Verf\u00fcgung stehen. Aus der FIN lassen sich somit auch Informationen zur individuellen Ausstattung z.B. Farbe, Sonderzubh\u00f6r etc. entnehmen.<\/p>\n<p>Weitere (eher allgemeine) R\u00fcckschl\u00fcsse auf das Fahrzeug sind \u00fcber die Fahrzeug-Papiere und die Hersteller- und Typ-Schl\u00fcssel-Nummern (HSN\/TSN) m\u00f6glich.<\/p>\n","protected":false},"excerpt":{"rendered":"<p>Ein Fahrzeug ist \u00fcber die Fahrzeug-Identifikations-Nummer (engl. Vehicle-Identification-Number = VIN) eindeutig bestimmt. Die international genormte Nummer hat genau 17 Stellen. Sie besteht aus der Herstellerkennung (WMI \u2013 World Manufacturer Identifier), zum Beispiel WDB f\u00fcr die Daimler AG, WVW f\u00fcr Volkswagen, WF0 f\u00fcr Ford (Deutschland) oder VF7 f\u00fcr Citro\u00ebn, einem herstellerspezifischen Schl\u00fcssel (meist Baureihe und Motortyp) &hellip; <\/p>\n<p><a class=\"more-link block-button\" href=\"https:\/\/unfallanalyse.hamburg\/?page_id=504\">Weiter lesen &raquo;<\/a><\/p>\n","protected":false},"author":2,"featured_media":0,"parent":500,"menu_order":0,"comment_status":"closed","ping_status":"closed","template":"template-twocolumnsright.php","meta":{"footnotes":""},"class_list":["post-504","page","type-page","status-publish","hentry","nodate"],"_links":{"self":[{"href":"https:\/\/unfallanalyse.hamburg\/index.php?rest_route=\/wp\/v2\/pages\/504","targetHints":{"allow":["GET"]}}],"collection":[{"href":"https:\/\/unfallanalyse.hamburg\/index.php?rest_route=\/wp\/v2\/pages"}],"about":[{"href":"https:\/\/unfallanalyse.hamburg\/index.php?rest_route=\/wp\/v2\/types\/page"}],"author":[{"embeddable":true,"href":"https:\/\/unfallanalyse.hamburg\/index.php?rest_route=\/wp\/v2\/users\/2"}],"replies":[{"embeddable":true,"href":"https:\/\/unfallanalyse.hamburg\/index.php?rest_route=%2Fwp%2Fv2%2Fcomments&post=504"}],"version-history":[{"count":1,"href":"https:\/\/unfallanalyse.hamburg\/index.php?rest_route=\/wp\/v2\/pages\/504\/revisions"}],"predecessor-version":[{"id":505,"href":"https:\/\/unfallanalyse.hamburg\/index.php?rest_route=\/wp\/v2\/pages\/504\/revisions\/505"}],"up":[{"embeddable":true,"href":"https:\/\/unfallanalyse.hamburg\/index.php?rest_route=\/wp\/v2\/pages\/500"}],"wp:attachment":[{"href":"https:\/\/unfallanalyse.hamburg\/index.php?rest_route=%2Fwp%2Fv2%2Fmedia&parent=504"}],"curies":[{"name":"wp","href":"https:\/\/api.w.org\/{rel}","templated":true}]}}