{"id":515,"date":"2016-06-18T13:22:37","date_gmt":"2016-06-18T11:22:37","guid":{"rendered":"http:\/\/uf.fsar.de\/?page_id=515"},"modified":"2016-06-19T23:42:48","modified_gmt":"2016-06-19T21:42:48","slug":"spurenlesen","status":"publish","type":"page","link":"https:\/\/unfallanalyse.hamburg\/?page_id=515","title":{"rendered":"Spurenlesen"},"content":{"rendered":"<h2>\u00dcbersicht der Themen in dieser Sektion<\/h2>\n<p>Eine der wichtigsten Aufgaben in der Unfallrekonstruktion ist das Erkennen und Auswerten von Unfallspuren. Derartige Spuren k\u00f6nnen an den beteiligten Fahrzeugen und am Unfallort auftreten. In dieser Sektion werden die wichtigsten Spurenarten erkl\u00e4rt. Es wird auch kurz angerissen, welche M\u00f6glichkeiten der Spureninterpretation vorliegen.<\/p>\n","protected":false},"excerpt":{"rendered":"<p>\u00dcbersicht der Themen in dieser Sektion Eine der wichtigsten Aufgaben in der Unfallrekonstruktion ist das Erkennen und Auswerten von Unfallspuren. Derartige Spuren k\u00f6nnen an den beteiligten Fahrzeugen und am Unfallort auftreten. In dieser Sektion werden die wichtigsten Spurenarten erkl\u00e4rt. Es wird auch kurz angerissen, welche M\u00f6glichkeiten der Spureninterpretation vorliegen.<\/p>\n","protected":false},"author":2,"featured_media":0,"parent":39,"menu_order":0,"comment_status":"closed","ping_status":"closed","template":"template-twocolumnsright.php","meta":{"footnotes":""},"class_list":["post-515","page","type-page","status-publish","hentry","nodate"],"_links":{"self":[{"href":"https:\/\/unfallanalyse.hamburg\/index.php?rest_route=\/wp\/v2\/pages\/515","targetHints":{"allow":["GET"]}}],"collection":[{"href":"https:\/\/unfallanalyse.hamburg\/index.php?rest_route=\/wp\/v2\/pages"}],"about":[{"href":"https:\/\/unfallanalyse.hamburg\/index.php?rest_route=\/wp\/v2\/types\/page"}],"author":[{"embeddable":true,"href":"https:\/\/unfallanalyse.hamburg\/index.php?rest_route=\/wp\/v2\/users\/2"}],"replies":[{"embeddable":true,"href":"https:\/\/unfallanalyse.hamburg\/index.php?rest_route=%2Fwp%2Fv2%2Fcomments&post=515"}],"version-history":[{"count":1,"href":"https:\/\/unfallanalyse.hamburg\/index.php?rest_route=\/wp\/v2\/pages\/515\/revisions"}],"predecessor-version":[{"id":516,"href":"https:\/\/unfallanalyse.hamburg\/index.php?rest_route=\/wp\/v2\/pages\/515\/revisions\/516"}],"up":[{"embeddable":true,"href":"https:\/\/unfallanalyse.hamburg\/index.php?rest_route=\/wp\/v2\/pages\/39"}],"wp:attachment":[{"href":"https:\/\/unfallanalyse.hamburg\/index.php?rest_route=%2Fwp%2Fv2%2Fmedia&parent=515"}],"curies":[{"name":"wp","href":"https:\/\/api.w.org\/{rel}","templated":true}]}}