{"id":547,"date":"2016-06-18T13:41:32","date_gmt":"2016-06-18T11:41:32","guid":{"rendered":"http:\/\/uf.fsar.de\/?page_id=547"},"modified":"2016-06-19T23:42:48","modified_gmt":"2016-06-19T21:42:48","slug":"spurzeichnung","status":"publish","type":"page","link":"https:\/\/unfallanalyse.hamburg\/?page_id=547","title":{"rendered":"Spurzeichnung"},"content":{"rendered":"<p style=\"text-align: justify;\">Die Spurzeichnung eines blockierten Rades unterscheidet sich deutlich von der eines gebremsten, aber noch drehenden Rades. Allgemein ist sie st\u00e4rker ausgepr\u00e4gt und es l\u00e4sst sich in der Spurzeichnung keine Querprofilierung des Reifens mehr erkennen. Derartige Spuren werden als Blockierspuren bezeichnet. Die Unterscheidung zwischen einer Brems- und Blockierspur nach dieser Definition wird aber nicht immer vorgenommen. Gerade in Verkehrsunfallanzeigen der Polizei findet man h\u00e4ufig die Bezeichnung \u201eBremsspur\u201c f\u00fcr die Spur eines blockierten Rades oder auch die Bezeichnung \u201eBrems-\/Blockierspur\u201c. Da das Verz\u00f6gerungsniveau nahezu identisch ist, wirkt sich diese missverst\u00e4ndliche Bezeichnung aber nicht weiter aus.<\/p>\n","protected":false},"excerpt":{"rendered":"<p>Die Spurzeichnung eines blockierten Rades unterscheidet sich deutlich von der eines gebremsten, aber noch drehenden Rades. Allgemein ist sie st\u00e4rker ausgepr\u00e4gt und es l\u00e4sst sich in der Spurzeichnung keine Querprofilierung des Reifens mehr erkennen. Derartige Spuren werden als Blockierspuren bezeichnet. Die Unterscheidung zwischen einer Brems- und Blockierspur nach dieser Definition wird aber nicht immer vorgenommen. &hellip; <\/p>\n<p><a class=\"more-link block-button\" href=\"https:\/\/unfallanalyse.hamburg\/?page_id=547\">Weiter lesen &raquo;<\/a><\/p>\n","protected":false},"author":2,"featured_media":0,"parent":539,"menu_order":0,"comment_status":"closed","ping_status":"closed","template":"template-twocolumnsright.php","meta":{"footnotes":""},"class_list":["post-547","page","type-page","status-publish","hentry","nodate"],"_links":{"self":[{"href":"https:\/\/unfallanalyse.hamburg\/index.php?rest_route=\/wp\/v2\/pages\/547","targetHints":{"allow":["GET"]}}],"collection":[{"href":"https:\/\/unfallanalyse.hamburg\/index.php?rest_route=\/wp\/v2\/pages"}],"about":[{"href":"https:\/\/unfallanalyse.hamburg\/index.php?rest_route=\/wp\/v2\/types\/page"}],"author":[{"embeddable":true,"href":"https:\/\/unfallanalyse.hamburg\/index.php?rest_route=\/wp\/v2\/users\/2"}],"replies":[{"embeddable":true,"href":"https:\/\/unfallanalyse.hamburg\/index.php?rest_route=%2Fwp%2Fv2%2Fcomments&post=547"}],"version-history":[{"count":1,"href":"https:\/\/unfallanalyse.hamburg\/index.php?rest_route=\/wp\/v2\/pages\/547\/revisions"}],"predecessor-version":[{"id":548,"href":"https:\/\/unfallanalyse.hamburg\/index.php?rest_route=\/wp\/v2\/pages\/547\/revisions\/548"}],"up":[{"embeddable":true,"href":"https:\/\/unfallanalyse.hamburg\/index.php?rest_route=\/wp\/v2\/pages\/539"}],"wp:attachment":[{"href":"https:\/\/unfallanalyse.hamburg\/index.php?rest_route=%2Fwp%2Fv2%2Fmedia&parent=547"}],"curies":[{"name":"wp","href":"https:\/\/api.w.org\/{rel}","templated":true}]}}