{"id":558,"date":"2016-06-18T13:44:52","date_gmt":"2016-06-18T11:44:52","guid":{"rendered":"http:\/\/uf.fsar.de\/?page_id=558"},"modified":"2016-06-19T23:42:48","modified_gmt":"2016-06-19T21:42:48","slug":"schmutzanhaeufung","status":"publish","type":"page","link":"https:\/\/unfallanalyse.hamburg\/?page_id=558","title":{"rendered":"Schmutzanh\u00e4ufung"},"content":{"rendered":"<p style=\"text-align: justify;\">Lokal begrenzte Anh\u00e4ufung von Staub oder Schmutz. Bei modernen Fahrzeugen entstehen Splitterfelder in erster Linie durch die Streuscheiben von Scheinwerfern (Scheinwerfergl\u00e4sern). Bei \u00e4lteren Fahrzeugen, die noch Frontscheiben aus Sicherheitsglas haben, k\u00f6nnen auch ausgepr\u00e4gte Glasteppiche auf der Fahrbahn nach Fu\u00dfg\u00e4ngerunf\u00e4llen entstehen. Heute ist dies aber sehr selten, da nahezu alle Fahrzeuge mit Verbundglasscheiben ausgestattet sind, die keine Splitterfelder hinterlassen k\u00f6nnen.<\/p>\n<p>Die Eingabe eines einzigen Ma\u00dfes in einer Skizze ist f\u00fcr die Charakterisierung eines Splitterfeldes nicht ausreichend. Zumindest sollte die Lage des ersten und des letzten Splitters sowie die Ausdehnung des Hauptsplitterfeldes angegeben sein. Besser ist es, wenn das Splitterfeld auf der Fahrbahn sowie einzelne Splitter durch Kreidemarkierungen hervorgehoben und anschlie\u00dfend fotografiert werden. Unter diesen Bedingungen lassen sich Angaben zur Gr\u00f6\u00dfenordnung der Kollisionsgeschwindigkeit und auch zur Lage des Kollisionsortes aus einem Splitterfeld ableiten.<\/p>\n<p>Einzelne Splitter k\u00f6nnen auch durch Streuscheiben von Fahrzeugblinkern, R\u00fcckleuchten oder auch von an Fahrzeugen angebrachten Kunststoff-Abdeckungen entstehen. Sie geben oft wertvolle Hinweise auf die Lage des Kollisionsortes. Gerade bei Auffahrkollisionen wird leider den Splitterlagen nur selten Bedeutung zugemessen. Wenn auf der Fahrbahn keine Bremsspuren vorhanden sind, stellen sie bei diesem Unfalltyp den einzigen Hinweis auf die Lage des Kollisionsortes in bezug auf die Fahrzeugendstellungen dar. Bei Gegenverkehrsunf\u00e4llen sind die Splitterlagen jedoch nur bedingt tauglich, um die Frage zu kl\u00e4ren, wer auf der falschen Fahrbahnseite gefahren ist, da aufgrund der rasch einsetzenden Fahrzeugverdrehung gr\u00f6\u00dfere Querwurfweiten der Splitter m\u00f6glich sind.<\/p>\n","protected":false},"excerpt":{"rendered":"<p>Lokal begrenzte Anh\u00e4ufung von Staub oder Schmutz. Bei modernen Fahrzeugen entstehen Splitterfelder in erster Linie durch die Streuscheiben von Scheinwerfern (Scheinwerfergl\u00e4sern). Bei \u00e4lteren Fahrzeugen, die noch Frontscheiben aus Sicherheitsglas haben, k\u00f6nnen auch ausgepr\u00e4gte Glasteppiche auf der Fahrbahn nach Fu\u00dfg\u00e4ngerunf\u00e4llen entstehen. Heute ist dies aber sehr selten, da nahezu alle Fahrzeuge mit Verbundglasscheiben ausgestattet sind, die &hellip; <\/p>\n<p><a class=\"more-link block-button\" href=\"https:\/\/unfallanalyse.hamburg\/?page_id=558\">Weiter lesen &raquo;<\/a><\/p>\n","protected":false},"author":2,"featured_media":0,"parent":539,"menu_order":0,"comment_status":"closed","ping_status":"closed","template":"template-twocolumnsright.php","meta":{"footnotes":""},"class_list":["post-558","page","type-page","status-publish","hentry","nodate"],"_links":{"self":[{"href":"https:\/\/unfallanalyse.hamburg\/index.php?rest_route=\/wp\/v2\/pages\/558","targetHints":{"allow":["GET"]}}],"collection":[{"href":"https:\/\/unfallanalyse.hamburg\/index.php?rest_route=\/wp\/v2\/pages"}],"about":[{"href":"https:\/\/unfallanalyse.hamburg\/index.php?rest_route=\/wp\/v2\/types\/page"}],"author":[{"embeddable":true,"href":"https:\/\/unfallanalyse.hamburg\/index.php?rest_route=\/wp\/v2\/users\/2"}],"replies":[{"embeddable":true,"href":"https:\/\/unfallanalyse.hamburg\/index.php?rest_route=%2Fwp%2Fv2%2Fcomments&post=558"}],"version-history":[{"count":1,"href":"https:\/\/unfallanalyse.hamburg\/index.php?rest_route=\/wp\/v2\/pages\/558\/revisions"}],"predecessor-version":[{"id":559,"href":"https:\/\/unfallanalyse.hamburg\/index.php?rest_route=\/wp\/v2\/pages\/558\/revisions\/559"}],"up":[{"embeddable":true,"href":"https:\/\/unfallanalyse.hamburg\/index.php?rest_route=\/wp\/v2\/pages\/539"}],"wp:attachment":[{"href":"https:\/\/unfallanalyse.hamburg\/index.php?rest_route=%2Fwp%2Fv2%2Fmedia&parent=558"}],"curies":[{"name":"wp","href":"https:\/\/api.w.org\/{rel}","templated":true}]}}