{"id":595,"date":"2016-06-18T14:00:46","date_gmt":"2016-06-18T12:00:46","guid":{"rendered":"http:\/\/uf.fsar.de\/?page_id=595"},"modified":"2016-06-19T23:42:48","modified_gmt":"2016-06-19T21:42:48","slug":"uebersicht","status":"publish","type":"page","link":"https:\/\/unfallanalyse.hamburg\/?page_id=595","title":{"rendered":"\u00dcbersicht"},"content":{"rendered":"<h2><b>\u00dcbersicht der Themen in dieser Sektion<\/b><\/h2>\n<p style=\"text-align: justify;\">In vielen Gutachten der Unfallrekonstruktion konzentriert sich der Sachverst\u00e4ndige auf die Berechnung der Kollisionsgeschwindigkeiten. Man stellt immer wieder fest, dass die ganze Unfallentwicklung v\u00f6llig vernachl\u00e4ssigt wird. Viele Sachverst\u00e4ndige arbeiten leider heute nur noch mit Computern und benutzen kein Weg-Zeit-Diagramm zur Darstellung der r\u00e4umlichen und zeitlichen Entwicklung eines Unfalls. Gerade diese Unfallentwicklung ist aber in den meisten F\u00e4llen entscheident f\u00fcr die juristischen Fragestellungen nach der zeitlichen und r\u00e4umlichen Vermeidbarkeit, sowie die Fragestelllung der nachzuweisenden Unabwendbarkeit. Hierzu ist es f\u00fcr die praktische Arbeit nahezu unverzichtbar mit einem Weg-Zeit-Diagramm zu arbeiten. Nur so lassen sich Toleranzen bei der Berechnung anschaulich und nachvollziehbar darlegen.<\/p>\n<p>Leider sind nur wenige Juristen in der Lage, ein derartiges Weg-Zeit-Diagramm zu lesen. Der Schwerpunkt in dieser Sektion liegt in einer nachvollziehbaren Erkl\u00e4rung zum Aufbau eines Weg-Zeit-Diagramms. Es wird dargelegt, wie auch ein technischer Laie sich die zur Argumentation in einem Gerichtsverfahren notwendigen Informationen aus dem Weg-Zeit-Diagramm verschaffen kann.<\/p>\n","protected":false},"excerpt":{"rendered":"<p>\u00dcbersicht der Themen in dieser Sektion In vielen Gutachten der Unfallrekonstruktion konzentriert sich der Sachverst\u00e4ndige auf die Berechnung der Kollisionsgeschwindigkeiten. Man stellt immer wieder fest, dass die ganze Unfallentwicklung v\u00f6llig vernachl\u00e4ssigt wird. Viele Sachverst\u00e4ndige arbeiten leider heute nur noch mit Computern und benutzen kein Weg-Zeit-Diagramm zur Darstellung der r\u00e4umlichen und zeitlichen Entwicklung eines Unfalls. Gerade &hellip; <\/p>\n<p><a class=\"more-link block-button\" href=\"https:\/\/unfallanalyse.hamburg\/?page_id=595\">Weiter lesen &raquo;<\/a><\/p>\n","protected":false},"author":2,"featured_media":0,"parent":593,"menu_order":0,"comment_status":"closed","ping_status":"closed","template":"template-twocolumnsright.php","meta":{"footnotes":""},"class_list":["post-595","page","type-page","status-publish","hentry","nodate"],"_links":{"self":[{"href":"https:\/\/unfallanalyse.hamburg\/index.php?rest_route=\/wp\/v2\/pages\/595","targetHints":{"allow":["GET"]}}],"collection":[{"href":"https:\/\/unfallanalyse.hamburg\/index.php?rest_route=\/wp\/v2\/pages"}],"about":[{"href":"https:\/\/unfallanalyse.hamburg\/index.php?rest_route=\/wp\/v2\/types\/page"}],"author":[{"embeddable":true,"href":"https:\/\/unfallanalyse.hamburg\/index.php?rest_route=\/wp\/v2\/users\/2"}],"replies":[{"embeddable":true,"href":"https:\/\/unfallanalyse.hamburg\/index.php?rest_route=%2Fwp%2Fv2%2Fcomments&post=595"}],"version-history":[{"count":1,"href":"https:\/\/unfallanalyse.hamburg\/index.php?rest_route=\/wp\/v2\/pages\/595\/revisions"}],"predecessor-version":[{"id":596,"href":"https:\/\/unfallanalyse.hamburg\/index.php?rest_route=\/wp\/v2\/pages\/595\/revisions\/596"}],"up":[{"embeddable":true,"href":"https:\/\/unfallanalyse.hamburg\/index.php?rest_route=\/wp\/v2\/pages\/593"}],"wp:attachment":[{"href":"https:\/\/unfallanalyse.hamburg\/index.php?rest_route=%2Fwp%2Fv2%2Fmedia&parent=595"}],"curies":[{"name":"wp","href":"https:\/\/api.w.org\/{rel}","templated":true}]}}