{"id":599,"date":"2016-06-18T14:02:11","date_gmt":"2016-06-18T12:02:11","guid":{"rendered":"http:\/\/uf.fsar.de\/?page_id=599"},"modified":"2016-06-19T23:42:48","modified_gmt":"2016-06-19T21:42:48","slug":"unabwendbarkeit","status":"publish","type":"page","link":"https:\/\/unfallanalyse.hamburg\/?page_id=599","title":{"rendered":"Unabwendbarkeit"},"content":{"rendered":"<p style=\"text-align: justify;\">Nach den juristischen Definitionen gilt ein Unfallereignis als \u201eunabwendbar\u201c wenn es auch bei der \u00e4u\u00dferst m\u00f6glichen Sorgfalt nicht abgewendet werden kann. Dazu geh\u00f6rt sachgem\u00e4\u00dfes geistesgegenw\u00e4rtiges Handeln \u00fcber den gew\u00f6hnlichen und pers\u00f6nlichen Ma\u00dfstab hinaus, jedoch nicht das Verhalten eines gedachten Superfahrers\u201c, sondern ein an durchschnittlichen Verkehrsanforderungen gemessenes Verhalten.<\/p>\n<p>Zur \u00e4u\u00dfersten Sorgfalt geh\u00f6rt die Ber\u00fccksichtigung allerm\u00f6glichen Gefahrenmomente. Unabwendbarkeit bedeutet jedoch nicht absolute Unvermeidbarkeit, sondern besonders sorgf\u00e4ltige Reaktion (Jagusch\/Hentschel, \u00a7 7 StVG Rn. 30 f.).<\/p>\n<p>Diese aus verschiedenen BGH-Urteilen stammenden Einschr\u00e4nkungen muss der Sachverst\u00e4ndige vor Augen haben, wenn er in seinem Gutachten zu dem Schluss gelangt, dass ein Unfall f\u00fcr einen Verkehrsteilnehmer unabwendbar war. Dabei muss er auch beachten, dass er prinzipiell an das <b>Parteivorbringen<\/b> gebunden ist und den Entlastungsbeweis nur auf dieser Grundlage anf\u00fchren darf.<\/p>\n<p>Hieran sollte er sich zumindest in F\u00e4llen halten, in denen nicht gegen technisch physikalische Grunds\u00e4tze versto\u00dfen wird. Es m\u00fcssen aber nicht all diejenigen Unfallverl\u00e4ufe ausgeschlossen werden, die zwar denkm\u00f6glich, f\u00fcr die aber keinerlei tats\u00e4chliche Anhaltspunkte festgestellt sind (BGH VersR 1970, 423). Auch muss ein besonders vorsichtiger Fahrzeugf\u00fchrer nicht mit groben Verkehrsverst\u00f6\u00dfen anderer rechnen.<\/p>\n","protected":false},"excerpt":{"rendered":"<p>Nach den juristischen Definitionen gilt ein Unfallereignis als \u201eunabwendbar\u201c wenn es auch bei der \u00e4u\u00dferst m\u00f6glichen Sorgfalt nicht abgewendet werden kann. Dazu geh\u00f6rt sachgem\u00e4\u00dfes geistesgegenw\u00e4rtiges Handeln \u00fcber den gew\u00f6hnlichen und pers\u00f6nlichen Ma\u00dfstab hinaus, jedoch nicht das Verhalten eines gedachten Superfahrers\u201c, sondern ein an durchschnittlichen Verkehrsanforderungen gemessenes Verhalten. Zur \u00e4u\u00dfersten Sorgfalt geh\u00f6rt die Ber\u00fccksichtigung allerm\u00f6glichen Gefahrenmomente. &hellip; <\/p>\n<p><a class=\"more-link block-button\" href=\"https:\/\/unfallanalyse.hamburg\/?page_id=599\">Weiter lesen &raquo;<\/a><\/p>\n","protected":false},"author":2,"featured_media":0,"parent":593,"menu_order":0,"comment_status":"closed","ping_status":"closed","template":"template-twocolumnsright.php","meta":{"footnotes":""},"class_list":["post-599","page","type-page","status-publish","hentry","nodate"],"_links":{"self":[{"href":"https:\/\/unfallanalyse.hamburg\/index.php?rest_route=\/wp\/v2\/pages\/599","targetHints":{"allow":["GET"]}}],"collection":[{"href":"https:\/\/unfallanalyse.hamburg\/index.php?rest_route=\/wp\/v2\/pages"}],"about":[{"href":"https:\/\/unfallanalyse.hamburg\/index.php?rest_route=\/wp\/v2\/types\/page"}],"author":[{"embeddable":true,"href":"https:\/\/unfallanalyse.hamburg\/index.php?rest_route=\/wp\/v2\/users\/2"}],"replies":[{"embeddable":true,"href":"https:\/\/unfallanalyse.hamburg\/index.php?rest_route=%2Fwp%2Fv2%2Fcomments&post=599"}],"version-history":[{"count":1,"href":"https:\/\/unfallanalyse.hamburg\/index.php?rest_route=\/wp\/v2\/pages\/599\/revisions"}],"predecessor-version":[{"id":600,"href":"https:\/\/unfallanalyse.hamburg\/index.php?rest_route=\/wp\/v2\/pages\/599\/revisions\/600"}],"up":[{"embeddable":true,"href":"https:\/\/unfallanalyse.hamburg\/index.php?rest_route=\/wp\/v2\/pages\/593"}],"wp:attachment":[{"href":"https:\/\/unfallanalyse.hamburg\/index.php?rest_route=%2Fwp%2Fv2%2Fmedia&parent=599"}],"curies":[{"name":"wp","href":"https:\/\/api.w.org\/{rel}","templated":true}]}}