{"id":632,"date":"2016-06-18T14:14:00","date_gmt":"2016-06-18T12:14:00","guid":{"rendered":"http:\/\/uf.fsar.de\/?page_id=632"},"modified":"2016-06-19T23:42:48","modified_gmt":"2016-06-19T21:42:48","slug":"uebersicht","status":"publish","type":"page","link":"https:\/\/unfallanalyse.hamburg\/?page_id=632","title":{"rendered":"\u00dcbersicht"},"content":{"rendered":"<h2><b>\u00dcbersicht der Themen in dieser Sektion<\/b><\/h2>\n<p>Die Seite ist noch im Aufbau.<\/p>\n<p>Die im \u00dcbersichtsblock angegebenen Links k\u00f6nnen schon besucht werden.<\/p>\n","protected":false},"excerpt":{"rendered":"<p>\u00dcbersicht der Themen in dieser Sektion Die Seite ist noch im Aufbau. Die im \u00dcbersichtsblock angegebenen Links k\u00f6nnen schon besucht werden.<\/p>\n","protected":false},"author":2,"featured_media":0,"parent":630,"menu_order":0,"comment_status":"closed","ping_status":"closed","template":"template-twocolumnsright.php","meta":{"footnotes":""},"class_list":["post-632","page","type-page","status-publish","hentry","nodate"],"_links":{"self":[{"href":"https:\/\/unfallanalyse.hamburg\/index.php?rest_route=\/wp\/v2\/pages\/632","targetHints":{"allow":["GET"]}}],"collection":[{"href":"https:\/\/unfallanalyse.hamburg\/index.php?rest_route=\/wp\/v2\/pages"}],"about":[{"href":"https:\/\/unfallanalyse.hamburg\/index.php?rest_route=\/wp\/v2\/types\/page"}],"author":[{"embeddable":true,"href":"https:\/\/unfallanalyse.hamburg\/index.php?rest_route=\/wp\/v2\/users\/2"}],"replies":[{"embeddable":true,"href":"https:\/\/unfallanalyse.hamburg\/index.php?rest_route=%2Fwp%2Fv2%2Fcomments&post=632"}],"version-history":[{"count":1,"href":"https:\/\/unfallanalyse.hamburg\/index.php?rest_route=\/wp\/v2\/pages\/632\/revisions"}],"predecessor-version":[{"id":633,"href":"https:\/\/unfallanalyse.hamburg\/index.php?rest_route=\/wp\/v2\/pages\/632\/revisions\/633"}],"up":[{"embeddable":true,"href":"https:\/\/unfallanalyse.hamburg\/index.php?rest_route=\/wp\/v2\/pages\/630"}],"wp:attachment":[{"href":"https:\/\/unfallanalyse.hamburg\/index.php?rest_route=%2Fwp%2Fv2%2Fmedia&parent=632"}],"curies":[{"name":"wp","href":"https:\/\/api.w.org\/{rel}","templated":true}]}}