{"id":651,"date":"2016-06-18T14:20:18","date_gmt":"2016-06-18T12:20:18","guid":{"rendered":"http:\/\/uf.fsar.de\/?page_id=651"},"modified":"2016-06-19T23:42:49","modified_gmt":"2016-06-19T21:42:49","slug":"felgenwaescher","status":"publish","type":"page","link":"https:\/\/unfallanalyse.hamburg\/?page_id=651","title":{"rendered":"Felgenw\u00e4scher"},"content":{"rendered":"<h2>Fehlerhafte Felgenw\u00e4scher<\/h2>\n<p>Die Bilder zeigen Besch\u00e4digungen, die von einem Felgenw\u00e4scher verursacht wurden. Der Fahrer des BMW lie\u00df sein Fahrzeug in der Waschstra\u00dfe reinigen. Nach der W\u00e4sche stellte er diverse Kratzer an seinem 3er fest. Die bogenf\u00f6rmigen Kratzer wurden durch eine Fehlfunktion des Felgenw\u00e4schers verursacht. Der R\u00e4derw\u00e4scher setzte zu fr\u00fch und somit vor dem Rad auf. Hierdurch wurden kreisrunde Rotationsspuren der B\u00fcrste auf der Lackierung der T\u00fcrfl\u00e4che verursacht.<\/p>\n<p><a href=\"https:\/\/unfallanalyse.hamburg\/wp-content\/uploads\/2016\/06\/Waschanlagen_5.jpg\"><img loading=\"lazy\" decoding=\"async\" class=\"size-full wp-image-653 aligncenter\" src=\"https:\/\/unfallanalyse.hamburg\/wp-content\/uploads\/2016\/06\/Waschanlagen_5.jpg\" alt=\"Waschanlagen_5\" width=\"500\" height=\"375\" srcset=\"https:\/\/unfallanalyse.hamburg\/wp-content\/uploads\/2016\/06\/Waschanlagen_5.jpg 500w, https:\/\/unfallanalyse.hamburg\/wp-content\/uploads\/2016\/06\/Waschanlagen_5-300x225.jpg 300w\" sizes=\"auto, (max-width: 500px) 100vw, 500px\" \/><\/a><a href=\"https:\/\/unfallanalyse.hamburg\/wp-content\/uploads\/2016\/06\/Waschanlagen_6.jpg\"><img loading=\"lazy\" decoding=\"async\" class=\"size-full wp-image-654 aligncenter\" src=\"https:\/\/unfallanalyse.hamburg\/wp-content\/uploads\/2016\/06\/Waschanlagen_6.jpg\" alt=\"Waschanlagen_6\" width=\"500\" height=\"375\" srcset=\"https:\/\/unfallanalyse.hamburg\/wp-content\/uploads\/2016\/06\/Waschanlagen_6.jpg 500w, https:\/\/unfallanalyse.hamburg\/wp-content\/uploads\/2016\/06\/Waschanlagen_6-300x225.jpg 300w\" sizes=\"auto, (max-width: 500px) 100vw, 500px\" \/><\/a><a href=\"https:\/\/unfallanalyse.hamburg\/wp-content\/uploads\/2016\/06\/Waschanlagen_7.jpg\"><img loading=\"lazy\" decoding=\"async\" class=\"size-full wp-image-652 aligncenter\" src=\"https:\/\/unfallanalyse.hamburg\/wp-content\/uploads\/2016\/06\/Waschanlagen_7.jpg\" alt=\"Waschanlagen_7\" width=\"500\" height=\"375\" srcset=\"https:\/\/unfallanalyse.hamburg\/wp-content\/uploads\/2016\/06\/Waschanlagen_7.jpg 500w, https:\/\/unfallanalyse.hamburg\/wp-content\/uploads\/2016\/06\/Waschanlagen_7-300x225.jpg 300w\" sizes=\"auto, (max-width: 500px) 100vw, 500px\" \/><\/a><\/p>\n","protected":false},"excerpt":{"rendered":"<p>Fehlerhafte Felgenw\u00e4scher Die Bilder zeigen Besch\u00e4digungen, die von einem Felgenw\u00e4scher verursacht wurden. Der Fahrer des BMW lie\u00df sein Fahrzeug in der Waschstra\u00dfe reinigen. Nach der W\u00e4sche stellte er diverse Kratzer an seinem 3er fest. Die bogenf\u00f6rmigen Kratzer wurden durch eine Fehlfunktion des Felgenw\u00e4schers verursacht. Der R\u00e4derw\u00e4scher setzte zu fr\u00fch und somit vor dem Rad auf. &hellip; <\/p>\n<p><a class=\"more-link block-button\" href=\"https:\/\/unfallanalyse.hamburg\/?page_id=651\">Weiter lesen &raquo;<\/a><\/p>\n","protected":false},"author":2,"featured_media":0,"parent":640,"menu_order":0,"comment_status":"closed","ping_status":"closed","template":"template-twocolumnsright.php","meta":{"footnotes":""},"class_list":["post-651","page","type-page","status-publish","hentry","nodate"],"_links":{"self":[{"href":"https:\/\/unfallanalyse.hamburg\/index.php?rest_route=\/wp\/v2\/pages\/651","targetHints":{"allow":["GET"]}}],"collection":[{"href":"https:\/\/unfallanalyse.hamburg\/index.php?rest_route=\/wp\/v2\/pages"}],"about":[{"href":"https:\/\/unfallanalyse.hamburg\/index.php?rest_route=\/wp\/v2\/types\/page"}],"author":[{"embeddable":true,"href":"https:\/\/unfallanalyse.hamburg\/index.php?rest_route=\/wp\/v2\/users\/2"}],"replies":[{"embeddable":true,"href":"https:\/\/unfallanalyse.hamburg\/index.php?rest_route=%2Fwp%2Fv2%2Fcomments&post=651"}],"version-history":[{"count":1,"href":"https:\/\/unfallanalyse.hamburg\/index.php?rest_route=\/wp\/v2\/pages\/651\/revisions"}],"predecessor-version":[{"id":655,"href":"https:\/\/unfallanalyse.hamburg\/index.php?rest_route=\/wp\/v2\/pages\/651\/revisions\/655"}],"up":[{"embeddable":true,"href":"https:\/\/unfallanalyse.hamburg\/index.php?rest_route=\/wp\/v2\/pages\/640"}],"wp:attachment":[{"href":"https:\/\/unfallanalyse.hamburg\/index.php?rest_route=%2Fwp%2Fv2%2Fmedia&parent=651"}],"curies":[{"name":"wp","href":"https:\/\/api.w.org\/{rel}","templated":true}]}}