{"id":676,"date":"2016-06-18T15:01:40","date_gmt":"2016-06-18T13:01:40","guid":{"rendered":"http:\/\/uf.fsar.de\/?page_id=676"},"modified":"2024-11-05T15:23:20","modified_gmt":"2024-11-05T14:23:20","slug":"stellenangebote","status":"publish","type":"page","link":"https:\/\/unfallanalyse.hamburg\/?page_id=676","title":{"rendered":"Stellenangebote"},"content":{"rendered":"\nDas IFU-Hamburg erstellt, insbesondere in Norddeutschland, aber auch bundesweit, ausschlie\u00dflich f\u00fcr Gerichte, Staatsanwaltschaften sowie die Polizei Unfallrekonstruktions-, Schaden- und Bewertungsgutachten.\nZur Verst\u00e4rkung unseres jungen Teams suchen wir <b>ab sofort<\/b>\n<br><br><font size=\"+1\"><b>Eine engagierte Rechtsanwaltsfachangestellte \/ Sekretariatsmitarbeiterin \/ qualifizierte Schreibkraft (m\/w\/d) in Teilzeit <\/b><\/font><br><br>\nIhr Aufgabengebiet wird umfassen:\n<ul>\n \t<li>allgemeine Empfangst\u00e4tigkeiten<\/li>\n \t<li>Einpflegen von Auftr\u00e4gen in unsere Datenbank<\/li>\n \t<li>eigenst\u00e4ndige Aktenbearbeitung<\/li>\n \t<li>Erledigung der Korrespondenz mit Beh\u00f6rden, Gerichten und Verfahrensbeteiligten<\/li>\n \t<li>Assistenz der Sachverst\u00e4ndigen<\/li>\n \t<li>Terminplanung\/-\u00fcberwachung und Fristenkontrolle<\/li>\n \t<li>Erfassung der Gutachten nach Diktat und deren Fertigstellung<\/li>\n<\/ul>\n<br>\n<b>Ihr Profil:<\/b>\n<br>\n<ul>\n \t<li>eine erfolgreich abgeschlossene Ausbildung als Rechtsanwaltsfachangestellte (m\/w\/d) oder eine vergleichbare Qualifikation<\/li>\n \t<li>Berufserfahrung w\u00e4re w\u00fcnschenswert, ist jedoch keine Einstellungsvoraussetzung<\/li>\n \t<li>sicherer Umgang mit EDV-Programmen, insbesondere MS-Office<\/li>\n \t<li>Teamf\u00e4higkeit und Belastbarkeit<\/li>\n \t<li>Schreiben nach Phonodiktat<\/li>\n \t<li>sehr gute Deutschkenntnisse in Wort und Schrift<\/li>\n \t<li>selbstst\u00e4ndige, eigenverantwortliche und zuverl\u00e4ssige Arbeitsweise<\/li>\n<\/ul>\n<br>\n<hr>\n<br>\n&nbsp;\n<br>\nEinen Ingenieur (Dipl.-Ing. (U), Dipl.-Ing. (TU), MSci (U), MSci (TU), M.Eng. (U) oder M.Eng. (TU)) f\u00fcr die Arbeit als<br><br><font size=\"+1\"><b>Unfallanalytiker\/in\nSachverst\u00e4ndige\/r f\u00fcr Stra\u00dfenverkehrsunf\u00e4lle (m\/w\/d) <\/b><\/font><br><br>\n\nDas Aufgabengebiet umfasst die technische Rekonstruktion von Stra\u00dfenverkehrsunf\u00e4llen mit technisch-physikalischen Methoden und wesentlichen Bereichen der Unfallforschung. Wir bieten Ihnen eine umfangreiche Ausbildung auf dem Gebiet der Unfallrekonstruktion.\nFolgende Eigenschaften sollten Sie mitbringen:\n<ul>\n \t<li>solide Kenntnisse in Mechanik und Fahrzeugtechnik<\/li>\n \t<li>logisches, vernetztes Denken<\/li>\n \t<li>klarer Ausdruck in Wort und Schrift<\/li>\n \t<li>Teamf\u00e4higkeit<\/li>\n<\/ul>\n<br>\n<hr>\n<br>\nEinen Ingenieur (Dipl.-Ing. (U), Dipl.-Ing. (TU), MSci (U), MSci (TU), M.Eng. (U) oder M.Eng. (TU)) f\u00fcr die Arbeit als <br><br>\n\n<font size=\"+1\"><b>Sachverst\u00e4ndige\/r f\u00fcr Kfz-Sch\u00e4den und -Bewertung (m\/w\/d)<\/b><\/font>\n<br><br>\nDas Aufgabengebiet umfasst\n<ul>\n \t<li>Erstellen von kraftfahrzeugtechnischen Gutachten<\/li>\n \t<li>Ermittlung der Schadenh\u00f6he mittels Audatex und DAT<\/li>\n \t<li>\u00dcberpr\u00fcfung von Reparaturwegen in Vorgutachten<\/li>\n \t<li>Pr\u00fcfung von Kostenvoranschl\u00e4gen, Rechnungen und Vorgutachten<\/li>\n \t<li>Ermittlung von Wiederbeschaffungs- und Restwert<\/li>\n \t<li>Technische \u00dcberpr\u00fcfung von Vergleichswerkst\u00e4tten (nicht markengebundene Betriebe)<\/li>\n \t<li>klarer Ausdruck in Wort und Schrift<\/li>\n \t<li>Teamf\u00e4higkeit<\/li>\n<\/ul>\n&nbsp;\n<hr>\n<br>\nWeiterhin suchen wir <b>ab sofort<\/b> eine(n)\n<br><br><font size=\"+1\"><b>staatl. gepr\u00fcften Techniker des Fachbereiches Karosseriebau- und Fahrzeugtechnik oder Maschinenbautechnik (m\/w\/d)<\/b><\/font><br>\n(als Assistenz unserer Sachverst\u00e4ndigen f\u00fcr Stra\u00dfenverkehrsunf\u00e4lle)\n<br>\n<br>\nDas Aufgabengebiet umfasst\n<ul>\n<li>Unfallstellenvermessung und Fahrzeugbesichtigungen<\/li>\n<li>Fotogrammetrie<\/li>\n<li>Unterst\u00fctzung bei der Vorbereitung und Durchf\u00fchrung von Unfall- und Fahrversuchen<\/li>\n<li>Visualisierung von Unfallschilderungen und \u00f6rtlichen Begebenheiten mittels CAD<\/li>\n<\/ul>\n<br>\n<hr>\n<p><b>Unser Institut arbeitet v\u00f6llig unabh\u00e4ngig von wirtschaftlichen Interessen ausschlie\u00dflich im Auftrag von Gerichten und Staatsanwaltschaften und nicht f\u00fcr Versicherungen und Privatpersonen.<\/b><\/p>\n<p style=\"text-align: justify;\">Wir bieten im Stadtzentrum Hamburgs ein interessantes und vielseitiges Bet\u00e4tigungsfeld in einem jungen Team f\u00fcr analytisch begabte und eher praxisorientierte Ingenieure\/-innen und Physiker\/-innen eine mehrj\u00e4hrige gr\u00fcndliche Zusatzausbildung zum Unfallanalytiker w\u00e4hrend der beruflichen T\u00e4tigkeit. Die Arbeit eines Unfallanalytikers ist sehr abwechslungsreich, da wir immer wieder mit neuen anspruchsvollen Fragestellungen unserer Auftraggeber konfrontiert werden. Die etwa 300 Unfallanalytiker in Deutschland stehen untereinander in regem Austausch, organisieren Crashversuche und besuchen die allj\u00e4hrlichen nationalen und internationalen Fachtagungen. Wir m\u00f6chten unseren Mitarbeiterstab dauerhaft erweitern, um der guten Auftragslage nachzukommen. \u00dcber das Berufsbild des Unfallanalytikers informieren Sie sich am besten auf unserer Homepage.<\/p>\n<p style=\"text-align: justify;\">Unser Institut arbeitet computerunterst\u00fctzt mit Schwerpunkt auf Simulationsprogrammen, Messtechnik, Foto- und Videoauswertung, Tabellenkalkulation und CAD. Gerichtsgutachten werden haupts\u00e4chlich f\u00fcr technische Laien (Richter u. Rechtsanw\u00e4lte) geschrieben. Eine klare Ausdrucksweise (in Wort und Schrift) sowie logisches vernetztes Denken sind uns deshalb besonders wichtig.<\/p>\n<p><strong>Sie erhalten zus\u00e4tzlich zu einem attraktiven Gehalt eine arbeitgeberfinanzierte betriebliche Altersversorgung. <\/strong><\/p>\n<p>Interessenten richten Ihre Bewerbung bitte schriftlich an <b>Frau Zerr<\/b> mit den folgenden Kontaktdaten:<\/p>\n<p><strong>IFU-Hamburg Institut f\u00fcr Unfallanalysen<\/strong><br><strong>Diplom-Physiker Ingenieure Weber PartG<\/strong><br><b>Oberaltenallee 16<\/b><br><b>22081 Hamburg<\/b><br><b>E-Mail: <a href=\"&#109;&#97;&#x69;l&#116;&#x6f;&#x3a;i&#46;&#x7a;&#x65;r&#114;&#x40;u&#110;&#x66;&#x61;l&#108;&#x66;&#x6f;r&#101;&#x6e;s&#105;&#x6b;&#x2e;d&#101;\">&#x69;&#x2e;&#122;&#101;&#114;r&#x40;&#x75;&#x6e;&#102;&#97;ll&#x66;&#x6f;&#x72;&#101;&#110;s&#x69;&#x6b;&#x2e;&#100;&#101;<\/a><\/b><\/p>\n\n\n\n<p><\/p>\n","protected":false},"excerpt":{"rendered":"<p>Das IFU-Hamburg erstellt, insbesondere in Norddeutschland, aber auch bundesweit, ausschlie\u00dflich f\u00fcr Gerichte, Staatsanwaltschaften sowie die Polizei Unfallrekonstruktions-, Schaden- und Bewertungsgutachten. Zur Verst\u00e4rkung unseres jungen Teams suchen wir ab sofort Eine engagierte Rechtsanwaltsfachangestellte \/ Sekretariatsmitarbeiterin \/ qualifizierte Schreibkraft (m\/w\/d) in Teilzeit Ihr Aufgabengebiet wird umfassen: allgemeine Empfangst\u00e4tigkeiten Einpflegen von Auftr\u00e4gen in unsere Datenbank eigenst\u00e4ndige Aktenbearbeitung Erledigung &hellip; <\/p>\n<p><a class=\"more-link block-button\" href=\"https:\/\/unfallanalyse.hamburg\/?page_id=676\">Weiter lesen &raquo;<\/a><\/p>\n","protected":false},"author":2,"featured_media":0,"parent":8,"menu_order":1,"comment_status":"closed","ping_status":"closed","template":"","meta":{"footnotes":""},"class_list":["post-676","page","type-page","status-publish","hentry","nodate"],"_links":{"self":[{"href":"https:\/\/unfallanalyse.hamburg\/index.php?rest_route=\/wp\/v2\/pages\/676","targetHints":{"allow":["GET"]}}],"collection":[{"href":"https:\/\/unfallanalyse.hamburg\/index.php?rest_route=\/wp\/v2\/pages"}],"about":[{"href":"https:\/\/unfallanalyse.hamburg\/index.php?rest_route=\/wp\/v2\/types\/page"}],"author":[{"embeddable":true,"href":"https:\/\/unfallanalyse.hamburg\/index.php?rest_route=\/wp\/v2\/users\/2"}],"replies":[{"embeddable":true,"href":"https:\/\/unfallanalyse.hamburg\/index.php?rest_route=%2Fwp%2Fv2%2Fcomments&post=676"}],"version-history":[{"count":71,"href":"https:\/\/unfallanalyse.hamburg\/index.php?rest_route=\/wp\/v2\/pages\/676\/revisions"}],"predecessor-version":[{"id":1594,"href":"https:\/\/unfallanalyse.hamburg\/index.php?rest_route=\/wp\/v2\/pages\/676\/revisions\/1594"}],"up":[{"embeddable":true,"href":"https:\/\/unfallanalyse.hamburg\/index.php?rest_route=\/wp\/v2\/pages\/8"}],"wp:attachment":[{"href":"https:\/\/unfallanalyse.hamburg\/index.php?rest_route=%2Fwp%2Fv2%2Fmedia&parent=676"}],"curies":[{"name":"wp","href":"https:\/\/api.w.org\/{rel}","templated":true}]}}