{"id":729,"date":"2016-06-18T15:55:49","date_gmt":"2016-06-18T13:55:49","guid":{"rendered":"http:\/\/uf.fsar.de\/?page_id=729"},"modified":"2016-07-13T12:50:34","modified_gmt":"2016-07-13T10:50:34","slug":"forensische-rekonstruktion","status":"publish","type":"page","link":"https:\/\/unfallanalyse.hamburg\/?page_id=729","title":{"rendered":"Forensische Rekonstruktion"},"content":{"rendered":"<p><b>Rekonstruktion von Verkehrsunf\u00e4llen<\/b><\/p>\n<p>Nach Verkehrsunf\u00e4llen stellt sich h\u00e4ufig die Frage, welcher Verkehrsteilnehmer in welchem Umfang den Unfall mitverschuldet hat. Aus den vorhandenen Unfallspuren ist es m\u00f6glich, den genauen Ablauf eines Verkehrsunfalls zu rekonstruieren. In der Regel lassen sich folgende Daten aus den Unfallspuren und den Fahrzeugdeformationen ermitteln:<\/p>\n<ul>\n<li>Ansto\u00dfposition und Lage des Kollisionsortes<\/li>\n<li>Ansto\u00dfgeschwindigkeit(en)<\/li>\n<li>Ann\u00e4herungsgeschwindigkeit(en), falls zuvor noch gebremst wurde<\/li>\n<li>genaue zeitliche Entwicklung des Unfalls<\/li>\n<li>Vermeidbarkeitsm\u00f6glichkeiten des Unfalls<\/li>\n<\/ul>\n<p>Voraussetzung f\u00fcr die Ermittlung dieser Daten ist, dass Unfallspuren und die Fahrzeugdeformationen durch Fotografien und Skizzen gesichert sind. Bei einer unzureichenden Spurensicherung lassen sich oftmals noch nachtr\u00e4glich wichtige Ankn\u00fcpfungspunkte ermitteln.<\/p>\n<p><b>Fach\u00fcbergreifende T\u00e4tigkeiten<\/b><\/p>\n<p>Die normale Unfallrekonstruktion beinhaltet Fragestellungen nach Ansto\u00dfposition, Geschwindigkeiten und Entwicklung eines Unfalls. Unter besonderen Umst\u00e4nden sind aber auch Spezialkenntnisse des Analytikers gefragt, die in den Bereich der Kriminalistik, der Wahrnehmungspsychologie, der Fahrzeugtechnik, der Werkstoffkunde und der Medizin \u00fcbergreifen.<br \/>\nAlle, im Lexikon der Unfallrekonstruktion genannten Themenbereiche sind dem Aufgabengebiet des Unfallanalytikers zuzuordnen.<\/p>\n","protected":false},"excerpt":{"rendered":"<p>Rekonstruktion von Verkehrsunf\u00e4llen Nach Verkehrsunf\u00e4llen stellt sich h\u00e4ufig die Frage, welcher Verkehrsteilnehmer in welchem Umfang den Unfall mitverschuldet hat. Aus den vorhandenen Unfallspuren ist es m\u00f6glich, den genauen Ablauf eines Verkehrsunfalls zu rekonstruieren. In der Regel lassen sich folgende Daten aus den Unfallspuren und den Fahrzeugdeformationen ermitteln: Ansto\u00dfposition und Lage des Kollisionsortes Ansto\u00dfgeschwindigkeit(en) Ann\u00e4herungsgeschwindigkeit(en), falls &hellip; <\/p>\n<p><a class=\"more-link block-button\" href=\"https:\/\/unfallanalyse.hamburg\/?page_id=729\">Weiter lesen &raquo;<\/a><\/p>\n","protected":false},"author":2,"featured_media":0,"parent":8,"menu_order":1,"comment_status":"closed","ping_status":"closed","template":"","meta":{"footnotes":""},"class_list":["post-729","page","type-page","status-publish","hentry","nodate"],"_links":{"self":[{"href":"https:\/\/unfallanalyse.hamburg\/index.php?rest_route=\/wp\/v2\/pages\/729","targetHints":{"allow":["GET"]}}],"collection":[{"href":"https:\/\/unfallanalyse.hamburg\/index.php?rest_route=\/wp\/v2\/pages"}],"about":[{"href":"https:\/\/unfallanalyse.hamburg\/index.php?rest_route=\/wp\/v2\/types\/page"}],"author":[{"embeddable":true,"href":"https:\/\/unfallanalyse.hamburg\/index.php?rest_route=\/wp\/v2\/users\/2"}],"replies":[{"embeddable":true,"href":"https:\/\/unfallanalyse.hamburg\/index.php?rest_route=%2Fwp%2Fv2%2Fcomments&post=729"}],"version-history":[{"count":2,"href":"https:\/\/unfallanalyse.hamburg\/index.php?rest_route=\/wp\/v2\/pages\/729\/revisions"}],"predecessor-version":[{"id":983,"href":"https:\/\/unfallanalyse.hamburg\/index.php?rest_route=\/wp\/v2\/pages\/729\/revisions\/983"}],"up":[{"embeddable":true,"href":"https:\/\/unfallanalyse.hamburg\/index.php?rest_route=\/wp\/v2\/pages\/8"}],"wp:attachment":[{"href":"https:\/\/unfallanalyse.hamburg\/index.php?rest_route=%2Fwp%2Fv2%2Fmedia&parent=729"}],"curies":[{"name":"wp","href":"https:\/\/api.w.org\/{rel}","templated":true}]}}