{"id":75,"date":"2016-06-15T15:18:33","date_gmt":"2016-06-15T13:18:33","guid":{"rendered":"http:\/\/uf.fsar.de\/?page_id=75"},"modified":"2016-06-15T15:20:31","modified_gmt":"2016-06-15T13:20:31","slug":"ifu-buecher","status":"publish","type":"page","link":"https:\/\/unfallanalyse.hamburg\/?page_id=75","title":{"rendered":"IFU-B\u00fccher"},"content":{"rendered":"<h2>Buchprojekte unter Beteiligung des IFU<\/h2>\n<p><b>Die Aufkl\u00e4rung des Kfz-Versicherungsbetrugs<\/b><br \/>\nGrundlagen der Kompatibilit\u00e4tsanalyse und Plausibilit\u00e4tspr\u00fcfung<br \/>\nHerausgeber und Hauptautor: Michael Weber<br \/>\nLeider jetzt vergriffen; Infos unter: <a href=\"http:\/\/unfallforensik.maindev.de\/dobrick.cms\/cms3-unrefer.php?url=http%3A%2F%2Fwww.evuonline.org%2FPublikationen.asp%3FMID%3D1%26o2%3Da%26O%3D4%26D%3D7\" target=\"_blank\">www.evuonline.org<\/a><\/p>\n<p><b>Handbuch des Stra\u00dfenverkehrsrechtes<\/b><br \/>\nHerausgeber: Berz\/Burmann<br \/>\nM. Weber Autor des Kapitels 21<br \/>\nzu bestellen \u00fcber Fachbuchhandel, ISBN 3406413854<br \/>\n<a href=\"http:\/\/unfallforensik.maindev.de\/dobrick.cms\/cms3-unrefer.php?url=http%3A%2F%2Fwww.beck-shop.de%2Fproduktview.html%3Fprodid%3D1296\" target=\"_blank\">www.beck-shop.de<\/a><\/p>\n<p><b>Whiplash injuries<br \/>\nCurrent concepts in prevention, diagnosis, and treatment of the cervical whisplash syndrome<\/b><br \/>\n[edited by] Robert Gunzburg, Marck Szpalski, Lippincott-Raven Publishers, (M. Weber Co-author)<br \/>\nISBN 0-397-51856-0<br \/>\n<a href=\"http:\/\/unfallforensik.maindev.de\/dobrick.cms\/cms3-unrefer.php?url=http%3A%2F%2Fwww.amazon.com%2FWhiplash-Injuries-Prevention-Diagnosis-Treatment%2Fdp%2F0397518560\" target=\"_blank\">www.amazon.com<\/a><\/p>\n<p><b>Das \u201cSchleudertrauma\u201d der Halswirbels\u00e4ule<br \/>\nBeschleunigungseinwirkung &#8211; Diagnostik &#8211; Begutachtung<\/b><br \/>\nHerausgeber: Castro, K\u00fcgelgen, Ludolph, Schr\u00f6ter<br \/>\nBeitrag: Unfall- und Verletzungsmechanismus (M. Weber-Mitautor)<br \/>\nISBN 343230651 2<br \/>\n<a href=\"http:\/\/unfallforensik.maindev.de\/dobrick.cms\/cms3-unrefer.php?url=http%3A%2F%2Fwww.amazon.de%2Fgp%2Fproduct%2F3432306512%3Fie%3DUTF8%26tag%3Dlaufeninhambu-21%26linkCode%3Das2%26camp%3D1638%26creative%3D6742%26creativeASIN%3D3432306512\" target=\"_blank\">Amazon.de<\/a><\/p>\n<p><b>THE QUERY- PROJECT<\/b><br \/>\nDeveloping Guidelines for a Best Practice Qualification of Accident Analysts<br \/>\npublished by European Association for Accident Research and Analysis, EVU headquarters, Hamburg, Germany<br \/>\nAuthor: Michael Weber<br \/>\nPart financed by the European Union (Directorate General for Energy and Transport of the European Union &#8211; DG-TREN), ISBN: 978-3-00-019328-6<br \/>\nPDF download <a href=\"http:\/\/unfallforensik.maindev.de\/dobrick.cms\/cms3.php?sessionid=&amp;objectid=QUERY-english&amp;pathid=root%2Fpdfs&amp;language=de&amp;targettype=0\">here english<\/a> (2,75 MB english) and <a href=\"http:\/\/unfallforensik.maindev.de\/dobrick.cms\/cms3.php?sessionid=&amp;objectid=QUERY-Deutsch&amp;pathid=root%2Fpdfs&amp;language=de&amp;targettype=0\">here german<\/a> (3,19 MB) .<\/p>\n<p><b>Fachbuch &#8222;Unfallrekonstruktion&#8220;<\/b><br \/>\nautorenteam GbR, M\u00fcnster &#8211; Wolfgang Hugemann (Hrsg.)<br \/>\n2 B\u00e4nde im Schuber, 1278 Seiten, 1157 Abbildungen, 1 DVD<br \/>\n295 \u20ac zzgl. MwSt. und Versandkosten<br \/>\nAusarbeitung folgender Kapitel durch Michael Weber: 1. Digitale Bild- und Videobearbeitung, 2. Juristisches Grundwissen (Coautor), 3. Serienkollisionen und 4. Versicherungsbetrug mit Kraftfahrzeugen<br \/>\nAusarbeitung folgender Kapitel durch Hans Pfeufer: 1. Instation\u00e4re Bewegungen und 2. Programmbeschreibung f\u00fcr Analyzer Pro<br \/>\nzu bestellen \u00fcber: <a href=\"http:\/\/unfallforensik.maindev.de\/dobrick.cms\/cms3-unrefer.php?url=http%3A%2F%2Fwww.unfallrekonstruktion.eu\" target=\"_blank\">www.unfallrekonstruktion.eu<\/a><\/p>\n<p><b>Sachverst\u00e4ndigenbeweis im Verkehrsrecht<\/b><br \/>\nAutor: Michael Weber<br \/>\nHagener Wissenschaftsverlag<br \/>\nBestellnummer ISBN-978-3-8305-3464-8<br \/>\n3. \u00fcberarbeitete Auflage 2015 &#8211; Einband kartoniert<br \/>\nPreis 42,00 \u20ac Bezug z.B: \u00fcber<br \/>\n<a href=\"http:\/\/unfallforensik.maindev.de\/dobrick.cms\/cms3-unrefer.php?url=http%3A%2F%2Fbwv.verlag-online.eu%2Fshop%2Fbwv%2Fapply%2Fviewdetail%2Fid%2F5152%2F\" target=\"_blank\">bwv.verlag-online.eu\/shop\/bwv\/apply\/viewdetail\/id\/5152\/<\/a><\/p>\n","protected":false},"excerpt":{"rendered":"<p>Buchprojekte unter Beteiligung des IFU Die Aufkl\u00e4rung des Kfz-Versicherungsbetrugs Grundlagen der Kompatibilit\u00e4tsanalyse und Plausibilit\u00e4tspr\u00fcfung Herausgeber und Hauptautor: Michael Weber Leider jetzt vergriffen; Infos unter: www.evuonline.org Handbuch des Stra\u00dfenverkehrsrechtes Herausgeber: Berz\/Burmann M. Weber Autor des Kapitels 21 zu bestellen \u00fcber Fachbuchhandel, ISBN 3406413854 www.beck-shop.de Whiplash injuries Current concepts in prevention, diagnosis, and treatment of the cervical &hellip; <\/p>\n<p><a class=\"more-link block-button\" href=\"https:\/\/unfallanalyse.hamburg\/?page_id=75\">Weiter lesen &raquo;<\/a><\/p>\n","protected":false},"author":2,"featured_media":0,"parent":36,"menu_order":0,"comment_status":"closed","ping_status":"closed","template":"","meta":{"footnotes":""},"class_list":["post-75","page","type-page","status-publish","hentry","nodate"],"_links":{"self":[{"href":"https:\/\/unfallanalyse.hamburg\/index.php?rest_route=\/wp\/v2\/pages\/75","targetHints":{"allow":["GET"]}}],"collection":[{"href":"https:\/\/unfallanalyse.hamburg\/index.php?rest_route=\/wp\/v2\/pages"}],"about":[{"href":"https:\/\/unfallanalyse.hamburg\/index.php?rest_route=\/wp\/v2\/types\/page"}],"author":[{"embeddable":true,"href":"https:\/\/unfallanalyse.hamburg\/index.php?rest_route=\/wp\/v2\/users\/2"}],"replies":[{"embeddable":true,"href":"https:\/\/unfallanalyse.hamburg\/index.php?rest_route=%2Fwp%2Fv2%2Fcomments&post=75"}],"version-history":[{"count":1,"href":"https:\/\/unfallanalyse.hamburg\/index.php?rest_route=\/wp\/v2\/pages\/75\/revisions"}],"predecessor-version":[{"id":76,"href":"https:\/\/unfallanalyse.hamburg\/index.php?rest_route=\/wp\/v2\/pages\/75\/revisions\/76"}],"up":[{"embeddable":true,"href":"https:\/\/unfallanalyse.hamburg\/index.php?rest_route=\/wp\/v2\/pages\/36"}],"wp:attachment":[{"href":"https:\/\/unfallanalyse.hamburg\/index.php?rest_route=%2Fwp%2Fv2%2Fmedia&parent=75"}],"curies":[{"name":"wp","href":"https:\/\/api.w.org\/{rel}","templated":true}]}}