{"id":8,"date":"2016-06-15T13:10:00","date_gmt":"2016-06-15T11:10:00","guid":{"rendered":"http:\/\/uf.fsar.de\/?page_id=8"},"modified":"2023-09-27T13:29:36","modified_gmt":"2023-09-27T11:29:36","slug":"ifu-hamburg","status":"publish","type":"page","link":"https:\/\/unfallanalyse.hamburg\/","title":{"rendered":"IFU-Hamburg"},"content":{"rendered":"<p style=\"text-align: justify;\">Das Institut f\u00fcr Unfallanalysen wurde im Jahr 2000 in Hamburg als privatwirtschaftliche Einrichtung gegr\u00fcndet. Mit Wirkung vom 1. Mai 2016 wurde das Einzelunternehmen in eine Partnerschaftsgesellschaft umgewandelt. Das IFU-Hamburg wird jetzt von vier Partnern gef\u00fchrt. Der Gr\u00fcnder m\u00f6chte sich in den n\u00e4chsten Jahren ganz allm\u00e4hlich zur\u00fcckziehen. Die hier arbeitenden Unfallanalytiker werden in Deutschland von der IHK als \u201cSachverst\u00e4ndige f\u00fcr Stra\u00dfenverkehrsunf\u00e4lle\u201d bezeichnet.<\/p>\n<p style=\"text-align: justify;\">Das T\u00e4tigkeitsgebiet des IFU-Hamburg umfasst die R\u00fcckrechnung von Fahrgeschwindigkeiten nach Unf\u00e4llen aus Unfallspuren, die Untersuchung von Unfallabl\u00e4ufen, Vermeidbarkeitsbetrachtungen von Verkehrsunf\u00e4llen, Betrugsaufkl\u00e4rung, Messtechnik (Licht, Ger\u00e4usche, Beschleunigungen), Biomechanik (z.B. Halswirbelschleudertrauma) und technische Fragestellungen zu Kraftfahrzeugen. Unser B\u00fcro ist ausschlie\u00dflich f\u00fcr Zivil- und Strafgerichte t\u00e4tig. Auftr\u00e4ge von Versicherungen, Rechtsanw\u00e4lten, Privatpersonen sowie Firmen k\u00f6nnen leider nicht angenommen werden.<\/p>\n<p style=\"text-align: justify;\">Die Bearbeitung von Fragestellungen, die den Bereich \u201cSch\u00e4den und Bewertung von Kraftfahrzeugen\u201d betreffen, werden ausschlie\u00dflich im gerichtlichen Auftrag durchgef\u00fchrt.<\/p>\n<p style=\"text-align: justify;\">Der Bereich Unfallrekonstruktion ist nach wie vor zu wenig erforscht, eine Reihe von grunds\u00e4tzlichen Untersuchungen fehlen. Die im Rahmen der praktischen Auseinandersetzung mit Unfallabl\u00e4ufen neu gewonnenen Erkenntnisse werden regelm\u00e4\u00dfig in Fachpublikationen und Fachvortr\u00e4gen ver\u00f6ffentlicht. Ein besonderer Schwerpunkt wird dabei auf die Neuen Medien (CD, Internet, multimediale Vortr\u00e4ge) gesetzt.<\/p>\n","protected":false},"excerpt":{"rendered":"<p>Das Institut f\u00fcr Unfallanalysen wurde im Jahr 2000 in Hamburg als privatwirtschaftliche Einrichtung gegr\u00fcndet. Mit Wirkung vom 1. Mai 2016 wurde das Einzelunternehmen in eine Partnerschaftsgesellschaft umgewandelt. Das IFU-Hamburg wird jetzt von vier Partnern gef\u00fchrt. Der Gr\u00fcnder m\u00f6chte sich in den n\u00e4chsten Jahren ganz allm\u00e4hlich zur\u00fcckziehen. Die hier arbeitenden Unfallanalytiker werden in Deutschland von der &hellip; <\/p>\n<p><a class=\"more-link block-button\" href=\"https:\/\/unfallanalyse.hamburg\/\">Weiter lesen &raquo;<\/a><\/p>\n","protected":false},"author":1,"featured_media":0,"parent":0,"menu_order":0,"comment_status":"closed","ping_status":"closed","template":"","meta":{"footnotes":""},"class_list":["post-8","page","type-page","status-publish","hentry","nodate"],"_links":{"self":[{"href":"https:\/\/unfallanalyse.hamburg\/index.php?rest_route=\/wp\/v2\/pages\/8","targetHints":{"allow":["GET"]}}],"collection":[{"href":"https:\/\/unfallanalyse.hamburg\/index.php?rest_route=\/wp\/v2\/pages"}],"about":[{"href":"https:\/\/unfallanalyse.hamburg\/index.php?rest_route=\/wp\/v2\/types\/page"}],"author":[{"embeddable":true,"href":"https:\/\/unfallanalyse.hamburg\/index.php?rest_route=\/wp\/v2\/users\/1"}],"replies":[{"embeddable":true,"href":"https:\/\/unfallanalyse.hamburg\/index.php?rest_route=%2Fwp%2Fv2%2Fcomments&post=8"}],"version-history":[{"count":10,"href":"https:\/\/unfallanalyse.hamburg\/index.php?rest_route=\/wp\/v2\/pages\/8\/revisions"}],"predecessor-version":[{"id":1515,"href":"https:\/\/unfallanalyse.hamburg\/index.php?rest_route=\/wp\/v2\/pages\/8\/revisions\/1515"}],"wp:attachment":[{"href":"https:\/\/unfallanalyse.hamburg\/index.php?rest_route=%2Fwp%2Fv2%2Fmedia&parent=8"}],"curies":[{"name":"wp","href":"https:\/\/api.w.org\/{rel}","templated":true}]}}