{"id":973,"date":"2016-07-13T11:21:33","date_gmt":"2016-07-13T09:21:33","guid":{"rendered":"http:\/\/unfallanalyse.hamburg\/?page_id=973"},"modified":"2024-05-06T15:25:17","modified_gmt":"2024-05-06T13:25:17","slug":"impressum","status":"publish","type":"page","link":"https:\/\/unfallanalyse.hamburg\/?page_id=973","title":{"rendered":"Impressum"},"content":{"rendered":"<p><b>Kontakt &amp; Impressum<\/b><\/p>\n<p><b>IFU-Hamburg Institut f\u00fcr Unfallanalysen Diplom-Physiker Ingenieure Weber PartG<\/b><br \/>\nDie Partnerschaftsgesellschaft wird im Handelsregister beim Amtsgericht Hamburg unter der Handelsregister-Nummer PR 1068 gef\u00fchrt.<br \/>\n<b>USt-ID:<\/b> DE 306 046 772<br \/>\n<b>Steuernummer:<\/b> 43\/632\/02425 Finanzamt Hamburg Barmbek-Uhlenhorst<br \/>\n<img loading=\"lazy\" decoding=\"async\" class=\"alignright size-medium wp-image-831\" src=\"https:\/\/unfallanalyse.hamburg\/wp-content\/uploads\/2024\/05\/DSC_3269-scaled.jpg\" alt=\"IFU-Eingang\" width=\"400\" height=\"293\"><br \/>\n<b>Partner:<\/b><br \/>\n<i>Dipl.-Ing.<\/i> Thomas Schatz<br \/>\n<i>Dipl.-Phys.<\/i> Martin Windisch, <i>M. Eng.<\/i><br \/>\n<i>Dr.-Ing.<\/i> Jan-Cord Rodenberg<br \/>\n<i>Dipl.-Ing.<\/i> Ercan Senatli<\/p>\n<p><b>Kontakt:<\/b><br \/>\n<b>Email:<\/b> <a href=\"&#109;&#x61;i&#108;&#x74;o&#58;&#x53;V&#64;&#x75;n&#102;&#x61;&#108;&#x6c;&#x66;&#111;&#x72;&#x65;&#110;&#x73;i&#107;&#x2e;d&#101;\">&#83;&#x56;&#64;&#117;&#x6e;&#102;&#x61;l&#108;&#x66;o&#x72;&#x65;&#110;&#x73;i&#107;&#x2e;d&#x65;<\/a><br \/>\n<b>Telefon:<\/b> 040-8060726-10<br \/>\n<b>Fax:<\/b> 040-8060726-26<\/p>\n<p><b>Post- Adresse:<\/b><br \/>\nIFU-Hamburg Institut f\u00fcr Unfallanalysen<br \/>\nDiplom-Physiker Ingenieure Weber PartG<br \/>\nOberaltenallee 16<br \/>\n22081 Hamburg<br \/>\nGermany<\/p>\n<p>Wie Sie zu uns finden und wo Sie leicht parken k\u00f6nnen, finden Sie <a href=\"https:\/\/unfallanalyse.hamburg\/index.php\/kontakt\/anfahrt-parken\/\">hier<\/a>.<\/p>\n<p>F\u00fcr die Inhaber und Mitarbeiter der IFU-Hamburg besteht eine Betriebs- und Verm\u00f6gensschaden-Haftpflichtversicherung bei der<br \/>\nZurich Insurance plc<br \/>\nNiederlassung f\u00fcr Deutschland<br \/>\n53287 Bonn<\/p>\n<p><b>Haftungsauschluss:<\/b><br \/>\nIFU-Hamburg \u00fcbernimmt keine Haftung f\u00fcr die Aktualit\u00e4t, Richtigkeit und Vollst\u00e4ndigkeit der auf dieser Website bereitgestellten Informationen. Gleiches gilt auch f\u00fcr die Inhalte externer Websites, auf die diese Site \u00fcber Hyperlinks direkt oder indirekt verweist und auf die IFU-Hamburg keinen Einfluss hat.<br \/>\nInhaltlich verantwortlich: <i>Dr.-Ing.<\/i> Jan-Cord Rodenberg<br \/>\nAlle Inhalte sind urheberrechtlich gesch\u00fctzt.<\/p>\n","protected":false},"excerpt":{"rendered":"<p>Kontakt &amp; Impressum IFU-Hamburg Institut f\u00fcr Unfallanalysen Diplom-Physiker Ingenieure Weber PartG Die Partnerschaftsgesellschaft wird im Handelsregister beim Amtsgericht Hamburg unter der Handelsregister-Nummer PR 1068 gef\u00fchrt. USt-ID: DE 306 046 772 Steuernummer: 43\/632\/02425 Finanzamt Hamburg Barmbek-Uhlenhorst Partner: Dipl.-Ing. Thomas Schatz Dipl.-Phys. Martin Windisch, M. Eng. Dr.-Ing. Jan-Cord Rodenberg Dipl.-Ing. Ercan Senatli Kontakt: Email: &#x53;&#x56;&#64;&#117;&#110;f&#x61;&#x6c;&#x6c;&#102;&#111;re&#x6e;&#x73;&#x69;&#107;&#46;d&#x65; Telefon: 040-8060726-10 &hellip; <\/p>\n<p><a class=\"more-link block-button\" href=\"https:\/\/unfallanalyse.hamburg\/?page_id=973\">Weiter lesen &raquo;<\/a><\/p>\n","protected":false},"author":2,"featured_media":0,"parent":36,"menu_order":0,"comment_status":"closed","ping_status":"closed","template":"","meta":{"footnotes":""},"class_list":["post-973","page","type-page","status-publish","hentry","nodate"],"_links":{"self":[{"href":"https:\/\/unfallanalyse.hamburg\/index.php?rest_route=\/wp\/v2\/pages\/973","targetHints":{"allow":["GET"]}}],"collection":[{"href":"https:\/\/unfallanalyse.hamburg\/index.php?rest_route=\/wp\/v2\/pages"}],"about":[{"href":"https:\/\/unfallanalyse.hamburg\/index.php?rest_route=\/wp\/v2\/types\/page"}],"author":[{"embeddable":true,"href":"https:\/\/unfallanalyse.hamburg\/index.php?rest_route=\/wp\/v2\/users\/2"}],"replies":[{"embeddable":true,"href":"https:\/\/unfallanalyse.hamburg\/index.php?rest_route=%2Fwp%2Fv2%2Fcomments&post=973"}],"version-history":[{"count":9,"href":"https:\/\/unfallanalyse.hamburg\/index.php?rest_route=\/wp\/v2\/pages\/973\/revisions"}],"predecessor-version":[{"id":1535,"href":"https:\/\/unfallanalyse.hamburg\/index.php?rest_route=\/wp\/v2\/pages\/973\/revisions\/1535"}],"up":[{"embeddable":true,"href":"https:\/\/unfallanalyse.hamburg\/index.php?rest_route=\/wp\/v2\/pages\/36"}],"wp:attachment":[{"href":"https:\/\/unfallanalyse.hamburg\/index.php?rest_route=%2Fwp%2Fv2%2Fmedia&parent=973"}],"curies":[{"name":"wp","href":"https:\/\/api.w.org\/{rel}","templated":true}]}}